{"id":768,"date":"2025-03-14T09:09:42","date_gmt":"2025-03-14T08:09:42","guid":{"rendered":"https:\/\/bluetek.pl\/?post_type=product&#038;p=768"},"modified":"2025-10-20T08:40:49","modified_gmt":"2025-10-20T06:40:49","slug":"zkteco-iclock-s880","status":"publish","type":"product","link":"https:\/\/bluetek.pl\/index.php\/produkt\/zkteco-iclock-s880\/","title":{"rendered":"ZKTeco iClock S880"},"content":{"rendered":"<h3>Urz\u0105dzenie wykonuje zdj\u0119cie pracownika<\/h3>\n<p>Model S880 to obecnie jeden z niewielu rejestrator\u00f3w zapewniaj\u0105cych funkcjonalno\u015b\u0107 PHOTO ID czyli rejestrowanie zdj\u0119cia osoby wykonuj\u0105cej odbicie.<\/p>\n<p>Ta pozycja w naszej ofercie jest skierowana do firm kt\u00f3re wymagaj\u0105 funkcji PHOTO ID i chc\u0105 uzyska\u0107 \u0142atwy dost\u0119p do zdj\u0119\u0107 pracownik\u00f3w.<\/p>\n<h3>Dost\u0119pne metody autoryzacji<\/h3>\n<p>S880 autoryzuje pracownika na podstawie karty RFID 125kHz lub kodu PIN.<\/p>\n<p>Samo urz\u0105dzenie jest wykonane z najwy\u017cszej jako\u015bci materia\u0142\u00f3w, du\u017cy jasny i wyra\u017any ekran 3,5&#8243; doskonale prezentuje si\u0119 na \u015bcianie i jest funkcjonalny.<\/p>\n<h3>Komunikacja<\/h3>\n<p>Ten model posiada po\u0142\u0105czenia LAN oraz WIFI (2.4GHz) oraz wspiera prace zdaln\u0105 P2P w trybie PUSH dzi\u0119ki czemu mo\u017cna odczytywa\u0107 z niego odbicia zdalne oraz wysy\u0142a\u0107 do niego pracownik\u00f3w w zdalnej lokalizacji.<\/p>\n<h3>Klawisze funkcyjne<\/h3>\n<p>Po bokach ekranu s\u0105 umieszczone przyciski F1-F8 umo\u017cliwiaj\u0105ce \u0142atwy wyb\u00f3r typu zdarzenia, dzi\u0119ki czemu urz\u0105dzenie nadaj\u0119 si\u0119 do rejestracji zmian nocnych i wyj\u015b\u0107 s\u0142u\u017cbowych.<\/p>\n<h3>Mo\u017cliwo\u015b\u0107 kwalifikacji godzin z podzia\u0142em na projekty<\/h3>\n<p>Urz\u0105dzenie ma mo\u017cliwo\u015b\u0107 wyboru kodu pracy z listy zdefiniowanych kod\u00f3w, dzi\u0119ki temu mo\u017cliwe jest wygenerowanie raportu godzin pracy z podzia\u0142em na projekty lub centra kosztowe.<\/p>\n<p>Producent dostarcza wraz z rejestratorem oprogramowanie RCP, jednak ze wzgl\u0119du na wady (brak j\u0119zyka polskiego, trudna i skomplikowana obs\u0142uga, s\u0142abe raportowanie) tego oprogramowania zalecamy prac\u0119 urz\u0105dzenia z <a href=\"https:\/\/bluetek.pl\/index.php\/produkt\/program-report\/\">programem Report<\/a> kt\u00f3ry r\u00f3wnie\u017c wspiera funkcje PHOTO ID jak r\u00f3wnie\u017c wspiera prac\u0119 nocn\u0105.<\/p>\n","protected":false},"excerpt":{"rendered":"<p>Rejestrator wykonuj\u0105cy zdj\u0119cia pracownik\u00f3w w celu weryfikacji to\u017csamo\u015bci. Teraz z menu w j. Polskim!<\/p>\n","protected":false},"featured_media":770,"comment_status":"open","ping_status":"closed","template":"","meta":[],"yoast_head":"<!-- This site is optimized with the Yoast SEO plugin v19.9 - https:\/\/yoast.com\/wordpress\/plugins\/seo\/ -->\n<title>ZKTeco iClock S880 - Systemy Rejestracji Czasu Pracy<\/title>\n<meta name=\"robots\" content=\"index, follow, max-snippet:-1, max-image-preview:large, max-video-preview:-1\" \/>\n<link rel=\"canonical\" href=\"https:\/\/bluetek.pl\/index.php\/produkt\/zkteco-iclock-s880\/\" \/>\n<meta property=\"og:locale\" content=\"pl_PL\" \/>\n<meta property=\"og:type\" content=\"article\" \/>\n<meta property=\"og:title\" content=\"ZKTeco iClock S880 - Systemy Rejestracji Czasu Pracy\" \/>\n<meta property=\"og:description\" content=\"Rejestrator wykonuj\u0105cy zdj\u0119cia pracownik\u00f3w w celu weryfikacji to\u017csamo\u015bci. Teraz z menu w j. Polskim!\" \/>\n<meta property=\"og:url\" content=\"https:\/\/bluetek.pl\/index.php\/produkt\/zkteco-iclock-s880\/\" \/>\n<meta property=\"og:site_name\" content=\"Systemy Rejestracji Czasu Pracy\" \/>\n<meta property=\"article:modified_time\" content=\"2025-10-20T06:40:49+00:00\" \/>\n<meta property=\"og:image\" content=\"https:\/\/bluetek.pl\/wp-content\/uploads\/2025\/03\/front3.jpg\" \/>\n\t<meta property=\"og:image:width\" content=\"1740\" \/>\n\t<meta property=\"og:image:height\" content=\"979\" \/>\n\t<meta property=\"og:image:type\" content=\"image\/jpeg\" \/>\n<meta name=\"twitter:card\" content=\"summary_large_image\" \/>\n<meta name=\"twitter:label1\" content=\"Szacowany czas czytania\" \/>\n\t<meta name=\"twitter:data1\" content=\"2 minuty\" \/>\n<script type=\"application\/ld+json\" class=\"yoast-schema-graph\">{\"@context\":\"https:\/\/schema.org\",\"@graph\":[{\"@type\":\"WebPage\",\"@id\":\"https:\/\/bluetek.pl\/index.php\/produkt\/zkteco-iclock-s880\/\",\"url\":\"https:\/\/bluetek.pl\/index.php\/produkt\/zkteco-iclock-s880\/\",\"name\":\"ZKTeco iClock S880 - Systemy Rejestracji Czasu Pracy\",\"isPartOf\":{\"@id\":\"https:\/\/bluetek.pl\/#website\"},\"datePublished\":\"2025-03-14T08:09:42+00:00\",\"dateModified\":\"2025-10-20T06:40:49+00:00\",\"breadcrumb\":{\"@id\":\"https:\/\/bluetek.pl\/index.php\/produkt\/zkteco-iclock-s880\/#breadcrumb\"},\"inLanguage\":\"pl-PL\",\"potentialAction\":[{\"@type\":\"ReadAction\",\"target\":[\"https:\/\/bluetek.pl\/index.php\/produkt\/zkteco-iclock-s880\/\"]}]},{\"@type\":\"BreadcrumbList\",\"@id\":\"https:\/\/bluetek.pl\/index.php\/produkt\/zkteco-iclock-s880\/#breadcrumb\",\"itemListElement\":[{\"@type\":\"ListItem\",\"position\":1,\"name\":\"Strona g\u0142\u00f3wna\",\"item\":\"https:\/\/bluetek.pl\/\"},{\"@type\":\"ListItem\",\"position\":2,\"name\":\"Systemy RCP dla Twojej firmy\",\"item\":\"https:\/\/bluetek.pl\/\"},{\"@type\":\"ListItem\",\"position\":3,\"name\":\"ZKTeco iClock S880\"}]},{\"@type\":\"WebSite\",\"@id\":\"https:\/\/bluetek.pl\/#website\",\"url\":\"https:\/\/bluetek.pl\/\",\"name\":\"Systemy Rejestracji Czasu Pracy\",\"description\":\"Czas si\u0119 liczy!\",\"publisher\":{\"@id\":\"https:\/\/bluetek.pl\/#organization\"},\"potentialAction\":[{\"@type\":\"SearchAction\",\"target\":{\"@type\":\"EntryPoint\",\"urlTemplate\":\"https:\/\/bluetek.pl\/?s={search_term_string}\"},\"query-input\":\"required name=search_term_string\"}],\"inLanguage\":\"pl-PL\"},{\"@type\":\"Organization\",\"@id\":\"https:\/\/bluetek.pl\/#organization\",\"name\":\"BLUETEK Miros\u0142aw Ksi\u0119\u017cyk\",\"url\":\"https:\/\/bluetek.pl\/\",\"logo\":{\"@type\":\"ImageObject\",\"inLanguage\":\"pl-PL\",\"@id\":\"https:\/\/bluetek.pl\/#\/schema\/logo\/image\/\",\"url\":\"https:\/\/bluetek.pl\/wp-content\/uploads\/2021\/04\/2018logo_250.png\",\"contentUrl\":\"https:\/\/bluetek.pl\/wp-content\/uploads\/2021\/04\/2018logo_250.png\",\"width\":250,\"height\":250,\"caption\":\"BLUETEK Miros\u0142aw Ksi\u0119\u017cyk\"},\"image\":{\"@id\":\"https:\/\/bluetek.pl\/#\/schema\/logo\/image\/\"}}]}<\/script>\n<!-- \/ Yoast SEO plugin. -->","yoast_head_json":{"title":"ZKTeco iClock S880 - Systemy Rejestracji Czasu Pracy","robots":{"index":"index","follow":"follow","max-snippet":"max-snippet:-1","max-image-preview":"max-image-preview:large","max-video-preview":"max-video-preview:-1"},"canonical":"https:\/\/bluetek.pl\/index.php\/produkt\/zkteco-iclock-s880\/","og_locale":"pl_PL","og_type":"article","og_title":"ZKTeco iClock S880 - Systemy Rejestracji Czasu Pracy","og_description":"Rejestrator wykonuj\u0105cy zdj\u0119cia pracownik\u00f3w w celu weryfikacji to\u017csamo\u015bci. Teraz z menu w j. Polskim!","og_url":"https:\/\/bluetek.pl\/index.php\/produkt\/zkteco-iclock-s880\/","og_site_name":"Systemy Rejestracji Czasu Pracy","article_modified_time":"2025-10-20T06:40:49+00:00","og_image":[{"width":1740,"height":979,"url":"https:\/\/bluetek.pl\/wp-content\/uploads\/2025\/03\/front3.jpg","type":"image\/jpeg"}],"twitter_card":"summary_large_image","twitter_misc":{"Szacowany czas czytania":"2 minuty"},"schema":{"@context":"https:\/\/schema.org","@graph":[{"@type":"WebPage","@id":"https:\/\/bluetek.pl\/index.php\/produkt\/zkteco-iclock-s880\/","url":"https:\/\/bluetek.pl\/index.php\/produkt\/zkteco-iclock-s880\/","name":"ZKTeco iClock S880 - Systemy Rejestracji Czasu Pracy","isPartOf":{"@id":"https:\/\/bluetek.pl\/#website"},"datePublished":"2025-03-14T08:09:42+00:00","dateModified":"2025-10-20T06:40:49+00:00","breadcrumb":{"@id":"https:\/\/bluetek.pl\/index.php\/produkt\/zkteco-iclock-s880\/#breadcrumb"},"inLanguage":"pl-PL","potentialAction":[{"@type":"ReadAction","target":["https:\/\/bluetek.pl\/index.php\/produkt\/zkteco-iclock-s880\/"]}]},{"@type":"BreadcrumbList","@id":"https:\/\/bluetek.pl\/index.php\/produkt\/zkteco-iclock-s880\/#breadcrumb","itemListElement":[{"@type":"ListItem","position":1,"name":"Strona g\u0142\u00f3wna","item":"https:\/\/bluetek.pl\/"},{"@type":"ListItem","position":2,"name":"Systemy RCP dla Twojej firmy","item":"https:\/\/bluetek.pl\/"},{"@type":"ListItem","position":3,"name":"ZKTeco iClock S880"}]},{"@type":"WebSite","@id":"https:\/\/bluetek.pl\/#website","url":"https:\/\/bluetek.pl\/","name":"Systemy Rejestracji Czasu Pracy","description":"Czas si\u0119 liczy!","publisher":{"@id":"https:\/\/bluetek.pl\/#organization"},"potentialAction":[{"@type":"SearchAction","target":{"@type":"EntryPoint","urlTemplate":"https:\/\/bluetek.pl\/?s={search_term_string}"},"query-input":"required name=search_term_string"}],"inLanguage":"pl-PL"},{"@type":"Organization","@id":"https:\/\/bluetek.pl\/#organization","name":"BLUETEK Miros\u0142aw Ksi\u0119\u017cyk","url":"https:\/\/bluetek.pl\/","logo":{"@type":"ImageObject","inLanguage":"pl-PL","@id":"https:\/\/bluetek.pl\/#\/schema\/logo\/image\/","url":"https:\/\/bluetek.pl\/wp-content\/uploads\/2021\/04\/2018logo_250.png","contentUrl":"https:\/\/bluetek.pl\/wp-content\/uploads\/2021\/04\/2018logo_250.png","width":250,"height":250,"caption":"BLUETEK Miros\u0142aw Ksi\u0119\u017cyk"},"image":{"@id":"https:\/\/bluetek.pl\/#\/schema\/logo\/image\/"}}]}},"_links":{"self":[{"href":"https:\/\/bluetek.pl\/index.php\/wp-json\/wp\/v2\/product\/768"}],"collection":[{"href":"https:\/\/bluetek.pl\/index.php\/wp-json\/wp\/v2\/product"}],"about":[{"href":"https:\/\/bluetek.pl\/index.php\/wp-json\/wp\/v2\/types\/product"}],"replies":[{"embeddable":true,"href":"https:\/\/bluetek.pl\/index.php\/wp-json\/wp\/v2\/comments?post=768"}],"wp:featuredmedia":[{"embeddable":true,"href":"https:\/\/bluetek.pl\/index.php\/wp-json\/wp\/v2\/media\/770"}],"wp:attachment":[{"href":"https:\/\/bluetek.pl\/index.php\/wp-json\/wp\/v2\/media?parent=768"}],"curies":[{"name":"wp","href":"https:\/\/api.w.org\/{rel}","templated":true}]}}