{"id":655,"date":"2024-08-07T21:40:21","date_gmt":"2024-08-07T19:40:21","guid":{"rendered":"https:\/\/bluetek.pl\/?post_type=product&#038;p=655"},"modified":"2024-08-22T12:02:20","modified_gmt":"2024-08-22T10:02:20","slug":"karta-nfc-wirtualny-rcp","status":"publish","type":"product","link":"https:\/\/bluetek.pl\/index.php\/produkt\/karta-nfc-wirtualny-rcp\/","title":{"rendered":"Karta NFC wirtualny RCP"},"content":{"rendered":"<p>Dzia\u0142a z programem Report Pro.<br \/>\nKart\u0119 mo\u017cna wykorzysta\u0107 na dwa sposoby:<\/p>\n<h3>Karta jako rejestrator systemu czasu pracy<\/h3>\n<p>W tym trybie kart\u0119 instalujemy na \u015bcianie przy pomocy do\u0142\u0105czonej ta\u015bmy dwustronnej.<\/p>\n<p style=\"text-align: center;\"><img decoding=\"async\" loading=\"lazy\" class=\"size-medium wp-image-653 aligncenter\" src=\"https:\/\/bluetek.pl\/wp-content\/uploads\/2024\/07\/System_Report_na_kartach_NFC-300x225.jpg\" alt=\"\" width=\"300\" height=\"225\" srcset=\"https:\/\/bluetek.pl\/wp-content\/uploads\/2024\/07\/System_Report_na_kartach_NFC-300x225.jpg 300w, https:\/\/bluetek.pl\/wp-content\/uploads\/2024\/07\/System_Report_na_kartach_NFC-1024x768.jpg 1024w, https:\/\/bluetek.pl\/wp-content\/uploads\/2024\/07\/System_Report_na_kartach_NFC-768x576.jpg 768w, https:\/\/bluetek.pl\/wp-content\/uploads\/2024\/07\/System_Report_na_kartach_NFC-1536x1152.jpg 1536w, https:\/\/bluetek.pl\/wp-content\/uploads\/2024\/07\/System_Report_na_kartach_NFC-2048x1536.jpg 2048w, https:\/\/bluetek.pl\/wp-content\/uploads\/2024\/07\/System_Report_na_kartach_NFC-416x312.jpg 416w\" sizes=\"(max-width: 300px) 100vw, 300px\" \/><\/p>\n<p>Pracownik mo\u017ce wykonywa\u0107 odbicia RCP przez przy\u0142o\u017cenie swojego telefonu do karty.<br \/>\nWymagany jest telefon z funkcj\u0105 NFC, dzia\u0142a na telefonach z systemem Android oraz IOS (Apple).<br \/>\nNie wymaga instalacji \u017cadnego oprogramowania na telefonie.<a href=\"https:\/\/bluetek.pl\/wp-content\/uploads\/2024\/07\/VRCP_app-1.jpg\"><img decoding=\"async\" loading=\"lazy\" class=\"aligncenter wp-image-662 size-medium\" src=\"https:\/\/bluetek.pl\/wp-content\/uploads\/2024\/07\/VRCP_app-1-148x300.jpg\" alt=\"\" width=\"148\" height=\"300\" srcset=\"https:\/\/bluetek.pl\/wp-content\/uploads\/2024\/07\/VRCP_app-1-148x300.jpg 148w, https:\/\/bluetek.pl\/wp-content\/uploads\/2024\/07\/VRCP_app-1.jpg 380w\" sizes=\"(max-width: 148px) 100vw, 148px\" \/><\/a><\/p>\n<p>Przyk\u0142ad zastosowania:<\/p>\n<blockquote><p>Firma posiada 100+ punkt\u00f3w sprzeda\u017cy, oraz kilku kierownik\u00f3w regionalnych kt\u00f3rych zadaniem jest okresowa kontrola punkt\u00f3w sprzeda\u017cy<br \/>\nZakup, instalacja oraz utrzymanie kilkudziesi\u0119ciu rejestrator\u00f3w czasu pracy jest ekonomicznie nie uzasadniona.<br \/>\nWystarczy wyposa\u017cy\u0107 pracownik\u00f3w w telefony z funkcja NFC oraz w ka\u017cdym oddziale umie\u015bci\u0107 kart\u0119 RCP\/NFC.<\/p><\/blockquote>\n<h3>Karta jako identyfikator pracownika<\/h3>\n<p>W tym trybie ka\u017cdy pracownik ma swoj\u0105 kart\u0119 i mog\u0105 wykonywa\u0107 odbicia RCP przez przy\u0142o\u017cenie jej do telefonu z funkcj\u0105 NFC.<\/p>\n<p>&nbsp;<\/p>\n<p><a href=\"https:\/\/bluetek.pl\/wp-content\/uploads\/2024\/07\/VRCP_zdjecie_emu.jpg\"><img decoding=\"async\" loading=\"lazy\" class=\"aligncenter wp-image-661 size-medium\" src=\"https:\/\/bluetek.pl\/wp-content\/uploads\/2024\/07\/VRCP_zdjecie_emu-142x300.jpg\" alt=\"\" width=\"142\" height=\"300\" srcset=\"https:\/\/bluetek.pl\/wp-content\/uploads\/2024\/07\/VRCP_zdjecie_emu-142x300.jpg 142w, https:\/\/bluetek.pl\/wp-content\/uploads\/2024\/07\/VRCP_zdjecie_emu-484x1024.jpg 484w, https:\/\/bluetek.pl\/wp-content\/uploads\/2024\/07\/VRCP_zdjecie_emu-416x880.jpg 416w, https:\/\/bluetek.pl\/wp-content\/uploads\/2024\/07\/VRCP_zdjecie_emu.jpg 514w\" sizes=\"(max-width: 142px) 100vw, 142px\" \/><\/a><\/p>\n<p>Przyk\u0142ad zastosowania:<\/p>\n<blockquote><p>Ekipa remontowa wykonuje prace poza siedzib\u0105 firmy.<br \/>\nKa\u017cdy pracownik\u00f3w posiada swoj\u0105 kart\u0119 RCP\/NFC.<br \/>\nPracownicy wykonuj\u0105 odbicia RCP przez przy\u0142o\u017cenie swojej karty do telefony brygadzisty.<\/p><\/blockquote>\n<p>&nbsp;<\/p>\n<p>&nbsp;<\/p>\n","protected":false},"excerpt":{"rendered":"<p>Karta mo\u017ce s\u0142u\u017cy\u0107 jako wirtualny rejestrator przy wsp\u00f3\u0142pracy z programem Report<\/p>\n","protected":false},"featured_media":656,"comment_status":"open","ping_status":"closed","template":"","meta":[],"yoast_head":"<!-- This site is optimized with the Yoast SEO plugin v19.9 - https:\/\/yoast.com\/wordpress\/plugins\/seo\/ -->\n<title>Karta NFC wirtualny RCP - Systemy Rejestracji Czasu Pracy<\/title>\n<meta name=\"robots\" content=\"index, follow, max-snippet:-1, max-image-preview:large, max-video-preview:-1\" \/>\n<link rel=\"canonical\" href=\"https:\/\/bluetek.pl\/index.php\/produkt\/karta-nfc-wirtualny-rcp\/\" \/>\n<meta property=\"og:locale\" content=\"pl_PL\" \/>\n<meta property=\"og:type\" content=\"article\" \/>\n<meta property=\"og:title\" content=\"Karta NFC wirtualny RCP - Systemy Rejestracji Czasu Pracy\" \/>\n<meta property=\"og:description\" content=\"Karta mo\u017ce s\u0142u\u017cy\u0107 jako wirtualny rejestrator przy wsp\u00f3\u0142pracy z programem Report\" \/>\n<meta property=\"og:url\" content=\"https:\/\/bluetek.pl\/index.php\/produkt\/karta-nfc-wirtualny-rcp\/\" \/>\n<meta property=\"og:site_name\" content=\"Systemy Rejestracji Czasu Pracy\" \/>\n<meta property=\"article:modified_time\" content=\"2024-08-22T10:02:20+00:00\" \/>\n<meta property=\"og:image\" content=\"https:\/\/bluetek.pl\/wp-content\/uploads\/2024\/08\/20240807_211732.jpg\" \/>\n\t<meta property=\"og:image:width\" content=\"1063\" \/>\n\t<meta property=\"og:image:height\" content=\"1642\" \/>\n\t<meta property=\"og:image:type\" content=\"image\/jpeg\" \/>\n<meta name=\"twitter:card\" content=\"summary_large_image\" \/>\n<meta name=\"twitter:label1\" content=\"Szacowany czas czytania\" \/>\n\t<meta name=\"twitter:data1\" content=\"2 minuty\" \/>\n<script type=\"application\/ld+json\" class=\"yoast-schema-graph\">{\"@context\":\"https:\/\/schema.org\",\"@graph\":[{\"@type\":\"WebPage\",\"@id\":\"https:\/\/bluetek.pl\/index.php\/produkt\/karta-nfc-wirtualny-rcp\/\",\"url\":\"https:\/\/bluetek.pl\/index.php\/produkt\/karta-nfc-wirtualny-rcp\/\",\"name\":\"Karta NFC wirtualny RCP - Systemy Rejestracji Czasu Pracy\",\"isPartOf\":{\"@id\":\"https:\/\/bluetek.pl\/#website\"},\"datePublished\":\"2024-08-07T19:40:21+00:00\",\"dateModified\":\"2024-08-22T10:02:20+00:00\",\"breadcrumb\":{\"@id\":\"https:\/\/bluetek.pl\/index.php\/produkt\/karta-nfc-wirtualny-rcp\/#breadcrumb\"},\"inLanguage\":\"pl-PL\",\"potentialAction\":[{\"@type\":\"ReadAction\",\"target\":[\"https:\/\/bluetek.pl\/index.php\/produkt\/karta-nfc-wirtualny-rcp\/\"]}]},{\"@type\":\"BreadcrumbList\",\"@id\":\"https:\/\/bluetek.pl\/index.php\/produkt\/karta-nfc-wirtualny-rcp\/#breadcrumb\",\"itemListElement\":[{\"@type\":\"ListItem\",\"position\":1,\"name\":\"Strona g\u0142\u00f3wna\",\"item\":\"https:\/\/bluetek.pl\/\"},{\"@type\":\"ListItem\",\"position\":2,\"name\":\"Systemy RCP dla Twojej firmy\",\"item\":\"https:\/\/bluetek.pl\/\"},{\"@type\":\"ListItem\",\"position\":3,\"name\":\"Karta NFC wirtualny RCP\"}]},{\"@type\":\"WebSite\",\"@id\":\"https:\/\/bluetek.pl\/#website\",\"url\":\"https:\/\/bluetek.pl\/\",\"name\":\"Systemy Rejestracji Czasu Pracy\",\"description\":\"Czas si\u0119 liczy!\",\"publisher\":{\"@id\":\"https:\/\/bluetek.pl\/#organization\"},\"potentialAction\":[{\"@type\":\"SearchAction\",\"target\":{\"@type\":\"EntryPoint\",\"urlTemplate\":\"https:\/\/bluetek.pl\/?s={search_term_string}\"},\"query-input\":\"required name=search_term_string\"}],\"inLanguage\":\"pl-PL\"},{\"@type\":\"Organization\",\"@id\":\"https:\/\/bluetek.pl\/#organization\",\"name\":\"BLUETEK Miros\u0142aw Ksi\u0119\u017cyk\",\"url\":\"https:\/\/bluetek.pl\/\",\"logo\":{\"@type\":\"ImageObject\",\"inLanguage\":\"pl-PL\",\"@id\":\"https:\/\/bluetek.pl\/#\/schema\/logo\/image\/\",\"url\":\"https:\/\/bluetek.pl\/wp-content\/uploads\/2021\/04\/2018logo_250.png\",\"contentUrl\":\"https:\/\/bluetek.pl\/wp-content\/uploads\/2021\/04\/2018logo_250.png\",\"width\":250,\"height\":250,\"caption\":\"BLUETEK Miros\u0142aw Ksi\u0119\u017cyk\"},\"image\":{\"@id\":\"https:\/\/bluetek.pl\/#\/schema\/logo\/image\/\"}}]}<\/script>\n<!-- \/ Yoast SEO plugin. -->","yoast_head_json":{"title":"Karta NFC wirtualny RCP - Systemy Rejestracji Czasu Pracy","robots":{"index":"index","follow":"follow","max-snippet":"max-snippet:-1","max-image-preview":"max-image-preview:large","max-video-preview":"max-video-preview:-1"},"canonical":"https:\/\/bluetek.pl\/index.php\/produkt\/karta-nfc-wirtualny-rcp\/","og_locale":"pl_PL","og_type":"article","og_title":"Karta NFC wirtualny RCP - Systemy Rejestracji Czasu Pracy","og_description":"Karta mo\u017ce s\u0142u\u017cy\u0107 jako wirtualny rejestrator przy wsp\u00f3\u0142pracy z programem Report","og_url":"https:\/\/bluetek.pl\/index.php\/produkt\/karta-nfc-wirtualny-rcp\/","og_site_name":"Systemy Rejestracji Czasu Pracy","article_modified_time":"2024-08-22T10:02:20+00:00","og_image":[{"width":1063,"height":1642,"url":"https:\/\/bluetek.pl\/wp-content\/uploads\/2024\/08\/20240807_211732.jpg","type":"image\/jpeg"}],"twitter_card":"summary_large_image","twitter_misc":{"Szacowany czas czytania":"2 minuty"},"schema":{"@context":"https:\/\/schema.org","@graph":[{"@type":"WebPage","@id":"https:\/\/bluetek.pl\/index.php\/produkt\/karta-nfc-wirtualny-rcp\/","url":"https:\/\/bluetek.pl\/index.php\/produkt\/karta-nfc-wirtualny-rcp\/","name":"Karta NFC wirtualny RCP - Systemy Rejestracji Czasu Pracy","isPartOf":{"@id":"https:\/\/bluetek.pl\/#website"},"datePublished":"2024-08-07T19:40:21+00:00","dateModified":"2024-08-22T10:02:20+00:00","breadcrumb":{"@id":"https:\/\/bluetek.pl\/index.php\/produkt\/karta-nfc-wirtualny-rcp\/#breadcrumb"},"inLanguage":"pl-PL","potentialAction":[{"@type":"ReadAction","target":["https:\/\/bluetek.pl\/index.php\/produkt\/karta-nfc-wirtualny-rcp\/"]}]},{"@type":"BreadcrumbList","@id":"https:\/\/bluetek.pl\/index.php\/produkt\/karta-nfc-wirtualny-rcp\/#breadcrumb","itemListElement":[{"@type":"ListItem","position":1,"name":"Strona g\u0142\u00f3wna","item":"https:\/\/bluetek.pl\/"},{"@type":"ListItem","position":2,"name":"Systemy RCP dla Twojej firmy","item":"https:\/\/bluetek.pl\/"},{"@type":"ListItem","position":3,"name":"Karta NFC wirtualny RCP"}]},{"@type":"WebSite","@id":"https:\/\/bluetek.pl\/#website","url":"https:\/\/bluetek.pl\/","name":"Systemy Rejestracji Czasu Pracy","description":"Czas si\u0119 liczy!","publisher":{"@id":"https:\/\/bluetek.pl\/#organization"},"potentialAction":[{"@type":"SearchAction","target":{"@type":"EntryPoint","urlTemplate":"https:\/\/bluetek.pl\/?s={search_term_string}"},"query-input":"required name=search_term_string"}],"inLanguage":"pl-PL"},{"@type":"Organization","@id":"https:\/\/bluetek.pl\/#organization","name":"BLUETEK Miros\u0142aw Ksi\u0119\u017cyk","url":"https:\/\/bluetek.pl\/","logo":{"@type":"ImageObject","inLanguage":"pl-PL","@id":"https:\/\/bluetek.pl\/#\/schema\/logo\/image\/","url":"https:\/\/bluetek.pl\/wp-content\/uploads\/2021\/04\/2018logo_250.png","contentUrl":"https:\/\/bluetek.pl\/wp-content\/uploads\/2021\/04\/2018logo_250.png","width":250,"height":250,"caption":"BLUETEK Miros\u0142aw Ksi\u0119\u017cyk"},"image":{"@id":"https:\/\/bluetek.pl\/#\/schema\/logo\/image\/"}}]}},"_links":{"self":[{"href":"https:\/\/bluetek.pl\/index.php\/wp-json\/wp\/v2\/product\/655"}],"collection":[{"href":"https:\/\/bluetek.pl\/index.php\/wp-json\/wp\/v2\/product"}],"about":[{"href":"https:\/\/bluetek.pl\/index.php\/wp-json\/wp\/v2\/types\/product"}],"replies":[{"embeddable":true,"href":"https:\/\/bluetek.pl\/index.php\/wp-json\/wp\/v2\/comments?post=655"}],"wp:featuredmedia":[{"embeddable":true,"href":"https:\/\/bluetek.pl\/index.php\/wp-json\/wp\/v2\/media\/656"}],"wp:attachment":[{"href":"https:\/\/bluetek.pl\/index.php\/wp-json\/wp\/v2\/media?parent=655"}],"curies":[{"name":"wp","href":"https:\/\/api.w.org\/{rel}","templated":true}]}}