{"id":642,"date":"2024-07-09T11:03:03","date_gmt":"2024-07-09T09:03:03","guid":{"rendered":"https:\/\/bluetek.pl\/?post_type=product&#038;p=642"},"modified":"2024-08-22T11:59:56","modified_gmt":"2024-08-22T09:59:56","slug":"aplikacja-rcp-na-telefon","status":"publish","type":"product","link":"https:\/\/bluetek.pl\/index.php\/produkt\/aplikacja-rcp-na-telefon\/","title":{"rendered":"Aplikacja RCP na telefon"},"content":{"rendered":"<p><img decoding=\"async\" loading=\"lazy\" class=\"size-medium wp-image-645 alignright\" src=\"https:\/\/bluetek.pl\/wp-content\/uploads\/2024\/07\/Zrzut-ekranu-2024-07-9-o-11.10.42-300x245.png\" alt=\"\" width=\"300\" height=\"245\" srcset=\"https:\/\/bluetek.pl\/wp-content\/uploads\/2024\/07\/Zrzut-ekranu-2024-07-9-o-11.10.42-300x245.png 300w, https:\/\/bluetek.pl\/wp-content\/uploads\/2024\/07\/Zrzut-ekranu-2024-07-9-o-11.10.42-416x340.png 416w, https:\/\/bluetek.pl\/wp-content\/uploads\/2024\/07\/Zrzut-ekranu-2024-07-9-o-11.10.42.png 671w\" sizes=\"(max-width: 300px) 100vw, 300px\" \/>Aplikacja wykonana w technologii PWA jest zgodna z telefonami opartymi o system <strong>Iphone IOS<\/strong> oraz <strong>Android<\/strong>.<br \/>\nDla wygody u\u017cytkownika zalecamy instalacje skr\u00f3tu do aplikacji na telefonie, wtedy dost\u0119p do niej jest mo\u017cliwy przez ikon\u0119 na pulpicie telefonu.<\/p>\n<p>Je\u015bli zdarzenia maj\u0105 zawiera\u0107 rownie\u017c lokalizacje telefonu to wymagane jest udzielenie stronie rcp.bluetek.pl dost\u0119pu do lokalizacji GPS. Bez tego uprawnienia zdarzenia b\u0119d\u0105 rejestrowane bez dok\u0142adnej lokalizacji. Lokalizacja jest zapisywana w formie: Nazwa ulicy, numer domu, miasto.<\/p>\n<p>Dzia\u0142a r\u00f3wnie\u017c na komputerach przez dowoln\u0105 przegl\u0105dark\u0119 np. Chrome browser.<br \/>\nMo\u017cesz sprawdzi\u0107 jak wygl\u0105da <a href=\"https:\/\/rcp.bluetek.pl\/app\/kowal.adam@company.pl\/2687\/1\">ekran zg\u0142aszania zdarze\u0144<\/a> wpisuj\u0105c login kowal.adam@company.pl oraz PIN 2687<\/p>\n<p style=\"text-align: center;\"><img decoding=\"async\" loading=\"lazy\" class=\"aligncenter wp-image-646 size-large\" src=\"https:\/\/bluetek.pl\/wp-content\/uploads\/2024\/07\/Zrzut-ekranu-2024-07-9-o-16.12.22-1024x481.png\" alt=\"\" width=\"980\" height=\"460\" srcset=\"https:\/\/bluetek.pl\/wp-content\/uploads\/2024\/07\/Zrzut-ekranu-2024-07-9-o-16.12.22-1024x481.png 1024w, https:\/\/bluetek.pl\/wp-content\/uploads\/2024\/07\/Zrzut-ekranu-2024-07-9-o-16.12.22-300x141.png 300w, https:\/\/bluetek.pl\/wp-content\/uploads\/2024\/07\/Zrzut-ekranu-2024-07-9-o-16.12.22-768x361.png 768w, https:\/\/bluetek.pl\/wp-content\/uploads\/2024\/07\/Zrzut-ekranu-2024-07-9-o-16.12.22-1536x722.png 1536w, https:\/\/bluetek.pl\/wp-content\/uploads\/2024\/07\/Zrzut-ekranu-2024-07-9-o-16.12.22-2048x962.png 2048w, https:\/\/bluetek.pl\/wp-content\/uploads\/2024\/07\/Zrzut-ekranu-2024-07-9-o-16.12.22-416x195.png 416w\" sizes=\"(max-width: 980px) 100vw, 980px\" \/><\/p>\n<p>Aplikacja wsp\u00f3\u0142pracuje z programem Report w wersji PRO.<\/p>\n<p>Koszt dost\u0119pu do aplikacji to 5z\u0142 netto za ka\u017cdego pracownika.<br \/>\nMinimalny pakiet dost\u0119p\u00f3w\u00a0 to 5 pracownik\u00f3w przy p\u0142atno\u015bci raz na miesi\u0105c lub 2 pracownik\u00f3w przy p\u0142atno\u015bci raz na rok.<\/p>\n<p style=\"text-align: center;\"><img decoding=\"async\" loading=\"lazy\" class=\"aligncenter wp-image-660 size-full\" src=\"https:\/\/bluetek.pl\/wp-content\/uploads\/2024\/07\/VRCP_app.jpg\" alt=\"\" width=\"380\" height=\"769\" srcset=\"https:\/\/bluetek.pl\/wp-content\/uploads\/2024\/07\/VRCP_app.jpg 380w, https:\/\/bluetek.pl\/wp-content\/uploads\/2024\/07\/VRCP_app-148x300.jpg 148w\" sizes=\"(max-width: 380px) 100vw, 380px\" \/><\/p>\n<p>Zapraszamy do darmowych test\u00f3w aplikacji, zg\u0142oszenia prosz\u0119 kierowa\u0107 na adres info@bluetek.pl.<\/p>\n<p>Aplikacja wspiera identyfikacje pracownik\u00f3w przez karty lub breloki NFC.<br \/>\nPrzyk\u0142ad zastosowania:<\/p>\n<blockquote><p>Kierownik budowy mo\u017ce u\u017cy\u0107 swojego telefonu z funkcja NFC do rejestracji odbi\u0107 pracownik\u00f3w pracuj\u0105cych na budowie poza siedzib\u0105 firmy. Pracownicy maj\u0105 swoje karty z zakodowanymi danymi do logowania w aplikacji mobilnej RCP. Wystarczy \u017ce przy\u0142o\u017c\u0105 swoj\u0105 kart\u0119 do telefonu kierownika.<\/p><\/blockquote>\n<h3>System RCP oparty na kartach NFC<\/h3>\n<p>Karty NFC mo\u017cna wykorzysta\u0107 w charakterze punkt\u00f3w rejestracji odbi\u0107:<\/p>\n<p style=\"text-align: center;\"><img decoding=\"async\" loading=\"lazy\" class=\"aligncenter wp-image-653 size-large\" src=\"https:\/\/bluetek.pl\/wp-content\/uploads\/2024\/07\/System_Report_na_kartach_NFC-1024x768.jpg\" alt=\"\" width=\"980\" height=\"735\" srcset=\"https:\/\/bluetek.pl\/wp-content\/uploads\/2024\/07\/System_Report_na_kartach_NFC-1024x768.jpg 1024w, https:\/\/bluetek.pl\/wp-content\/uploads\/2024\/07\/System_Report_na_kartach_NFC-300x225.jpg 300w, https:\/\/bluetek.pl\/wp-content\/uploads\/2024\/07\/System_Report_na_kartach_NFC-768x576.jpg 768w, https:\/\/bluetek.pl\/wp-content\/uploads\/2024\/07\/System_Report_na_kartach_NFC-1536x1152.jpg 1536w, https:\/\/bluetek.pl\/wp-content\/uploads\/2024\/07\/System_Report_na_kartach_NFC-2048x1536.jpg 2048w, https:\/\/bluetek.pl\/wp-content\/uploads\/2024\/07\/System_Report_na_kartach_NFC-416x312.jpg 416w\" sizes=\"(max-width: 980px) 100vw, 980px\" \/><\/p>\n<p>Taki punkt mo\u017ce by\u0107 mobilny (np. na poje\u017adzie) lub mo\u017ce by\u0107 zainstalowany stacjonarnie.<br \/>\nW przypadku instalacji sta\u0142ej, mo\u017cna ograniczy\u0107 jego obszar dzia\u0142ania do konkretnej geo lokalizacji z tolerancj\u0105 np. do 25m.<\/p>\n<p>Obs\u0142uga jest prosta, wystarczy przy\u0142o\u017cy\u0107 odblokowany telefon do karty RCP\/NFC.<\/p>\n<p>Wymagany jest telefon z funkcj\u0105 NFC, odblokowana funkcja lokalizacji pozwala na zapisywanie wraz ze zdarzeniem aktualnej pozycji w formie adresu np &#8222;Bracka 1 Krak\u00f3w&#8221;.<\/p>\n<p>Na bazie telefon\u00f3w i kart NFC mo\u017cna wi\u0119c stworzy\u0107 w pe\u0142ni funkcjonalny system RCP bez konieczno\u015bci posiadania klasycznego rejestratora sprz\u0119towego.<\/p>\n<p>Przyk\u0142ad zastosowania:<\/p>\n<blockquote><p>Pracownik poza normaln\u0105 prac\u0105 w biurze ma te\u017c przydzielone sklepy do okresowej kontroli.<br \/>\nW sklepach zainstalowano karty RCP\/NFC dzi\u0119ki kt\u00f3rym pracownik mo\u017ce r\u00f3wnie\u017c w sklepach wykonywa\u0107 odbicia poprzez proste przy\u0142o\u017cenie telefonu do karty RCP\/NFC.<\/p><\/blockquote>\n","protected":false},"excerpt":{"rendered":"<p>Umo\u017cliwia rejestracje zdarze\u0144 RCP przy pomocy telefonu jak r\u00f3wnie\u017c specjalnych kart NFC.<\/p>\n","protected":false},"featured_media":645,"comment_status":"open","ping_status":"closed","template":"","meta":[],"yoast_head":"<!-- This site is optimized with the Yoast SEO plugin v19.9 - https:\/\/yoast.com\/wordpress\/plugins\/seo\/ -->\n<title>Aplikacja RCP na telefon - Systemy Rejestracji Czasu Pracy<\/title>\n<meta name=\"robots\" content=\"index, follow, max-snippet:-1, max-image-preview:large, max-video-preview:-1\" \/>\n<link rel=\"canonical\" href=\"https:\/\/bluetek.pl\/index.php\/produkt\/aplikacja-rcp-na-telefon\/\" \/>\n<meta property=\"og:locale\" content=\"pl_PL\" \/>\n<meta property=\"og:type\" content=\"article\" \/>\n<meta property=\"og:title\" content=\"Aplikacja RCP na telefon - Systemy Rejestracji Czasu Pracy\" \/>\n<meta property=\"og:description\" content=\"Umo\u017cliwia rejestracje zdarze\u0144 RCP przy pomocy telefonu jak r\u00f3wnie\u017c specjalnych kart NFC.\" \/>\n<meta property=\"og:url\" content=\"https:\/\/bluetek.pl\/index.php\/produkt\/aplikacja-rcp-na-telefon\/\" \/>\n<meta property=\"og:site_name\" content=\"Systemy Rejestracji Czasu Pracy\" \/>\n<meta property=\"article:modified_time\" content=\"2024-08-22T09:59:56+00:00\" \/>\n<meta property=\"og:image\" content=\"https:\/\/bluetek.pl\/wp-content\/uploads\/2024\/07\/Zrzut-ekranu-2024-07-9-o-11.10.42.png\" \/>\n\t<meta property=\"og:image:width\" content=\"671\" \/>\n\t<meta property=\"og:image:height\" content=\"548\" \/>\n\t<meta property=\"og:image:type\" content=\"image\/png\" \/>\n<meta name=\"twitter:card\" content=\"summary_large_image\" \/>\n<meta name=\"twitter:label1\" content=\"Szacowany czas czytania\" \/>\n\t<meta name=\"twitter:data1\" content=\"3 minuty\" \/>\n<script type=\"application\/ld+json\" class=\"yoast-schema-graph\">{\"@context\":\"https:\/\/schema.org\",\"@graph\":[{\"@type\":\"WebPage\",\"@id\":\"https:\/\/bluetek.pl\/index.php\/produkt\/aplikacja-rcp-na-telefon\/\",\"url\":\"https:\/\/bluetek.pl\/index.php\/produkt\/aplikacja-rcp-na-telefon\/\",\"name\":\"Aplikacja RCP na telefon - Systemy Rejestracji Czasu Pracy\",\"isPartOf\":{\"@id\":\"https:\/\/bluetek.pl\/#website\"},\"datePublished\":\"2024-07-09T09:03:03+00:00\",\"dateModified\":\"2024-08-22T09:59:56+00:00\",\"breadcrumb\":{\"@id\":\"https:\/\/bluetek.pl\/index.php\/produkt\/aplikacja-rcp-na-telefon\/#breadcrumb\"},\"inLanguage\":\"pl-PL\",\"potentialAction\":[{\"@type\":\"ReadAction\",\"target\":[\"https:\/\/bluetek.pl\/index.php\/produkt\/aplikacja-rcp-na-telefon\/\"]}]},{\"@type\":\"BreadcrumbList\",\"@id\":\"https:\/\/bluetek.pl\/index.php\/produkt\/aplikacja-rcp-na-telefon\/#breadcrumb\",\"itemListElement\":[{\"@type\":\"ListItem\",\"position\":1,\"name\":\"Strona g\u0142\u00f3wna\",\"item\":\"https:\/\/bluetek.pl\/\"},{\"@type\":\"ListItem\",\"position\":2,\"name\":\"Systemy RCP dla Twojej firmy\",\"item\":\"https:\/\/bluetek.pl\/\"},{\"@type\":\"ListItem\",\"position\":3,\"name\":\"Aplikacja RCP na telefon\"}]},{\"@type\":\"WebSite\",\"@id\":\"https:\/\/bluetek.pl\/#website\",\"url\":\"https:\/\/bluetek.pl\/\",\"name\":\"Systemy Rejestracji Czasu Pracy\",\"description\":\"Czas si\u0119 liczy!\",\"publisher\":{\"@id\":\"https:\/\/bluetek.pl\/#organization\"},\"potentialAction\":[{\"@type\":\"SearchAction\",\"target\":{\"@type\":\"EntryPoint\",\"urlTemplate\":\"https:\/\/bluetek.pl\/?s={search_term_string}\"},\"query-input\":\"required name=search_term_string\"}],\"inLanguage\":\"pl-PL\"},{\"@type\":\"Organization\",\"@id\":\"https:\/\/bluetek.pl\/#organization\",\"name\":\"BLUETEK Miros\u0142aw Ksi\u0119\u017cyk\",\"url\":\"https:\/\/bluetek.pl\/\",\"logo\":{\"@type\":\"ImageObject\",\"inLanguage\":\"pl-PL\",\"@id\":\"https:\/\/bluetek.pl\/#\/schema\/logo\/image\/\",\"url\":\"https:\/\/bluetek.pl\/wp-content\/uploads\/2021\/04\/2018logo_250.png\",\"contentUrl\":\"https:\/\/bluetek.pl\/wp-content\/uploads\/2021\/04\/2018logo_250.png\",\"width\":250,\"height\":250,\"caption\":\"BLUETEK Miros\u0142aw Ksi\u0119\u017cyk\"},\"image\":{\"@id\":\"https:\/\/bluetek.pl\/#\/schema\/logo\/image\/\"}}]}<\/script>\n<!-- \/ Yoast SEO plugin. -->","yoast_head_json":{"title":"Aplikacja RCP na telefon - Systemy Rejestracji Czasu Pracy","robots":{"index":"index","follow":"follow","max-snippet":"max-snippet:-1","max-image-preview":"max-image-preview:large","max-video-preview":"max-video-preview:-1"},"canonical":"https:\/\/bluetek.pl\/index.php\/produkt\/aplikacja-rcp-na-telefon\/","og_locale":"pl_PL","og_type":"article","og_title":"Aplikacja RCP na telefon - Systemy Rejestracji Czasu Pracy","og_description":"Umo\u017cliwia rejestracje zdarze\u0144 RCP przy pomocy telefonu jak r\u00f3wnie\u017c specjalnych kart NFC.","og_url":"https:\/\/bluetek.pl\/index.php\/produkt\/aplikacja-rcp-na-telefon\/","og_site_name":"Systemy Rejestracji Czasu Pracy","article_modified_time":"2024-08-22T09:59:56+00:00","og_image":[{"width":671,"height":548,"url":"https:\/\/bluetek.pl\/wp-content\/uploads\/2024\/07\/Zrzut-ekranu-2024-07-9-o-11.10.42.png","type":"image\/png"}],"twitter_card":"summary_large_image","twitter_misc":{"Szacowany czas czytania":"3 minuty"},"schema":{"@context":"https:\/\/schema.org","@graph":[{"@type":"WebPage","@id":"https:\/\/bluetek.pl\/index.php\/produkt\/aplikacja-rcp-na-telefon\/","url":"https:\/\/bluetek.pl\/index.php\/produkt\/aplikacja-rcp-na-telefon\/","name":"Aplikacja RCP na telefon - Systemy Rejestracji Czasu Pracy","isPartOf":{"@id":"https:\/\/bluetek.pl\/#website"},"datePublished":"2024-07-09T09:03:03+00:00","dateModified":"2024-08-22T09:59:56+00:00","breadcrumb":{"@id":"https:\/\/bluetek.pl\/index.php\/produkt\/aplikacja-rcp-na-telefon\/#breadcrumb"},"inLanguage":"pl-PL","potentialAction":[{"@type":"ReadAction","target":["https:\/\/bluetek.pl\/index.php\/produkt\/aplikacja-rcp-na-telefon\/"]}]},{"@type":"BreadcrumbList","@id":"https:\/\/bluetek.pl\/index.php\/produkt\/aplikacja-rcp-na-telefon\/#breadcrumb","itemListElement":[{"@type":"ListItem","position":1,"name":"Strona g\u0142\u00f3wna","item":"https:\/\/bluetek.pl\/"},{"@type":"ListItem","position":2,"name":"Systemy RCP dla Twojej firmy","item":"https:\/\/bluetek.pl\/"},{"@type":"ListItem","position":3,"name":"Aplikacja RCP na telefon"}]},{"@type":"WebSite","@id":"https:\/\/bluetek.pl\/#website","url":"https:\/\/bluetek.pl\/","name":"Systemy Rejestracji Czasu Pracy","description":"Czas si\u0119 liczy!","publisher":{"@id":"https:\/\/bluetek.pl\/#organization"},"potentialAction":[{"@type":"SearchAction","target":{"@type":"EntryPoint","urlTemplate":"https:\/\/bluetek.pl\/?s={search_term_string}"},"query-input":"required name=search_term_string"}],"inLanguage":"pl-PL"},{"@type":"Organization","@id":"https:\/\/bluetek.pl\/#organization","name":"BLUETEK Miros\u0142aw Ksi\u0119\u017cyk","url":"https:\/\/bluetek.pl\/","logo":{"@type":"ImageObject","inLanguage":"pl-PL","@id":"https:\/\/bluetek.pl\/#\/schema\/logo\/image\/","url":"https:\/\/bluetek.pl\/wp-content\/uploads\/2021\/04\/2018logo_250.png","contentUrl":"https:\/\/bluetek.pl\/wp-content\/uploads\/2021\/04\/2018logo_250.png","width":250,"height":250,"caption":"BLUETEK Miros\u0142aw Ksi\u0119\u017cyk"},"image":{"@id":"https:\/\/bluetek.pl\/#\/schema\/logo\/image\/"}}]}},"_links":{"self":[{"href":"https:\/\/bluetek.pl\/index.php\/wp-json\/wp\/v2\/product\/642"}],"collection":[{"href":"https:\/\/bluetek.pl\/index.php\/wp-json\/wp\/v2\/product"}],"about":[{"href":"https:\/\/bluetek.pl\/index.php\/wp-json\/wp\/v2\/types\/product"}],"replies":[{"embeddable":true,"href":"https:\/\/bluetek.pl\/index.php\/wp-json\/wp\/v2\/comments?post=642"}],"wp:featuredmedia":[{"embeddable":true,"href":"https:\/\/bluetek.pl\/index.php\/wp-json\/wp\/v2\/media\/645"}],"wp:attachment":[{"href":"https:\/\/bluetek.pl\/index.php\/wp-json\/wp\/v2\/media?parent=642"}],"curies":[{"name":"wp","href":"https:\/\/api.w.org\/{rel}","templated":true}]}}