{"id":450,"date":"2021-09-28T16:02:18","date_gmt":"2021-09-28T14:02:18","guid":{"rendered":"https:\/\/bluetek.pl\/?post_type=product&#038;p=450"},"modified":"2022-10-06T13:32:10","modified_gmt":"2022-10-06T11:32:10","slug":"program-bluetek-rcp-monitor","status":"publish","type":"product","link":"https:\/\/bluetek.pl\/index.php\/produkt\/program-bluetek-rcp-monitor\/","title":{"rendered":"Program Bluetek RCP Monitor"},"content":{"rendered":"<h2>RCP Monitor &#8211; us\u0142uga\/serwis Windows do automatyzacji RCP<\/h2>\n<p>Program instaluje si\u0119 jako us\u0142uga w systemie Windows (zalecana wersja 10, lub starsze wersje serwerowe) i przyjmuje raporty UDP PUSH z rejestrator\u00f3w Realand.<br \/>\nKomunikaty RCP PUSH s\u0105 wysy\u0142ane natychmiast po rejestracji zdarzenia, wi\u0119c daje to du\u017co mo\u017cliwo\u015bci w automatyzacji proces\u00f3w.<\/p>\n<blockquote><p>W po\u0142\u0105czeniu z programem Bluetek Report mo\u017cna wy\u015bwietli\u0107 list\u0119 pracownik\u00f3w aktualnie obecnych\/nie obecnych w pracy i jest to lista dynamiczna aktualizowana na bie\u017c\u0105co. Mo\u017cna r\u00f3wnie\u017c wygenerowa\u0107 raport ewakuacyjny z list\u0105 pracownik\u00f3w obecnych w danych budynkach.<\/p><\/blockquote>\n<p>Pe\u0142na lista funkcji programu:<\/p>\n<ul>\n<li>\u00a0przyjmowanie danych PUSH i zapis do bazy SQL<\/li>\n<li>automatyczna synchronizacja zegar\u00f3w na RCP<\/li>\n<li>funkcja korekty typu zdarzenia &#8211; wymuszenie rejestracji pojedynczego zdarzania przez rejestrator<\/li>\n<li>mo\u017cliwo\u015b\u0107 automatycznego eksportu danych w celach integracji z systemami firm trzecich.<\/li>\n<\/ul>\n<p>Masz pomys\u0142\/potrzeb\u0119 na rozbudow\u0119 funkcji programu?<\/p>\n<p style=\"text-align: right;\"><em>Skontaktuj si\u0119 z Nami &#8211; pomo\u017cemy!<\/em><\/p>\n","protected":false},"excerpt":{"rendered":"<p>Us\u0142uga Windows zapisuj\u0105ca zdarzenia PUSH wysy\u0142ane przez rejestratory Realand.<\/p>\n","protected":false},"featured_media":451,"comment_status":"open","ping_status":"closed","template":"","meta":[],"yoast_head":"<!-- This site is optimized with the Yoast SEO plugin v19.9 - https:\/\/yoast.com\/wordpress\/plugins\/seo\/ -->\n<title>Program Bluetek RCP Monitor - Systemy Rejestracji Czasu Pracy<\/title>\n<meta name=\"robots\" content=\"index, follow, max-snippet:-1, max-image-preview:large, max-video-preview:-1\" \/>\n<link rel=\"canonical\" href=\"https:\/\/bluetek.pl\/index.php\/produkt\/program-bluetek-rcp-monitor\/\" \/>\n<meta property=\"og:locale\" content=\"pl_PL\" \/>\n<meta property=\"og:type\" content=\"article\" \/>\n<meta property=\"og:title\" content=\"Program Bluetek RCP Monitor - Systemy Rejestracji Czasu Pracy\" \/>\n<meta property=\"og:description\" content=\"Us\u0142uga Windows zapisuj\u0105ca zdarzenia PUSH wysy\u0142ane przez rejestratory Realand.\" \/>\n<meta property=\"og:url\" content=\"https:\/\/bluetek.pl\/index.php\/produkt\/program-bluetek-rcp-monitor\/\" \/>\n<meta property=\"og:site_name\" content=\"Systemy Rejestracji Czasu Pracy\" \/>\n<meta property=\"article:modified_time\" content=\"2022-10-06T11:32:10+00:00\" \/>\n<meta property=\"og:image\" content=\"https:\/\/bluetek.pl\/wp-content\/uploads\/2021\/09\/bluetekRCPmonitor.jpg\" \/>\n\t<meta property=\"og:image:width\" content=\"1105\" \/>\n\t<meta property=\"og:image:height\" content=\"658\" \/>\n\t<meta property=\"og:image:type\" content=\"image\/jpeg\" \/>\n<meta name=\"twitter:card\" content=\"summary_large_image\" \/>\n<meta name=\"twitter:label1\" content=\"Szacowany czas czytania\" \/>\n\t<meta name=\"twitter:data1\" content=\"1 minuta\" \/>\n<script type=\"application\/ld+json\" class=\"yoast-schema-graph\">{\"@context\":\"https:\/\/schema.org\",\"@graph\":[{\"@type\":\"WebPage\",\"@id\":\"https:\/\/bluetek.pl\/index.php\/produkt\/program-bluetek-rcp-monitor\/\",\"url\":\"https:\/\/bluetek.pl\/index.php\/produkt\/program-bluetek-rcp-monitor\/\",\"name\":\"Program Bluetek RCP Monitor - Systemy Rejestracji Czasu Pracy\",\"isPartOf\":{\"@id\":\"https:\/\/bluetek.pl\/#website\"},\"datePublished\":\"2021-09-28T14:02:18+00:00\",\"dateModified\":\"2022-10-06T11:32:10+00:00\",\"breadcrumb\":{\"@id\":\"https:\/\/bluetek.pl\/index.php\/produkt\/program-bluetek-rcp-monitor\/#breadcrumb\"},\"inLanguage\":\"pl-PL\",\"potentialAction\":[{\"@type\":\"ReadAction\",\"target\":[\"https:\/\/bluetek.pl\/index.php\/produkt\/program-bluetek-rcp-monitor\/\"]}]},{\"@type\":\"BreadcrumbList\",\"@id\":\"https:\/\/bluetek.pl\/index.php\/produkt\/program-bluetek-rcp-monitor\/#breadcrumb\",\"itemListElement\":[{\"@type\":\"ListItem\",\"position\":1,\"name\":\"Strona g\u0142\u00f3wna\",\"item\":\"https:\/\/bluetek.pl\/\"},{\"@type\":\"ListItem\",\"position\":2,\"name\":\"Systemy RCP dla Twojej firmy\",\"item\":\"https:\/\/bluetek.pl\/\"},{\"@type\":\"ListItem\",\"position\":3,\"name\":\"Program Bluetek RCP Monitor\"}]},{\"@type\":\"WebSite\",\"@id\":\"https:\/\/bluetek.pl\/#website\",\"url\":\"https:\/\/bluetek.pl\/\",\"name\":\"Systemy Rejestracji Czasu Pracy\",\"description\":\"Czas si\u0119 liczy!\",\"publisher\":{\"@id\":\"https:\/\/bluetek.pl\/#organization\"},\"potentialAction\":[{\"@type\":\"SearchAction\",\"target\":{\"@type\":\"EntryPoint\",\"urlTemplate\":\"https:\/\/bluetek.pl\/?s={search_term_string}\"},\"query-input\":\"required name=search_term_string\"}],\"inLanguage\":\"pl-PL\"},{\"@type\":\"Organization\",\"@id\":\"https:\/\/bluetek.pl\/#organization\",\"name\":\"BLUETEK Miros\u0142aw Ksi\u0119\u017cyk\",\"url\":\"https:\/\/bluetek.pl\/\",\"logo\":{\"@type\":\"ImageObject\",\"inLanguage\":\"pl-PL\",\"@id\":\"https:\/\/bluetek.pl\/#\/schema\/logo\/image\/\",\"url\":\"https:\/\/bluetek.pl\/wp-content\/uploads\/2021\/04\/2018logo_250.png\",\"contentUrl\":\"https:\/\/bluetek.pl\/wp-content\/uploads\/2021\/04\/2018logo_250.png\",\"width\":250,\"height\":250,\"caption\":\"BLUETEK Miros\u0142aw Ksi\u0119\u017cyk\"},\"image\":{\"@id\":\"https:\/\/bluetek.pl\/#\/schema\/logo\/image\/\"}}]}<\/script>\n<!-- \/ Yoast SEO plugin. -->","yoast_head_json":{"title":"Program Bluetek RCP Monitor - Systemy Rejestracji Czasu Pracy","robots":{"index":"index","follow":"follow","max-snippet":"max-snippet:-1","max-image-preview":"max-image-preview:large","max-video-preview":"max-video-preview:-1"},"canonical":"https:\/\/bluetek.pl\/index.php\/produkt\/program-bluetek-rcp-monitor\/","og_locale":"pl_PL","og_type":"article","og_title":"Program Bluetek RCP Monitor - Systemy Rejestracji Czasu Pracy","og_description":"Us\u0142uga Windows zapisuj\u0105ca zdarzenia PUSH wysy\u0142ane przez rejestratory Realand.","og_url":"https:\/\/bluetek.pl\/index.php\/produkt\/program-bluetek-rcp-monitor\/","og_site_name":"Systemy Rejestracji Czasu Pracy","article_modified_time":"2022-10-06T11:32:10+00:00","og_image":[{"width":1105,"height":658,"url":"https:\/\/bluetek.pl\/wp-content\/uploads\/2021\/09\/bluetekRCPmonitor.jpg","type":"image\/jpeg"}],"twitter_card":"summary_large_image","twitter_misc":{"Szacowany czas czytania":"1 minuta"},"schema":{"@context":"https:\/\/schema.org","@graph":[{"@type":"WebPage","@id":"https:\/\/bluetek.pl\/index.php\/produkt\/program-bluetek-rcp-monitor\/","url":"https:\/\/bluetek.pl\/index.php\/produkt\/program-bluetek-rcp-monitor\/","name":"Program Bluetek RCP Monitor - Systemy Rejestracji Czasu Pracy","isPartOf":{"@id":"https:\/\/bluetek.pl\/#website"},"datePublished":"2021-09-28T14:02:18+00:00","dateModified":"2022-10-06T11:32:10+00:00","breadcrumb":{"@id":"https:\/\/bluetek.pl\/index.php\/produkt\/program-bluetek-rcp-monitor\/#breadcrumb"},"inLanguage":"pl-PL","potentialAction":[{"@type":"ReadAction","target":["https:\/\/bluetek.pl\/index.php\/produkt\/program-bluetek-rcp-monitor\/"]}]},{"@type":"BreadcrumbList","@id":"https:\/\/bluetek.pl\/index.php\/produkt\/program-bluetek-rcp-monitor\/#breadcrumb","itemListElement":[{"@type":"ListItem","position":1,"name":"Strona g\u0142\u00f3wna","item":"https:\/\/bluetek.pl\/"},{"@type":"ListItem","position":2,"name":"Systemy RCP dla Twojej firmy","item":"https:\/\/bluetek.pl\/"},{"@type":"ListItem","position":3,"name":"Program Bluetek RCP Monitor"}]},{"@type":"WebSite","@id":"https:\/\/bluetek.pl\/#website","url":"https:\/\/bluetek.pl\/","name":"Systemy Rejestracji Czasu Pracy","description":"Czas si\u0119 liczy!","publisher":{"@id":"https:\/\/bluetek.pl\/#organization"},"potentialAction":[{"@type":"SearchAction","target":{"@type":"EntryPoint","urlTemplate":"https:\/\/bluetek.pl\/?s={search_term_string}"},"query-input":"required name=search_term_string"}],"inLanguage":"pl-PL"},{"@type":"Organization","@id":"https:\/\/bluetek.pl\/#organization","name":"BLUETEK Miros\u0142aw Ksi\u0119\u017cyk","url":"https:\/\/bluetek.pl\/","logo":{"@type":"ImageObject","inLanguage":"pl-PL","@id":"https:\/\/bluetek.pl\/#\/schema\/logo\/image\/","url":"https:\/\/bluetek.pl\/wp-content\/uploads\/2021\/04\/2018logo_250.png","contentUrl":"https:\/\/bluetek.pl\/wp-content\/uploads\/2021\/04\/2018logo_250.png","width":250,"height":250,"caption":"BLUETEK Miros\u0142aw Ksi\u0119\u017cyk"},"image":{"@id":"https:\/\/bluetek.pl\/#\/schema\/logo\/image\/"}}]}},"_links":{"self":[{"href":"https:\/\/bluetek.pl\/index.php\/wp-json\/wp\/v2\/product\/450"}],"collection":[{"href":"https:\/\/bluetek.pl\/index.php\/wp-json\/wp\/v2\/product"}],"about":[{"href":"https:\/\/bluetek.pl\/index.php\/wp-json\/wp\/v2\/types\/product"}],"replies":[{"embeddable":true,"href":"https:\/\/bluetek.pl\/index.php\/wp-json\/wp\/v2\/comments?post=450"}],"wp:featuredmedia":[{"embeddable":true,"href":"https:\/\/bluetek.pl\/index.php\/wp-json\/wp\/v2\/media\/451"}],"wp:attachment":[{"href":"https:\/\/bluetek.pl\/index.php\/wp-json\/wp\/v2\/media?parent=450"}],"curies":[{"name":"wp","href":"https:\/\/api.w.org\/{rel}","templated":true}]}}