{"id":439,"date":"2021-09-17T11:41:10","date_gmt":"2021-09-17T09:41:10","guid":{"rendered":"https:\/\/bluetek.pl\/?post_type=product&#038;p=439"},"modified":"2024-10-09T09:38:36","modified_gmt":"2024-10-09T07:38:36","slug":"system-kontroli-patroli-vanguard-p4d-wyposazony-w-wyswietlacz-wraz-z-funkcjami-gps-gsm-telefon","status":"publish","type":"product","link":"https:\/\/bluetek.pl\/index.php\/produkt\/system-kontroli-patroli-vanguard-p4d-wyposazony-w-wyswietlacz-wraz-z-funkcjami-gps-gsm-telefon\/","title":{"rendered":"Vanguard P4D"},"content":{"rendered":"<p>Rejestrator P4D to ulepszona wersja P5000+ wyposa\u017cona dodatkowe w ekran oraz mo\u017cliwo\u015b\u0107 wykonywania po\u0142\u0105cze\u0144 telefonicznych.<br \/>\nPo\u0142\u0105czenia mo\u017cna wykonywa\u0107 wy\u0142\u0105cznie na predefiniowane numery telefon\u00f3w.<\/p>\n<p>&nbsp;<\/p>\n<p>Dodatkowe funkcje modelu P4D:<\/p>\n<ul>\n<li><strong>Funkcja telefonu<\/strong> &#8211; z urz\u0105dzenia mo\u017cna rozmawia\u0107 jak ze zwyk\u0142ego telefonu na 5 predefiniowanych numer\u00f3w telefonicznych.<\/li>\n<\/ul>\n<p><img decoding=\"async\" loading=\"lazy\" class=\"size-medium wp-image-446 aligncenter\" src=\"https:\/\/bluetek.pl\/wp-content\/uploads\/2021\/09\/vanguard_p4d_photo_5-300x300.jpg\" alt=\"\" width=\"300\" height=\"300\" srcset=\"https:\/\/bluetek.pl\/wp-content\/uploads\/2021\/09\/vanguard_p4d_photo_5-300x300.jpg 300w, https:\/\/bluetek.pl\/wp-content\/uploads\/2021\/09\/vanguard_p4d_photo_5-150x150.jpg 150w, https:\/\/bluetek.pl\/wp-content\/uploads\/2021\/09\/vanguard_p4d_photo_5-324x324.jpg 324w, https:\/\/bluetek.pl\/wp-content\/uploads\/2021\/09\/vanguard_p4d_photo_5-416x416.jpg 416w, https:\/\/bluetek.pl\/wp-content\/uploads\/2021\/09\/vanguard_p4d_photo_5-100x100.jpg 100w, https:\/\/bluetek.pl\/wp-content\/uploads\/2021\/09\/vanguard_p4d_photo_5.jpg 600w\" sizes=\"(max-width: 300px) 100vw, 300px\" \/><\/p>\n<ul>\n<li><strong>Przycisk SOS<\/strong> &#8211; wysy\u0142aj\u0105cy alarm do stacji monitorowania.<\/li>\n<li><strong>Czytelny ekran OLED<\/strong> &#8211; informuje o dotarciu do punktu kontrolnego, przes\u0142aniu danych do centrali itp.<\/li>\n<li><strong>Komunikaty g\u0142osowe<\/strong> &#8211; urz\u0105dzeni emituje komunikaty g\u0142osowe kt\u00f3re s\u0105 wywo\u0142ywane po:\n<ul>\n<li>Wej\u015bciu w zadany obszar GPS &#8211;<\/li>\n<\/ul>\n<\/li>\n<\/ul>\n<blockquote><p>przyk\u0142adowy komunikat:\u00a0 &#8222;UWAGA wchodzisz w stref\u0119 pracy d\u017awigu, zachowaj ostro\u017cno\u015b\u0107&#8221;<\/p><\/blockquote>\n<ul>\n<li style=\"list-style-type: none;\">\n<ul>\n<li>Odbiciu zadanego punkty kontrolnego &#8211;<\/li>\n<\/ul>\n<\/li>\n<\/ul>\n<blockquote><p>przyk\u0142adowy komunikat po odbiciu punktu: &#8222;Hala nr 2 &#8211; Sprawd\u017a zamkni\u0119cie drzwi oraz okien&#8221;<\/p><\/blockquote>\n<ul>\n<li><strong>Alarm zegarowy<\/strong> &#8211; mo\u017cliwo\u015b\u0107 ustawienie 200 alarm\u00f3w dziennych przypominaj\u0105cych np. o wyj\u015bciu lub powrocie z obchodu.<\/li>\n<li><strong>Punkty kontrolne GPS<\/strong> &#8211; poza tradycyjnymi punktami 125kHz mo\u017cna zdefiniowa\u0107 punkty kontrolne wg wsp\u00f3\u0142rz\u0119dnych GPS, punkt zostanie zaliczony gdy urz\u0105dze\u0144 wej\u015bcie w zadany obszar.<\/li>\n<\/ul>\n<figure id=\"attachment_469\" aria-describedby=\"caption-attachment-469\" style=\"width: 300px\" class=\"wp-caption aligncenter\"><a href=\"https:\/\/bluetek.pl\/wp-content\/uploads\/2021\/09\/sledzenie_online_mapa.jpg\"><img decoding=\"async\" loading=\"lazy\" class=\"wp-image-469 size-medium\" title=\"Przyk\u0142ad odtwarzania trasy przej\u015bcia stra\u017cnika na tle mapy\" src=\"https:\/\/bluetek.pl\/wp-content\/uploads\/2021\/09\/sledzenie_online_mapa-300x124.jpg\" alt=\"\" width=\"300\" height=\"124\" srcset=\"https:\/\/bluetek.pl\/wp-content\/uploads\/2021\/09\/sledzenie_online_mapa-300x124.jpg 300w, https:\/\/bluetek.pl\/wp-content\/uploads\/2021\/09\/sledzenie_online_mapa-1024x422.jpg 1024w, https:\/\/bluetek.pl\/wp-content\/uploads\/2021\/09\/sledzenie_online_mapa-768x317.jpg 768w, https:\/\/bluetek.pl\/wp-content\/uploads\/2021\/09\/sledzenie_online_mapa-1536x633.jpg 1536w, https:\/\/bluetek.pl\/wp-content\/uploads\/2021\/09\/sledzenie_online_mapa-416x171.jpg 416w, https:\/\/bluetek.pl\/wp-content\/uploads\/2021\/09\/sledzenie_online_mapa.jpg 1691w\" sizes=\"(max-width: 300px) 100vw, 300px\" \/><\/a><figcaption id=\"caption-attachment-469\" class=\"wp-caption-text\">Przyk\u0142ad odtwarzania trasy przej\u015bcia stra\u017cnika na tle mapy<\/figcaption><\/figure>\n<p>&nbsp;<\/p>\n<figure id=\"attachment_470\" aria-describedby=\"caption-attachment-470\" style=\"width: 300px\" class=\"wp-caption aligncenter\"><a href=\"https:\/\/bluetek.pl\/wp-content\/uploads\/2021\/09\/sledzenie_online_obraz_sat.jpg\"><img decoding=\"async\" loading=\"lazy\" class=\"wp-image-470 size-medium\" title=\"Przyk\u0142ad odtwarzania trasy przej\u015bcia stra\u017cnika na tle mapy\" src=\"https:\/\/bluetek.pl\/wp-content\/uploads\/2021\/09\/sledzenie_online_obraz_sat-300x124.jpg\" alt=\"\" width=\"300\" height=\"124\" srcset=\"https:\/\/bluetek.pl\/wp-content\/uploads\/2021\/09\/sledzenie_online_obraz_sat-300x124.jpg 300w, https:\/\/bluetek.pl\/wp-content\/uploads\/2021\/09\/sledzenie_online_obraz_sat-1024x424.jpg 1024w, https:\/\/bluetek.pl\/wp-content\/uploads\/2021\/09\/sledzenie_online_obraz_sat-768x318.jpg 768w, https:\/\/bluetek.pl\/wp-content\/uploads\/2021\/09\/sledzenie_online_obraz_sat-1536x637.jpg 1536w, https:\/\/bluetek.pl\/wp-content\/uploads\/2021\/09\/sledzenie_online_obraz_sat-416x172.jpg 416w, https:\/\/bluetek.pl\/wp-content\/uploads\/2021\/09\/sledzenie_online_obraz_sat.jpg 1691w\" sizes=\"(max-width: 300px) 100vw, 300px\" \/><\/a><figcaption id=\"caption-attachment-470\" class=\"wp-caption-text\">Przyk\u0142ad odtwarzania trasy przej\u015bcia stra\u017cnika na tle obrazu satelitarnego<\/figcaption><\/figure>\n<p>Jak ka\u017cde urz\u0105dzenie tego typu czyta znaczniki RFID 125kHz (punkty kontrolne) oraz identyfikator stra\u017cnik\u00f3w, ale jest r\u00f3wnie\u017c wyposa\u017cony w komunikacje GSM oraz modu\u0142 GPS.<\/p>\n<blockquote><p>Dzi\u0119ki temu dodatkowemu wyposa\u017ceniu jest w stanie na bie\u017c\u0105co przekazywa\u0107 do centrali informacje o pozycji i statusie stra\u017cnika.<br \/>\nDo poprawnej pracy wymagana jest aktywna karta GSM z w\u0142\u0105czon\u0105 us\u0142ug\u0105 transmisji danych.<\/p><\/blockquote>\n<p>Dzi\u0119ki tym cechom doskonale nadaje si\u0119 do kontrolowania odleg\u0142ych lokalizacji, gdy\u017c nie ma problemu z pobieraniem zapisu zdarze\u0144.<\/p>\n<p>Klasa szczelno\u015bci IP67 gwarantuje bezpiecze\u0144stwo przed zalaniem i uszkodzeniem.<br \/>\nZakres temperatur pracy to od -40 do +85C<\/p>\n<p>Pami\u0119\u0107 60.000 zapis\u00f3w<br \/>\nUrz\u0105dzenie jest ma\u0142e i lekkie, wa\u017cy jedynie 221g<br \/>\nWykonane jest na bazie szkieletu aluminiowego pokrytego plastikiem ABS oraz gum\u0105.<\/p>\n<p>Pojemna<strong> bateria 3400mAh<\/strong> pozwalana 19 godzin pracy bez przerwy przy wysy\u0142aniu pozycji co 15 sekund.<\/p>\n<p>Oprogramowanie jest zawarte w cenie urz\u0105dzenia, mo\u017ce przesy\u0142a\u0107 zdarzenia do chmury producenta, lub na serwer klienta.<br \/>\nSystem jest bez abonamentowy, jedynym kosztem miesi\u0119cznym jest abonament zainstalowanej karty GSM kt\u00f3ry w zale\u017cno\u015bci od operatora wynosi od 20 do 30z\u0142\/mc.<\/p>\n<p>&nbsp;<\/p>\n","protected":false},"excerpt":{"rendered":"<p>System kontroli obchod\u00f3w z GPS, transmisja GSM + funkcje telefonu alarmowego.<\/p>\n","protected":false},"featured_media":440,"comment_status":"open","ping_status":"closed","template":"","meta":[],"yoast_head":"<!-- This site is optimized with the Yoast SEO plugin v19.9 - https:\/\/yoast.com\/wordpress\/plugins\/seo\/ -->\n<title>Vanguard P4D - Systemy Rejestracji Czasu Pracy<\/title>\n<meta name=\"description\" content=\"System kontroli patroli z funkcj\u0105 GPS, transmisja GSM, funkcja telefonu (predef.5nr) oraz komunikatami g\u0142osowymi, odporno\u015b\u0107 na upadki + IP67\" \/>\n<meta name=\"robots\" content=\"index, follow, max-snippet:-1, max-image-preview:large, max-video-preview:-1\" \/>\n<link rel=\"canonical\" href=\"https:\/\/bluetek.pl\/index.php\/produkt\/system-kontroli-patroli-vanguard-p4d-wyposazony-w-wyswietlacz-wraz-z-funkcjami-gps-gsm-telefon\/\" \/>\n<meta property=\"og:locale\" content=\"pl_PL\" \/>\n<meta property=\"og:type\" content=\"article\" \/>\n<meta property=\"og:title\" content=\"Vanguard P4D - Systemy Rejestracji Czasu Pracy\" \/>\n<meta property=\"og:description\" content=\"System kontroli patroli z funkcj\u0105 GPS, transmisja GSM, funkcja telefonu (predef.5nr) oraz komunikatami g\u0142osowymi, odporno\u015b\u0107 na upadki + IP67\" \/>\n<meta property=\"og:url\" content=\"https:\/\/bluetek.pl\/index.php\/produkt\/system-kontroli-patroli-vanguard-p4d-wyposazony-w-wyswietlacz-wraz-z-funkcjami-gps-gsm-telefon\/\" \/>\n<meta property=\"og:site_name\" content=\"Systemy Rejestracji Czasu Pracy\" \/>\n<meta property=\"article:modified_time\" content=\"2024-10-09T07:38:36+00:00\" \/>\n<meta property=\"og:image\" content=\"https:\/\/bluetek.pl\/wp-content\/uploads\/2021\/09\/WM-5000L4D-1-600x600-1.jpg\" \/>\n\t<meta property=\"og:image:width\" content=\"600\" \/>\n\t<meta property=\"og:image:height\" content=\"600\" \/>\n\t<meta property=\"og:image:type\" content=\"image\/jpeg\" \/>\n<meta name=\"twitter:card\" content=\"summary_large_image\" \/>\n<meta name=\"twitter:label1\" content=\"Szacowany czas czytania\" \/>\n\t<meta name=\"twitter:data1\" content=\"3 minuty\" \/>\n<script type=\"application\/ld+json\" class=\"yoast-schema-graph\">{\"@context\":\"https:\/\/schema.org\",\"@graph\":[{\"@type\":\"WebPage\",\"@id\":\"https:\/\/bluetek.pl\/index.php\/produkt\/system-kontroli-patroli-vanguard-p4d-wyposazony-w-wyswietlacz-wraz-z-funkcjami-gps-gsm-telefon\/\",\"url\":\"https:\/\/bluetek.pl\/index.php\/produkt\/system-kontroli-patroli-vanguard-p4d-wyposazony-w-wyswietlacz-wraz-z-funkcjami-gps-gsm-telefon\/\",\"name\":\"Vanguard P4D - Systemy Rejestracji Czasu Pracy\",\"isPartOf\":{\"@id\":\"https:\/\/bluetek.pl\/#website\"},\"datePublished\":\"2021-09-17T09:41:10+00:00\",\"dateModified\":\"2024-10-09T07:38:36+00:00\",\"description\":\"System kontroli patroli z funkcj\u0105 GPS, transmisja GSM, funkcja telefonu (predef.5nr) oraz komunikatami g\u0142osowymi, odporno\u015b\u0107 na upadki + IP67\",\"breadcrumb\":{\"@id\":\"https:\/\/bluetek.pl\/index.php\/produkt\/system-kontroli-patroli-vanguard-p4d-wyposazony-w-wyswietlacz-wraz-z-funkcjami-gps-gsm-telefon\/#breadcrumb\"},\"inLanguage\":\"pl-PL\",\"potentialAction\":[{\"@type\":\"ReadAction\",\"target\":[\"https:\/\/bluetek.pl\/index.php\/produkt\/system-kontroli-patroli-vanguard-p4d-wyposazony-w-wyswietlacz-wraz-z-funkcjami-gps-gsm-telefon\/\"]}]},{\"@type\":\"BreadcrumbList\",\"@id\":\"https:\/\/bluetek.pl\/index.php\/produkt\/system-kontroli-patroli-vanguard-p4d-wyposazony-w-wyswietlacz-wraz-z-funkcjami-gps-gsm-telefon\/#breadcrumb\",\"itemListElement\":[{\"@type\":\"ListItem\",\"position\":1,\"name\":\"Strona g\u0142\u00f3wna\",\"item\":\"https:\/\/bluetek.pl\/\"},{\"@type\":\"ListItem\",\"position\":2,\"name\":\"Systemy RCP dla Twojej firmy\",\"item\":\"https:\/\/bluetek.pl\/\"},{\"@type\":\"ListItem\",\"position\":3,\"name\":\"Vanguard P4D\"}]},{\"@type\":\"WebSite\",\"@id\":\"https:\/\/bluetek.pl\/#website\",\"url\":\"https:\/\/bluetek.pl\/\",\"name\":\"Systemy Rejestracji Czasu Pracy\",\"description\":\"Czas si\u0119 liczy!\",\"publisher\":{\"@id\":\"https:\/\/bluetek.pl\/#organization\"},\"potentialAction\":[{\"@type\":\"SearchAction\",\"target\":{\"@type\":\"EntryPoint\",\"urlTemplate\":\"https:\/\/bluetek.pl\/?s={search_term_string}\"},\"query-input\":\"required name=search_term_string\"}],\"inLanguage\":\"pl-PL\"},{\"@type\":\"Organization\",\"@id\":\"https:\/\/bluetek.pl\/#organization\",\"name\":\"BLUETEK Miros\u0142aw Ksi\u0119\u017cyk\",\"url\":\"https:\/\/bluetek.pl\/\",\"logo\":{\"@type\":\"ImageObject\",\"inLanguage\":\"pl-PL\",\"@id\":\"https:\/\/bluetek.pl\/#\/schema\/logo\/image\/\",\"url\":\"https:\/\/bluetek.pl\/wp-content\/uploads\/2021\/04\/2018logo_250.png\",\"contentUrl\":\"https:\/\/bluetek.pl\/wp-content\/uploads\/2021\/04\/2018logo_250.png\",\"width\":250,\"height\":250,\"caption\":\"BLUETEK Miros\u0142aw Ksi\u0119\u017cyk\"},\"image\":{\"@id\":\"https:\/\/bluetek.pl\/#\/schema\/logo\/image\/\"}}]}<\/script>\n<!-- \/ Yoast SEO plugin. -->","yoast_head_json":{"title":"Vanguard P4D - Systemy Rejestracji Czasu Pracy","description":"System kontroli patroli z funkcj\u0105 GPS, transmisja GSM, funkcja telefonu (predef.5nr) oraz komunikatami g\u0142osowymi, odporno\u015b\u0107 na upadki + IP67","robots":{"index":"index","follow":"follow","max-snippet":"max-snippet:-1","max-image-preview":"max-image-preview:large","max-video-preview":"max-video-preview:-1"},"canonical":"https:\/\/bluetek.pl\/index.php\/produkt\/system-kontroli-patroli-vanguard-p4d-wyposazony-w-wyswietlacz-wraz-z-funkcjami-gps-gsm-telefon\/","og_locale":"pl_PL","og_type":"article","og_title":"Vanguard P4D - Systemy Rejestracji Czasu Pracy","og_description":"System kontroli patroli z funkcj\u0105 GPS, transmisja GSM, funkcja telefonu (predef.5nr) oraz komunikatami g\u0142osowymi, odporno\u015b\u0107 na upadki + IP67","og_url":"https:\/\/bluetek.pl\/index.php\/produkt\/system-kontroli-patroli-vanguard-p4d-wyposazony-w-wyswietlacz-wraz-z-funkcjami-gps-gsm-telefon\/","og_site_name":"Systemy Rejestracji Czasu Pracy","article_modified_time":"2024-10-09T07:38:36+00:00","og_image":[{"width":600,"height":600,"url":"https:\/\/bluetek.pl\/wp-content\/uploads\/2021\/09\/WM-5000L4D-1-600x600-1.jpg","type":"image\/jpeg"}],"twitter_card":"summary_large_image","twitter_misc":{"Szacowany czas czytania":"3 minuty"},"schema":{"@context":"https:\/\/schema.org","@graph":[{"@type":"WebPage","@id":"https:\/\/bluetek.pl\/index.php\/produkt\/system-kontroli-patroli-vanguard-p4d-wyposazony-w-wyswietlacz-wraz-z-funkcjami-gps-gsm-telefon\/","url":"https:\/\/bluetek.pl\/index.php\/produkt\/system-kontroli-patroli-vanguard-p4d-wyposazony-w-wyswietlacz-wraz-z-funkcjami-gps-gsm-telefon\/","name":"Vanguard P4D - Systemy Rejestracji Czasu Pracy","isPartOf":{"@id":"https:\/\/bluetek.pl\/#website"},"datePublished":"2021-09-17T09:41:10+00:00","dateModified":"2024-10-09T07:38:36+00:00","description":"System kontroli patroli z funkcj\u0105 GPS, transmisja GSM, funkcja telefonu (predef.5nr) oraz komunikatami g\u0142osowymi, odporno\u015b\u0107 na upadki + IP67","breadcrumb":{"@id":"https:\/\/bluetek.pl\/index.php\/produkt\/system-kontroli-patroli-vanguard-p4d-wyposazony-w-wyswietlacz-wraz-z-funkcjami-gps-gsm-telefon\/#breadcrumb"},"inLanguage":"pl-PL","potentialAction":[{"@type":"ReadAction","target":["https:\/\/bluetek.pl\/index.php\/produkt\/system-kontroli-patroli-vanguard-p4d-wyposazony-w-wyswietlacz-wraz-z-funkcjami-gps-gsm-telefon\/"]}]},{"@type":"BreadcrumbList","@id":"https:\/\/bluetek.pl\/index.php\/produkt\/system-kontroli-patroli-vanguard-p4d-wyposazony-w-wyswietlacz-wraz-z-funkcjami-gps-gsm-telefon\/#breadcrumb","itemListElement":[{"@type":"ListItem","position":1,"name":"Strona g\u0142\u00f3wna","item":"https:\/\/bluetek.pl\/"},{"@type":"ListItem","position":2,"name":"Systemy RCP dla Twojej firmy","item":"https:\/\/bluetek.pl\/"},{"@type":"ListItem","position":3,"name":"Vanguard P4D"}]},{"@type":"WebSite","@id":"https:\/\/bluetek.pl\/#website","url":"https:\/\/bluetek.pl\/","name":"Systemy Rejestracji Czasu Pracy","description":"Czas si\u0119 liczy!","publisher":{"@id":"https:\/\/bluetek.pl\/#organization"},"potentialAction":[{"@type":"SearchAction","target":{"@type":"EntryPoint","urlTemplate":"https:\/\/bluetek.pl\/?s={search_term_string}"},"query-input":"required name=search_term_string"}],"inLanguage":"pl-PL"},{"@type":"Organization","@id":"https:\/\/bluetek.pl\/#organization","name":"BLUETEK Miros\u0142aw Ksi\u0119\u017cyk","url":"https:\/\/bluetek.pl\/","logo":{"@type":"ImageObject","inLanguage":"pl-PL","@id":"https:\/\/bluetek.pl\/#\/schema\/logo\/image\/","url":"https:\/\/bluetek.pl\/wp-content\/uploads\/2021\/04\/2018logo_250.png","contentUrl":"https:\/\/bluetek.pl\/wp-content\/uploads\/2021\/04\/2018logo_250.png","width":250,"height":250,"caption":"BLUETEK Miros\u0142aw Ksi\u0119\u017cyk"},"image":{"@id":"https:\/\/bluetek.pl\/#\/schema\/logo\/image\/"}}]}},"_links":{"self":[{"href":"https:\/\/bluetek.pl\/index.php\/wp-json\/wp\/v2\/product\/439"}],"collection":[{"href":"https:\/\/bluetek.pl\/index.php\/wp-json\/wp\/v2\/product"}],"about":[{"href":"https:\/\/bluetek.pl\/index.php\/wp-json\/wp\/v2\/types\/product"}],"replies":[{"embeddable":true,"href":"https:\/\/bluetek.pl\/index.php\/wp-json\/wp\/v2\/comments?post=439"}],"wp:featuredmedia":[{"embeddable":true,"href":"https:\/\/bluetek.pl\/index.php\/wp-json\/wp\/v2\/media\/440"}],"wp:attachment":[{"href":"https:\/\/bluetek.pl\/index.php\/wp-json\/wp\/v2\/media?parent=439"}],"curies":[{"name":"wp","href":"https:\/\/api.w.org\/{rel}","templated":true}]}}