{"id":393,"date":"2021-01-08T13:18:47","date_gmt":"2021-01-08T12:18:47","guid":{"rendered":"https:\/\/bluetek.pl\/?post_type=product&#038;p=393"},"modified":"2021-01-08T13:31:41","modified_gmt":"2021-01-08T12:31:41","slug":"czytnik-rfid-125khz-dalekiego-zasiegu-long-range","status":"publish","type":"product","link":"https:\/\/bluetek.pl\/index.php\/produkt\/czytnik-rfid-125khz-dalekiego-zasiegu-long-range\/","title":{"rendered":"Czytnik RFID 125kHz dalekiego zasi\u0119gu long range"},"content":{"rendered":"<p>Czytnik zgodny ze standardem Wiegand 26.<\/p>\n<p>Zasilanie 12V DC<\/p>\n<p>Realny zasi\u0119g, przetestowany przez nas to:<\/p>\n<ul>\n<li>50cm dla kart typu clam shell<\/li>\n<li>30cm dla zwyk\u0142ych kart RFID<\/li>\n<li>18cm dla brelok\u00f3w RFID<\/li>\n<\/ul>\n<p>Wymiary: 240x 240x 35mm<\/p>\n","protected":false},"excerpt":{"rendered":"<p>Czytnik dalekiego zasi\u0119gu<\/p>\n","protected":false},"featured_media":397,"comment_status":"open","ping_status":"closed","template":"","meta":[],"yoast_head":"<!-- This site is optimized with the Yoast SEO plugin v19.9 - https:\/\/yoast.com\/wordpress\/plugins\/seo\/ -->\n<title>Czytnik RFID 125kHz dalekiego zasi\u0119gu long range - Systemy Rejestracji Czasu Pracy<\/title>\n<meta name=\"robots\" content=\"index, follow, max-snippet:-1, max-image-preview:large, max-video-preview:-1\" \/>\n<link rel=\"canonical\" href=\"https:\/\/bluetek.pl\/index.php\/produkt\/czytnik-rfid-125khz-dalekiego-zasiegu-long-range\/\" \/>\n<meta property=\"og:locale\" content=\"pl_PL\" \/>\n<meta property=\"og:type\" content=\"article\" \/>\n<meta property=\"og:title\" content=\"Czytnik RFID 125kHz dalekiego zasi\u0119gu long range - Systemy Rejestracji Czasu Pracy\" \/>\n<meta property=\"og:description\" content=\"Czytnik dalekiego zasi\u0119gu\" \/>\n<meta property=\"og:url\" content=\"https:\/\/bluetek.pl\/index.php\/produkt\/czytnik-rfid-125khz-dalekiego-zasiegu-long-range\/\" \/>\n<meta property=\"og:site_name\" content=\"Systemy Rejestracji Czasu Pracy\" \/>\n<meta property=\"article:modified_time\" content=\"2021-01-08T12:31:41+00:00\" \/>\n<meta property=\"og:image\" content=\"https:\/\/bluetek.pl\/wp-content\/uploads\/2021\/01\/czyntk_long_range.jpg\" \/>\n\t<meta property=\"og:image:width\" content=\"1585\" \/>\n\t<meta property=\"og:image:height\" content=\"1481\" \/>\n\t<meta property=\"og:image:type\" content=\"image\/jpeg\" \/>\n<meta name=\"twitter:card\" content=\"summary_large_image\" \/>\n<script type=\"application\/ld+json\" class=\"yoast-schema-graph\">{\"@context\":\"https:\/\/schema.org\",\"@graph\":[{\"@type\":\"WebPage\",\"@id\":\"https:\/\/bluetek.pl\/index.php\/produkt\/czytnik-rfid-125khz-dalekiego-zasiegu-long-range\/\",\"url\":\"https:\/\/bluetek.pl\/index.php\/produkt\/czytnik-rfid-125khz-dalekiego-zasiegu-long-range\/\",\"name\":\"Czytnik RFID 125kHz dalekiego zasi\u0119gu long range - Systemy Rejestracji Czasu Pracy\",\"isPartOf\":{\"@id\":\"https:\/\/bluetek.pl\/#website\"},\"datePublished\":\"2021-01-08T12:18:47+00:00\",\"dateModified\":\"2021-01-08T12:31:41+00:00\",\"breadcrumb\":{\"@id\":\"https:\/\/bluetek.pl\/index.php\/produkt\/czytnik-rfid-125khz-dalekiego-zasiegu-long-range\/#breadcrumb\"},\"inLanguage\":\"pl-PL\",\"potentialAction\":[{\"@type\":\"ReadAction\",\"target\":[\"https:\/\/bluetek.pl\/index.php\/produkt\/czytnik-rfid-125khz-dalekiego-zasiegu-long-range\/\"]}]},{\"@type\":\"BreadcrumbList\",\"@id\":\"https:\/\/bluetek.pl\/index.php\/produkt\/czytnik-rfid-125khz-dalekiego-zasiegu-long-range\/#breadcrumb\",\"itemListElement\":[{\"@type\":\"ListItem\",\"position\":1,\"name\":\"Strona g\u0142\u00f3wna\",\"item\":\"https:\/\/bluetek.pl\/\"},{\"@type\":\"ListItem\",\"position\":2,\"name\":\"Systemy RCP dla Twojej firmy\",\"item\":\"https:\/\/bluetek.pl\/\"},{\"@type\":\"ListItem\",\"position\":3,\"name\":\"Czytnik RFID 125kHz dalekiego zasi\u0119gu long range\"}]},{\"@type\":\"WebSite\",\"@id\":\"https:\/\/bluetek.pl\/#website\",\"url\":\"https:\/\/bluetek.pl\/\",\"name\":\"Systemy Rejestracji Czasu Pracy\",\"description\":\"Czas si\u0119 liczy!\",\"publisher\":{\"@id\":\"https:\/\/bluetek.pl\/#organization\"},\"potentialAction\":[{\"@type\":\"SearchAction\",\"target\":{\"@type\":\"EntryPoint\",\"urlTemplate\":\"https:\/\/bluetek.pl\/?s={search_term_string}\"},\"query-input\":\"required name=search_term_string\"}],\"inLanguage\":\"pl-PL\"},{\"@type\":\"Organization\",\"@id\":\"https:\/\/bluetek.pl\/#organization\",\"name\":\"BLUETEK Miros\u0142aw Ksi\u0119\u017cyk\",\"url\":\"https:\/\/bluetek.pl\/\",\"logo\":{\"@type\":\"ImageObject\",\"inLanguage\":\"pl-PL\",\"@id\":\"https:\/\/bluetek.pl\/#\/schema\/logo\/image\/\",\"url\":\"https:\/\/bluetek.pl\/wp-content\/uploads\/2021\/04\/2018logo_250.png\",\"contentUrl\":\"https:\/\/bluetek.pl\/wp-content\/uploads\/2021\/04\/2018logo_250.png\",\"width\":250,\"height\":250,\"caption\":\"BLUETEK Miros\u0142aw Ksi\u0119\u017cyk\"},\"image\":{\"@id\":\"https:\/\/bluetek.pl\/#\/schema\/logo\/image\/\"}}]}<\/script>\n<!-- \/ Yoast SEO plugin. -->","yoast_head_json":{"title":"Czytnik RFID 125kHz dalekiego zasi\u0119gu long range - Systemy Rejestracji Czasu Pracy","robots":{"index":"index","follow":"follow","max-snippet":"max-snippet:-1","max-image-preview":"max-image-preview:large","max-video-preview":"max-video-preview:-1"},"canonical":"https:\/\/bluetek.pl\/index.php\/produkt\/czytnik-rfid-125khz-dalekiego-zasiegu-long-range\/","og_locale":"pl_PL","og_type":"article","og_title":"Czytnik RFID 125kHz dalekiego zasi\u0119gu long range - Systemy Rejestracji Czasu Pracy","og_description":"Czytnik dalekiego zasi\u0119gu","og_url":"https:\/\/bluetek.pl\/index.php\/produkt\/czytnik-rfid-125khz-dalekiego-zasiegu-long-range\/","og_site_name":"Systemy Rejestracji Czasu Pracy","article_modified_time":"2021-01-08T12:31:41+00:00","og_image":[{"width":1585,"height":1481,"url":"https:\/\/bluetek.pl\/wp-content\/uploads\/2021\/01\/czyntk_long_range.jpg","type":"image\/jpeg"}],"twitter_card":"summary_large_image","schema":{"@context":"https:\/\/schema.org","@graph":[{"@type":"WebPage","@id":"https:\/\/bluetek.pl\/index.php\/produkt\/czytnik-rfid-125khz-dalekiego-zasiegu-long-range\/","url":"https:\/\/bluetek.pl\/index.php\/produkt\/czytnik-rfid-125khz-dalekiego-zasiegu-long-range\/","name":"Czytnik RFID 125kHz dalekiego zasi\u0119gu long range - Systemy Rejestracji Czasu Pracy","isPartOf":{"@id":"https:\/\/bluetek.pl\/#website"},"datePublished":"2021-01-08T12:18:47+00:00","dateModified":"2021-01-08T12:31:41+00:00","breadcrumb":{"@id":"https:\/\/bluetek.pl\/index.php\/produkt\/czytnik-rfid-125khz-dalekiego-zasiegu-long-range\/#breadcrumb"},"inLanguage":"pl-PL","potentialAction":[{"@type":"ReadAction","target":["https:\/\/bluetek.pl\/index.php\/produkt\/czytnik-rfid-125khz-dalekiego-zasiegu-long-range\/"]}]},{"@type":"BreadcrumbList","@id":"https:\/\/bluetek.pl\/index.php\/produkt\/czytnik-rfid-125khz-dalekiego-zasiegu-long-range\/#breadcrumb","itemListElement":[{"@type":"ListItem","position":1,"name":"Strona g\u0142\u00f3wna","item":"https:\/\/bluetek.pl\/"},{"@type":"ListItem","position":2,"name":"Systemy RCP dla Twojej firmy","item":"https:\/\/bluetek.pl\/"},{"@type":"ListItem","position":3,"name":"Czytnik RFID 125kHz dalekiego zasi\u0119gu long range"}]},{"@type":"WebSite","@id":"https:\/\/bluetek.pl\/#website","url":"https:\/\/bluetek.pl\/","name":"Systemy Rejestracji Czasu Pracy","description":"Czas si\u0119 liczy!","publisher":{"@id":"https:\/\/bluetek.pl\/#organization"},"potentialAction":[{"@type":"SearchAction","target":{"@type":"EntryPoint","urlTemplate":"https:\/\/bluetek.pl\/?s={search_term_string}"},"query-input":"required name=search_term_string"}],"inLanguage":"pl-PL"},{"@type":"Organization","@id":"https:\/\/bluetek.pl\/#organization","name":"BLUETEK Miros\u0142aw Ksi\u0119\u017cyk","url":"https:\/\/bluetek.pl\/","logo":{"@type":"ImageObject","inLanguage":"pl-PL","@id":"https:\/\/bluetek.pl\/#\/schema\/logo\/image\/","url":"https:\/\/bluetek.pl\/wp-content\/uploads\/2021\/04\/2018logo_250.png","contentUrl":"https:\/\/bluetek.pl\/wp-content\/uploads\/2021\/04\/2018logo_250.png","width":250,"height":250,"caption":"BLUETEK Miros\u0142aw Ksi\u0119\u017cyk"},"image":{"@id":"https:\/\/bluetek.pl\/#\/schema\/logo\/image\/"}}]}},"_links":{"self":[{"href":"https:\/\/bluetek.pl\/index.php\/wp-json\/wp\/v2\/product\/393"}],"collection":[{"href":"https:\/\/bluetek.pl\/index.php\/wp-json\/wp\/v2\/product"}],"about":[{"href":"https:\/\/bluetek.pl\/index.php\/wp-json\/wp\/v2\/types\/product"}],"replies":[{"embeddable":true,"href":"https:\/\/bluetek.pl\/index.php\/wp-json\/wp\/v2\/comments?post=393"}],"wp:featuredmedia":[{"embeddable":true,"href":"https:\/\/bluetek.pl\/index.php\/wp-json\/wp\/v2\/media\/397"}],"wp:attachment":[{"href":"https:\/\/bluetek.pl\/index.php\/wp-json\/wp\/v2\/media?parent=393"}],"curies":[{"name":"wp","href":"https:\/\/api.w.org\/{rel}","templated":true}]}}