{"id":315,"date":"2020-12-23T18:36:00","date_gmt":"2020-12-23T17:36:00","guid":{"rendered":"http:\/\/bluetek.pl\/?post_type=product&#038;p=315"},"modified":"2024-10-09T09:39:20","modified_gmt":"2024-10-09T07:39:20","slug":"vanguard-5000p","status":"publish","type":"product","link":"https:\/\/bluetek.pl\/index.php\/produkt\/vanguard-5000p\/","title":{"rendered":"Vanguard 5000P+"},"content":{"rendered":"<p>Rejestrator 5000P+ jest najlepiej wyposa\u017conym modelem czytnika kontroli obchod\u00f3w w naszej ofercie.<\/p>\n<p>&nbsp;<\/p>\n<p><img decoding=\"async\" loading=\"lazy\" class=\"size-medium wp-image-346 aligncenter\" src=\"http:\/\/bluetek.pl\/wp-content\/uploads\/2020\/12\/L5-37-300x225.jpg\" alt=\"\" width=\"300\" height=\"225\" srcset=\"https:\/\/bluetek.pl\/wp-content\/uploads\/2020\/12\/L5-37-300x225.jpg 300w, https:\/\/bluetek.pl\/wp-content\/uploads\/2020\/12\/L5-37-768x575.jpg 768w, https:\/\/bluetek.pl\/wp-content\/uploads\/2020\/12\/L5-37-416x312.jpg 416w, https:\/\/bluetek.pl\/wp-content\/uploads\/2020\/12\/L5-37.jpg 960w\" sizes=\"(max-width: 300px) 100vw, 300px\" \/><\/p>\n<p>Jak ka\u017cde urz\u0105dzenie tego typu czyta znaczniki RFID (punkty kontrolne) oraz identyfikator stra\u017cnik\u00f3w, ale jest r\u00f3wnie\u017c wyposa\u017cony w komunikacje GSM oraz modu\u0142 GPS.<\/p>\n<blockquote><p>Dzi\u0119ki temu dodatkowemu wyposa\u017ceniu jest w stanie na bie\u017c\u0105co przekazywa\u0107 do centrali informacje o pozycji i statusie stra\u017cnika.<br \/>\nDo poprawnej pracy wymagana jest aktywna karta GSM z w\u0142\u0105czon\u0105 us\u0142ug\u0105 transmisji danych.<\/p><\/blockquote>\n<p>Dzi\u0119ki tym cechom doskonale nadaje si\u0119 do kontrolowania odleg\u0142ych lokalizacji, gdy\u017c nie ma problemu z pobieraniem zapisu zdarze\u0144.<\/p>\n<p><img decoding=\"async\" loading=\"lazy\" class=\"size-medium wp-image-347 aligncenter\" src=\"http:\/\/bluetek.pl\/wp-content\/uploads\/2020\/12\/L5-6-300x188.png\" alt=\"\" width=\"300\" height=\"188\" srcset=\"https:\/\/bluetek.pl\/wp-content\/uploads\/2020\/12\/L5-6-300x188.png 300w, https:\/\/bluetek.pl\/wp-content\/uploads\/2020\/12\/L5-6-768x480.png 768w, https:\/\/bluetek.pl\/wp-content\/uploads\/2020\/12\/L5-6-416x260.png 416w, https:\/\/bluetek.pl\/wp-content\/uploads\/2020\/12\/L5-6.png 878w\" sizes=\"(max-width: 300px) 100vw, 300px\" \/><\/p>\n<p>Jest wyposa\u017cony w przycisk SOS kt\u00f3ry informuje centrale o sytuacji alarmowej. Urz\u0105dzenie r\u00f3wnie\u017c informuje zdalnie o niskim stanie baterii.<\/p>\n<p>Klasa szczelno\u015bci IP67 gwarantuje bezpiecze\u0144stwo przed zalaniem i uszkodzeniem.<br \/>\nZakres temperatur pracy to od -40 do +85C<\/p>\n<p>Pami\u0119\u0107 60.000 zapis\u00f3w<br \/>\nUrz\u0105dzenie jest ma\u0142e i lekkie, wa\u017cy jedynie 260g<br \/>\nWykonane jest na bazie szkieletu aluminiowego pokrytego plastikiem ABS oraz gum\u0105.<\/p>\n<p><img decoding=\"async\" loading=\"lazy\" class=\"aligncenter wp-image-348 size-full\" src=\"http:\/\/bluetek.pl\/wp-content\/uploads\/2020\/12\/L5-39.jpg\" alt=\"\" width=\"960\" height=\"679\" srcset=\"https:\/\/bluetek.pl\/wp-content\/uploads\/2020\/12\/L5-39.jpg 960w, https:\/\/bluetek.pl\/wp-content\/uploads\/2020\/12\/L5-39-300x212.jpg 300w, https:\/\/bluetek.pl\/wp-content\/uploads\/2020\/12\/L5-39-768x543.jpg 768w, https:\/\/bluetek.pl\/wp-content\/uploads\/2020\/12\/L5-39-416x294.jpg 416w\" sizes=\"(max-width: 960px) 100vw, 960px\" \/><\/p>\n<p>O aktualnym stanie rejestratora informuj\u0105 dwie diody.<br \/>\nOprogramowanie jest zawarte w cenie urz\u0105dzenia, mo\u017ce przesy\u0142a\u0107 zdarzenia do chmury producenta, lub na serwer klienta.<br \/>\nSystem jest bez abonamentowy, jedynym kosztem miesi\u0119cznym jest abonament zainstalowanej karty GSM kt\u00f3ry w zale\u017cno\u015bci od operatora wynosi od 20 do 30z\u0142\/mc.<\/p>\n","protected":false},"excerpt":{"rendered":"<p>System kontroli obchod\u00f3w z GPS oraz komunikacj\u0105 GSM<\/p>\n","protected":false},"featured_media":316,"comment_status":"open","ping_status":"closed","template":"","meta":[],"yoast_head":"<!-- This site is optimized with the Yoast SEO plugin v19.9 - https:\/\/yoast.com\/wordpress\/plugins\/seo\/ -->\n<title>Vanguard 5000P+ - Systemy Rejestracji Czasu Pracy<\/title>\n<meta name=\"robots\" content=\"index, follow, max-snippet:-1, max-image-preview:large, max-video-preview:-1\" \/>\n<link rel=\"canonical\" href=\"https:\/\/bluetek.pl\/index.php\/produkt\/vanguard-5000p\/\" \/>\n<meta property=\"og:locale\" content=\"pl_PL\" \/>\n<meta property=\"og:type\" content=\"article\" \/>\n<meta property=\"og:title\" content=\"Vanguard 5000P+ - Systemy Rejestracji Czasu Pracy\" \/>\n<meta property=\"og:description\" content=\"System kontroli obchod\u00f3w z GPS oraz komunikacj\u0105 GSM\" \/>\n<meta property=\"og:url\" content=\"https:\/\/bluetek.pl\/index.php\/produkt\/vanguard-5000p\/\" \/>\n<meta property=\"og:site_name\" content=\"Systemy Rejestracji Czasu Pracy\" \/>\n<meta property=\"article:modified_time\" content=\"2024-10-09T07:39:20+00:00\" \/>\n<meta property=\"og:image\" content=\"https:\/\/bluetek.pl\/wp-content\/uploads\/2020\/12\/P5-5.jpg\" \/>\n\t<meta property=\"og:image:width\" content=\"400\" \/>\n\t<meta property=\"og:image:height\" content=\"400\" \/>\n\t<meta property=\"og:image:type\" content=\"image\/jpeg\" \/>\n<meta name=\"twitter:card\" content=\"summary_large_image\" \/>\n<meta name=\"twitter:label1\" content=\"Szacowany czas czytania\" \/>\n\t<meta name=\"twitter:data1\" content=\"2 minuty\" \/>\n<script type=\"application\/ld+json\" class=\"yoast-schema-graph\">{\"@context\":\"https:\/\/schema.org\",\"@graph\":[{\"@type\":\"WebPage\",\"@id\":\"https:\/\/bluetek.pl\/index.php\/produkt\/vanguard-5000p\/\",\"url\":\"https:\/\/bluetek.pl\/index.php\/produkt\/vanguard-5000p\/\",\"name\":\"Vanguard 5000P+ - Systemy Rejestracji Czasu Pracy\",\"isPartOf\":{\"@id\":\"https:\/\/bluetek.pl\/#website\"},\"datePublished\":\"2020-12-23T17:36:00+00:00\",\"dateModified\":\"2024-10-09T07:39:20+00:00\",\"breadcrumb\":{\"@id\":\"https:\/\/bluetek.pl\/index.php\/produkt\/vanguard-5000p\/#breadcrumb\"},\"inLanguage\":\"pl-PL\",\"potentialAction\":[{\"@type\":\"ReadAction\",\"target\":[\"https:\/\/bluetek.pl\/index.php\/produkt\/vanguard-5000p\/\"]}]},{\"@type\":\"BreadcrumbList\",\"@id\":\"https:\/\/bluetek.pl\/index.php\/produkt\/vanguard-5000p\/#breadcrumb\",\"itemListElement\":[{\"@type\":\"ListItem\",\"position\":1,\"name\":\"Strona g\u0142\u00f3wna\",\"item\":\"https:\/\/bluetek.pl\/\"},{\"@type\":\"ListItem\",\"position\":2,\"name\":\"Systemy RCP dla Twojej firmy\",\"item\":\"https:\/\/bluetek.pl\/\"},{\"@type\":\"ListItem\",\"position\":3,\"name\":\"Vanguard 5000P+\"}]},{\"@type\":\"WebSite\",\"@id\":\"https:\/\/bluetek.pl\/#website\",\"url\":\"https:\/\/bluetek.pl\/\",\"name\":\"Systemy Rejestracji Czasu Pracy\",\"description\":\"Czas si\u0119 liczy!\",\"publisher\":{\"@id\":\"https:\/\/bluetek.pl\/#organization\"},\"potentialAction\":[{\"@type\":\"SearchAction\",\"target\":{\"@type\":\"EntryPoint\",\"urlTemplate\":\"https:\/\/bluetek.pl\/?s={search_term_string}\"},\"query-input\":\"required name=search_term_string\"}],\"inLanguage\":\"pl-PL\"},{\"@type\":\"Organization\",\"@id\":\"https:\/\/bluetek.pl\/#organization\",\"name\":\"BLUETEK Miros\u0142aw Ksi\u0119\u017cyk\",\"url\":\"https:\/\/bluetek.pl\/\",\"logo\":{\"@type\":\"ImageObject\",\"inLanguage\":\"pl-PL\",\"@id\":\"https:\/\/bluetek.pl\/#\/schema\/logo\/image\/\",\"url\":\"https:\/\/bluetek.pl\/wp-content\/uploads\/2021\/04\/2018logo_250.png\",\"contentUrl\":\"https:\/\/bluetek.pl\/wp-content\/uploads\/2021\/04\/2018logo_250.png\",\"width\":250,\"height\":250,\"caption\":\"BLUETEK Miros\u0142aw Ksi\u0119\u017cyk\"},\"image\":{\"@id\":\"https:\/\/bluetek.pl\/#\/schema\/logo\/image\/\"}}]}<\/script>\n<!-- \/ Yoast SEO plugin. -->","yoast_head_json":{"title":"Vanguard 5000P+ - Systemy Rejestracji Czasu Pracy","robots":{"index":"index","follow":"follow","max-snippet":"max-snippet:-1","max-image-preview":"max-image-preview:large","max-video-preview":"max-video-preview:-1"},"canonical":"https:\/\/bluetek.pl\/index.php\/produkt\/vanguard-5000p\/","og_locale":"pl_PL","og_type":"article","og_title":"Vanguard 5000P+ - Systemy Rejestracji Czasu Pracy","og_description":"System kontroli obchod\u00f3w z GPS oraz komunikacj\u0105 GSM","og_url":"https:\/\/bluetek.pl\/index.php\/produkt\/vanguard-5000p\/","og_site_name":"Systemy Rejestracji Czasu Pracy","article_modified_time":"2024-10-09T07:39:20+00:00","og_image":[{"width":400,"height":400,"url":"https:\/\/bluetek.pl\/wp-content\/uploads\/2020\/12\/P5-5.jpg","type":"image\/jpeg"}],"twitter_card":"summary_large_image","twitter_misc":{"Szacowany czas czytania":"2 minuty"},"schema":{"@context":"https:\/\/schema.org","@graph":[{"@type":"WebPage","@id":"https:\/\/bluetek.pl\/index.php\/produkt\/vanguard-5000p\/","url":"https:\/\/bluetek.pl\/index.php\/produkt\/vanguard-5000p\/","name":"Vanguard 5000P+ - Systemy Rejestracji Czasu Pracy","isPartOf":{"@id":"https:\/\/bluetek.pl\/#website"},"datePublished":"2020-12-23T17:36:00+00:00","dateModified":"2024-10-09T07:39:20+00:00","breadcrumb":{"@id":"https:\/\/bluetek.pl\/index.php\/produkt\/vanguard-5000p\/#breadcrumb"},"inLanguage":"pl-PL","potentialAction":[{"@type":"ReadAction","target":["https:\/\/bluetek.pl\/index.php\/produkt\/vanguard-5000p\/"]}]},{"@type":"BreadcrumbList","@id":"https:\/\/bluetek.pl\/index.php\/produkt\/vanguard-5000p\/#breadcrumb","itemListElement":[{"@type":"ListItem","position":1,"name":"Strona g\u0142\u00f3wna","item":"https:\/\/bluetek.pl\/"},{"@type":"ListItem","position":2,"name":"Systemy RCP dla Twojej firmy","item":"https:\/\/bluetek.pl\/"},{"@type":"ListItem","position":3,"name":"Vanguard 5000P+"}]},{"@type":"WebSite","@id":"https:\/\/bluetek.pl\/#website","url":"https:\/\/bluetek.pl\/","name":"Systemy Rejestracji Czasu Pracy","description":"Czas si\u0119 liczy!","publisher":{"@id":"https:\/\/bluetek.pl\/#organization"},"potentialAction":[{"@type":"SearchAction","target":{"@type":"EntryPoint","urlTemplate":"https:\/\/bluetek.pl\/?s={search_term_string}"},"query-input":"required name=search_term_string"}],"inLanguage":"pl-PL"},{"@type":"Organization","@id":"https:\/\/bluetek.pl\/#organization","name":"BLUETEK Miros\u0142aw Ksi\u0119\u017cyk","url":"https:\/\/bluetek.pl\/","logo":{"@type":"ImageObject","inLanguage":"pl-PL","@id":"https:\/\/bluetek.pl\/#\/schema\/logo\/image\/","url":"https:\/\/bluetek.pl\/wp-content\/uploads\/2021\/04\/2018logo_250.png","contentUrl":"https:\/\/bluetek.pl\/wp-content\/uploads\/2021\/04\/2018logo_250.png","width":250,"height":250,"caption":"BLUETEK Miros\u0142aw Ksi\u0119\u017cyk"},"image":{"@id":"https:\/\/bluetek.pl\/#\/schema\/logo\/image\/"}}]}},"_links":{"self":[{"href":"https:\/\/bluetek.pl\/index.php\/wp-json\/wp\/v2\/product\/315"}],"collection":[{"href":"https:\/\/bluetek.pl\/index.php\/wp-json\/wp\/v2\/product"}],"about":[{"href":"https:\/\/bluetek.pl\/index.php\/wp-json\/wp\/v2\/types\/product"}],"replies":[{"embeddable":true,"href":"https:\/\/bluetek.pl\/index.php\/wp-json\/wp\/v2\/comments?post=315"}],"wp:featuredmedia":[{"embeddable":true,"href":"https:\/\/bluetek.pl\/index.php\/wp-json\/wp\/v2\/media\/316"}],"wp:attachment":[{"href":"https:\/\/bluetek.pl\/index.php\/wp-json\/wp\/v2\/media?parent=315"}],"curies":[{"name":"wp","href":"https:\/\/api.w.org\/{rel}","templated":true}]}}