{"id":302,"date":"2020-12-23T15:28:49","date_gmt":"2020-12-23T14:28:49","guid":{"rendered":"http:\/\/bluetek.pl\/?post_type=product&#038;p=302"},"modified":"2022-08-04T12:04:59","modified_gmt":"2022-08-04T10:04:59","slug":"kolowrotek-bramka-dostepowa-yat","status":"publish","type":"product","link":"https:\/\/bluetek.pl\/index.php\/produkt\/kolowrotek-bramka-dostepowa-yat\/","title":{"rendered":"Ko\u0142owrotek bramka dost\u0119powa YAT"},"content":{"rendered":"<p>Ko\u0142owrotek dost\u0119powy p\u00f3\u0142 automatyczny.<br \/>\nWykonany w ca\u0142o\u015bci ze stali nierdzewnej typu 304 &#8211; mo\u017ce by\u0107 instalowany na zewn\u0105trz.<\/p>\n<p>Ramie blokuj\u0105ce opada automatycznie przy braku zasilania, po powrocie zasilnia nale\u017cy je r\u0119cznie podnie\u015b\u0107 od poziomu.<\/p>\n<p>Kontrola przej\u015bcia w dwu kierunkach, osobne sygna\u0142y steruj\u0105ce dla ka\u017cdego z\u00a0 kierunk\u00f3w.<\/p>\n<h4>Cechy bramki<\/h4>\n<ul>\n<li>Zasilanie 230V<\/li>\n<li>Wy\u015bwietlacz LED kierunku przej\u015bcia na szczycie bramki<\/li>\n<li>Przepustowo\u015b\u0107 do 45 os\u00f3b\/minut\u0119<\/li>\n<li>Na bokach dwa otwory techniczne do monta\u017cu czytnik\u00f3w RFID z za\u015blepkami z PCV<\/li>\n<\/ul>\n","protected":false},"excerpt":{"rendered":"<p>Bramka dost\u0119powa dwu kierunkowa<\/p>\n","protected":false},"featured_media":303,"comment_status":"open","ping_status":"closed","template":"","meta":[],"yoast_head":"<!-- This site is optimized with the Yoast SEO plugin v19.9 - https:\/\/yoast.com\/wordpress\/plugins\/seo\/ -->\n<title>Ko\u0142owrotek bramka dost\u0119powa YAT - Systemy Rejestracji Czasu Pracy<\/title>\n<meta name=\"robots\" content=\"index, follow, max-snippet:-1, max-image-preview:large, max-video-preview:-1\" \/>\n<link rel=\"canonical\" href=\"https:\/\/bluetek.pl\/index.php\/produkt\/kolowrotek-bramka-dostepowa-yat\/\" \/>\n<meta property=\"og:locale\" content=\"pl_PL\" \/>\n<meta property=\"og:type\" content=\"article\" \/>\n<meta property=\"og:title\" content=\"Ko\u0142owrotek bramka dost\u0119powa YAT - Systemy Rejestracji Czasu Pracy\" \/>\n<meta property=\"og:description\" content=\"Bramka dost\u0119powa dwu kierunkowa\" \/>\n<meta property=\"og:url\" content=\"https:\/\/bluetek.pl\/index.php\/produkt\/kolowrotek-bramka-dostepowa-yat\/\" \/>\n<meta property=\"og:site_name\" content=\"Systemy Rejestracji Czasu Pracy\" \/>\n<meta property=\"article:modified_time\" content=\"2022-08-04T10:04:59+00:00\" \/>\n<meta property=\"og:image\" content=\"https:\/\/bluetek.pl\/wp-content\/uploads\/2020\/12\/kolowrotek.jpg\" \/>\n\t<meta property=\"og:image:width\" content=\"600\" \/>\n\t<meta property=\"og:image:height\" content=\"600\" \/>\n\t<meta property=\"og:image:type\" content=\"image\/jpeg\" \/>\n<meta name=\"twitter:card\" content=\"summary_large_image\" \/>\n<script type=\"application\/ld+json\" class=\"yoast-schema-graph\">{\"@context\":\"https:\/\/schema.org\",\"@graph\":[{\"@type\":\"WebPage\",\"@id\":\"https:\/\/bluetek.pl\/index.php\/produkt\/kolowrotek-bramka-dostepowa-yat\/\",\"url\":\"https:\/\/bluetek.pl\/index.php\/produkt\/kolowrotek-bramka-dostepowa-yat\/\",\"name\":\"Ko\u0142owrotek bramka dost\u0119powa YAT - Systemy Rejestracji Czasu Pracy\",\"isPartOf\":{\"@id\":\"https:\/\/bluetek.pl\/#website\"},\"datePublished\":\"2020-12-23T14:28:49+00:00\",\"dateModified\":\"2022-08-04T10:04:59+00:00\",\"breadcrumb\":{\"@id\":\"https:\/\/bluetek.pl\/index.php\/produkt\/kolowrotek-bramka-dostepowa-yat\/#breadcrumb\"},\"inLanguage\":\"pl-PL\",\"potentialAction\":[{\"@type\":\"ReadAction\",\"target\":[\"https:\/\/bluetek.pl\/index.php\/produkt\/kolowrotek-bramka-dostepowa-yat\/\"]}]},{\"@type\":\"BreadcrumbList\",\"@id\":\"https:\/\/bluetek.pl\/index.php\/produkt\/kolowrotek-bramka-dostepowa-yat\/#breadcrumb\",\"itemListElement\":[{\"@type\":\"ListItem\",\"position\":1,\"name\":\"Strona g\u0142\u00f3wna\",\"item\":\"https:\/\/bluetek.pl\/\"},{\"@type\":\"ListItem\",\"position\":2,\"name\":\"Systemy RCP dla Twojej firmy\",\"item\":\"https:\/\/bluetek.pl\/\"},{\"@type\":\"ListItem\",\"position\":3,\"name\":\"Ko\u0142owrotek bramka dost\u0119powa YAT\"}]},{\"@type\":\"WebSite\",\"@id\":\"https:\/\/bluetek.pl\/#website\",\"url\":\"https:\/\/bluetek.pl\/\",\"name\":\"Systemy Rejestracji Czasu Pracy\",\"description\":\"Czas si\u0119 liczy!\",\"publisher\":{\"@id\":\"https:\/\/bluetek.pl\/#organization\"},\"potentialAction\":[{\"@type\":\"SearchAction\",\"target\":{\"@type\":\"EntryPoint\",\"urlTemplate\":\"https:\/\/bluetek.pl\/?s={search_term_string}\"},\"query-input\":\"required name=search_term_string\"}],\"inLanguage\":\"pl-PL\"},{\"@type\":\"Organization\",\"@id\":\"https:\/\/bluetek.pl\/#organization\",\"name\":\"BLUETEK Miros\u0142aw Ksi\u0119\u017cyk\",\"url\":\"https:\/\/bluetek.pl\/\",\"logo\":{\"@type\":\"ImageObject\",\"inLanguage\":\"pl-PL\",\"@id\":\"https:\/\/bluetek.pl\/#\/schema\/logo\/image\/\",\"url\":\"https:\/\/bluetek.pl\/wp-content\/uploads\/2021\/04\/2018logo_250.png\",\"contentUrl\":\"https:\/\/bluetek.pl\/wp-content\/uploads\/2021\/04\/2018logo_250.png\",\"width\":250,\"height\":250,\"caption\":\"BLUETEK Miros\u0142aw Ksi\u0119\u017cyk\"},\"image\":{\"@id\":\"https:\/\/bluetek.pl\/#\/schema\/logo\/image\/\"}}]}<\/script>\n<!-- \/ Yoast SEO plugin. -->","yoast_head_json":{"title":"Ko\u0142owrotek bramka dost\u0119powa YAT - Systemy Rejestracji Czasu Pracy","robots":{"index":"index","follow":"follow","max-snippet":"max-snippet:-1","max-image-preview":"max-image-preview:large","max-video-preview":"max-video-preview:-1"},"canonical":"https:\/\/bluetek.pl\/index.php\/produkt\/kolowrotek-bramka-dostepowa-yat\/","og_locale":"pl_PL","og_type":"article","og_title":"Ko\u0142owrotek bramka dost\u0119powa YAT - Systemy Rejestracji Czasu Pracy","og_description":"Bramka dost\u0119powa dwu kierunkowa","og_url":"https:\/\/bluetek.pl\/index.php\/produkt\/kolowrotek-bramka-dostepowa-yat\/","og_site_name":"Systemy Rejestracji Czasu Pracy","article_modified_time":"2022-08-04T10:04:59+00:00","og_image":[{"width":600,"height":600,"url":"https:\/\/bluetek.pl\/wp-content\/uploads\/2020\/12\/kolowrotek.jpg","type":"image\/jpeg"}],"twitter_card":"summary_large_image","schema":{"@context":"https:\/\/schema.org","@graph":[{"@type":"WebPage","@id":"https:\/\/bluetek.pl\/index.php\/produkt\/kolowrotek-bramka-dostepowa-yat\/","url":"https:\/\/bluetek.pl\/index.php\/produkt\/kolowrotek-bramka-dostepowa-yat\/","name":"Ko\u0142owrotek bramka dost\u0119powa YAT - Systemy Rejestracji Czasu Pracy","isPartOf":{"@id":"https:\/\/bluetek.pl\/#website"},"datePublished":"2020-12-23T14:28:49+00:00","dateModified":"2022-08-04T10:04:59+00:00","breadcrumb":{"@id":"https:\/\/bluetek.pl\/index.php\/produkt\/kolowrotek-bramka-dostepowa-yat\/#breadcrumb"},"inLanguage":"pl-PL","potentialAction":[{"@type":"ReadAction","target":["https:\/\/bluetek.pl\/index.php\/produkt\/kolowrotek-bramka-dostepowa-yat\/"]}]},{"@type":"BreadcrumbList","@id":"https:\/\/bluetek.pl\/index.php\/produkt\/kolowrotek-bramka-dostepowa-yat\/#breadcrumb","itemListElement":[{"@type":"ListItem","position":1,"name":"Strona g\u0142\u00f3wna","item":"https:\/\/bluetek.pl\/"},{"@type":"ListItem","position":2,"name":"Systemy RCP dla Twojej firmy","item":"https:\/\/bluetek.pl\/"},{"@type":"ListItem","position":3,"name":"Ko\u0142owrotek bramka dost\u0119powa YAT"}]},{"@type":"WebSite","@id":"https:\/\/bluetek.pl\/#website","url":"https:\/\/bluetek.pl\/","name":"Systemy Rejestracji Czasu Pracy","description":"Czas si\u0119 liczy!","publisher":{"@id":"https:\/\/bluetek.pl\/#organization"},"potentialAction":[{"@type":"SearchAction","target":{"@type":"EntryPoint","urlTemplate":"https:\/\/bluetek.pl\/?s={search_term_string}"},"query-input":"required name=search_term_string"}],"inLanguage":"pl-PL"},{"@type":"Organization","@id":"https:\/\/bluetek.pl\/#organization","name":"BLUETEK Miros\u0142aw Ksi\u0119\u017cyk","url":"https:\/\/bluetek.pl\/","logo":{"@type":"ImageObject","inLanguage":"pl-PL","@id":"https:\/\/bluetek.pl\/#\/schema\/logo\/image\/","url":"https:\/\/bluetek.pl\/wp-content\/uploads\/2021\/04\/2018logo_250.png","contentUrl":"https:\/\/bluetek.pl\/wp-content\/uploads\/2021\/04\/2018logo_250.png","width":250,"height":250,"caption":"BLUETEK Miros\u0142aw Ksi\u0119\u017cyk"},"image":{"@id":"https:\/\/bluetek.pl\/#\/schema\/logo\/image\/"}}]}},"_links":{"self":[{"href":"https:\/\/bluetek.pl\/index.php\/wp-json\/wp\/v2\/product\/302"}],"collection":[{"href":"https:\/\/bluetek.pl\/index.php\/wp-json\/wp\/v2\/product"}],"about":[{"href":"https:\/\/bluetek.pl\/index.php\/wp-json\/wp\/v2\/types\/product"}],"replies":[{"embeddable":true,"href":"https:\/\/bluetek.pl\/index.php\/wp-json\/wp\/v2\/comments?post=302"}],"wp:featuredmedia":[{"embeddable":true,"href":"https:\/\/bluetek.pl\/index.php\/wp-json\/wp\/v2\/media\/303"}],"wp:attachment":[{"href":"https:\/\/bluetek.pl\/index.php\/wp-json\/wp\/v2\/media?parent=302"}],"curies":[{"name":"wp","href":"https:\/\/api.w.org\/{rel}","templated":true}]}}