{"id":285,"date":"2020-12-23T14:33:12","date_gmt":"2020-12-23T13:33:12","guid":{"rendered":"http:\/\/bluetek.pl\/?post_type=product&#038;p=285"},"modified":"2020-12-23T14:46:04","modified_gmt":"2020-12-23T13:46:04","slug":"m-f211","status":"publish","type":"product","link":"https:\/\/bluetek.pl\/index.php\/produkt\/m-f211\/","title":{"rendered":"M-F211"},"content":{"rendered":"<p>System RCP z wbudowan\u0105 funkcj\u0105 kontrolera dost\u0119pu.<\/p>\n<blockquote><p>Kompaktowy rozmiar obudowy umo\u017cliwia mieszczenie go w miejscu niedost\u0119pnym dla wi\u0119kszych modeli.<\/p><\/blockquote>\n<p>Brak klawiatury numerycznej wyklucza autoryzacje przez PIN.<\/p>\n<p>Steruje zamkiem elektromagnetycznym lub bramk\u0105 dost\u0119pow\u0105. Dzi\u0119ki wbudowanemu alarmowi informuje sekretariat lub portierni\u0119 o tym, \u017ce kto\u015b bez uprawnie\u0144 chce przej\u015b\u0107 przez drzwi obj\u0119te kontrol\u0105 dost\u0119pu. Daje mo\u017cliwo\u015b\u0107 zdalnego otwarcia drzwi &#8211; przyciskiem lub przez oprogramowanie. Mo\u017ce by\u0107 zintegrowany z centralk\u0105 alarmow\u0105. Obs\u0142uguje tak\u017ce czujnik otwarci drzwi.<br \/>\nPowy\u017csze funkcje tego rejestratora zapewniaj\u0105 pe\u0142en komfort, kontrol\u0119 nad miejscem pracy i daj\u0105 mo\u017cliwo\u015b\u0107 tworzenia stref dost\u0119pu dla pracownik\u00f3w (np. sprz\u0105taczek) tak\u017ce w okre\u015blonych dniach i godzinach. Model ten wsp\u00f3\u0142pracuj\u0105c z ko\u0142owrotkiem cz\u0119sto jest to wykorzystywane przez wiele firm produkcyjnych.<\/p>\n<p>Elegancka obudowa doskonale wkomponowuje si\u0119 w otoczenie, a kolorowy, jasny i czytelny wy\u015bwietlacz z prezentuje dat\u0119, godzin\u0119 oraz dane autoryzuj\u0105cej si\u0119 osoby.<\/p>\n","protected":false},"excerpt":{"rendered":"<p>Rejestrator z kontrol\u0105 dost\u0119pu w kompaktowej obudowie.<\/p>\n","protected":false},"featured_media":286,"comment_status":"open","ping_status":"closed","template":"","meta":[],"yoast_head":"<!-- This site is optimized with the Yoast SEO plugin v19.9 - https:\/\/yoast.com\/wordpress\/plugins\/seo\/ -->\n<title>M-F211 - Systemy Rejestracji Czasu Pracy<\/title>\n<meta name=\"robots\" content=\"index, follow, max-snippet:-1, max-image-preview:large, max-video-preview:-1\" \/>\n<link rel=\"canonical\" href=\"https:\/\/bluetek.pl\/index.php\/produkt\/m-f211\/\" \/>\n<meta property=\"og:locale\" content=\"pl_PL\" \/>\n<meta property=\"og:type\" content=\"article\" \/>\n<meta property=\"og:title\" content=\"M-F211 - Systemy Rejestracji Czasu Pracy\" \/>\n<meta property=\"og:description\" content=\"Rejestrator z kontrol\u0105 dost\u0119pu w kompaktowej obudowie.\" \/>\n<meta property=\"og:url\" content=\"https:\/\/bluetek.pl\/index.php\/produkt\/m-f211\/\" \/>\n<meta property=\"og:site_name\" content=\"Systemy Rejestracji Czasu Pracy\" \/>\n<meta property=\"article:modified_time\" content=\"2020-12-23T13:46:04+00:00\" \/>\n<meta property=\"og:image\" content=\"https:\/\/bluetek.pl\/wp-content\/uploads\/2020\/12\/M-F211_Black_01-scaled.jpg\" \/>\n\t<meta property=\"og:image:width\" content=\"2560\" \/>\n\t<meta property=\"og:image:height\" content=\"2133\" \/>\n\t<meta property=\"og:image:type\" content=\"image\/jpeg\" \/>\n<meta name=\"twitter:card\" content=\"summary_large_image\" \/>\n<meta name=\"twitter:label1\" content=\"Szacowany czas czytania\" \/>\n\t<meta name=\"twitter:data1\" content=\"1 minuta\" \/>\n<script type=\"application\/ld+json\" class=\"yoast-schema-graph\">{\"@context\":\"https:\/\/schema.org\",\"@graph\":[{\"@type\":\"WebPage\",\"@id\":\"https:\/\/bluetek.pl\/index.php\/produkt\/m-f211\/\",\"url\":\"https:\/\/bluetek.pl\/index.php\/produkt\/m-f211\/\",\"name\":\"M-F211 - Systemy Rejestracji Czasu Pracy\",\"isPartOf\":{\"@id\":\"https:\/\/bluetek.pl\/#website\"},\"datePublished\":\"2020-12-23T13:33:12+00:00\",\"dateModified\":\"2020-12-23T13:46:04+00:00\",\"breadcrumb\":{\"@id\":\"https:\/\/bluetek.pl\/index.php\/produkt\/m-f211\/#breadcrumb\"},\"inLanguage\":\"pl-PL\",\"potentialAction\":[{\"@type\":\"ReadAction\",\"target\":[\"https:\/\/bluetek.pl\/index.php\/produkt\/m-f211\/\"]}]},{\"@type\":\"BreadcrumbList\",\"@id\":\"https:\/\/bluetek.pl\/index.php\/produkt\/m-f211\/#breadcrumb\",\"itemListElement\":[{\"@type\":\"ListItem\",\"position\":1,\"name\":\"Strona g\u0142\u00f3wna\",\"item\":\"https:\/\/bluetek.pl\/\"},{\"@type\":\"ListItem\",\"position\":2,\"name\":\"Systemy RCP dla Twojej firmy\",\"item\":\"https:\/\/bluetek.pl\/\"},{\"@type\":\"ListItem\",\"position\":3,\"name\":\"M-F211\"}]},{\"@type\":\"WebSite\",\"@id\":\"https:\/\/bluetek.pl\/#website\",\"url\":\"https:\/\/bluetek.pl\/\",\"name\":\"Systemy Rejestracji Czasu Pracy\",\"description\":\"Czas si\u0119 liczy!\",\"publisher\":{\"@id\":\"https:\/\/bluetek.pl\/#organization\"},\"potentialAction\":[{\"@type\":\"SearchAction\",\"target\":{\"@type\":\"EntryPoint\",\"urlTemplate\":\"https:\/\/bluetek.pl\/?s={search_term_string}\"},\"query-input\":\"required name=search_term_string\"}],\"inLanguage\":\"pl-PL\"},{\"@type\":\"Organization\",\"@id\":\"https:\/\/bluetek.pl\/#organization\",\"name\":\"BLUETEK Miros\u0142aw Ksi\u0119\u017cyk\",\"url\":\"https:\/\/bluetek.pl\/\",\"logo\":{\"@type\":\"ImageObject\",\"inLanguage\":\"pl-PL\",\"@id\":\"https:\/\/bluetek.pl\/#\/schema\/logo\/image\/\",\"url\":\"https:\/\/bluetek.pl\/wp-content\/uploads\/2021\/04\/2018logo_250.png\",\"contentUrl\":\"https:\/\/bluetek.pl\/wp-content\/uploads\/2021\/04\/2018logo_250.png\",\"width\":250,\"height\":250,\"caption\":\"BLUETEK Miros\u0142aw Ksi\u0119\u017cyk\"},\"image\":{\"@id\":\"https:\/\/bluetek.pl\/#\/schema\/logo\/image\/\"}}]}<\/script>\n<!-- \/ Yoast SEO plugin. -->","yoast_head_json":{"title":"M-F211 - Systemy Rejestracji Czasu Pracy","robots":{"index":"index","follow":"follow","max-snippet":"max-snippet:-1","max-image-preview":"max-image-preview:large","max-video-preview":"max-video-preview:-1"},"canonical":"https:\/\/bluetek.pl\/index.php\/produkt\/m-f211\/","og_locale":"pl_PL","og_type":"article","og_title":"M-F211 - Systemy Rejestracji Czasu Pracy","og_description":"Rejestrator z kontrol\u0105 dost\u0119pu w kompaktowej obudowie.","og_url":"https:\/\/bluetek.pl\/index.php\/produkt\/m-f211\/","og_site_name":"Systemy Rejestracji Czasu Pracy","article_modified_time":"2020-12-23T13:46:04+00:00","og_image":[{"width":2560,"height":2133,"url":"https:\/\/bluetek.pl\/wp-content\/uploads\/2020\/12\/M-F211_Black_01-scaled.jpg","type":"image\/jpeg"}],"twitter_card":"summary_large_image","twitter_misc":{"Szacowany czas czytania":"1 minuta"},"schema":{"@context":"https:\/\/schema.org","@graph":[{"@type":"WebPage","@id":"https:\/\/bluetek.pl\/index.php\/produkt\/m-f211\/","url":"https:\/\/bluetek.pl\/index.php\/produkt\/m-f211\/","name":"M-F211 - Systemy Rejestracji Czasu Pracy","isPartOf":{"@id":"https:\/\/bluetek.pl\/#website"},"datePublished":"2020-12-23T13:33:12+00:00","dateModified":"2020-12-23T13:46:04+00:00","breadcrumb":{"@id":"https:\/\/bluetek.pl\/index.php\/produkt\/m-f211\/#breadcrumb"},"inLanguage":"pl-PL","potentialAction":[{"@type":"ReadAction","target":["https:\/\/bluetek.pl\/index.php\/produkt\/m-f211\/"]}]},{"@type":"BreadcrumbList","@id":"https:\/\/bluetek.pl\/index.php\/produkt\/m-f211\/#breadcrumb","itemListElement":[{"@type":"ListItem","position":1,"name":"Strona g\u0142\u00f3wna","item":"https:\/\/bluetek.pl\/"},{"@type":"ListItem","position":2,"name":"Systemy RCP dla Twojej firmy","item":"https:\/\/bluetek.pl\/"},{"@type":"ListItem","position":3,"name":"M-F211"}]},{"@type":"WebSite","@id":"https:\/\/bluetek.pl\/#website","url":"https:\/\/bluetek.pl\/","name":"Systemy Rejestracji Czasu Pracy","description":"Czas si\u0119 liczy!","publisher":{"@id":"https:\/\/bluetek.pl\/#organization"},"potentialAction":[{"@type":"SearchAction","target":{"@type":"EntryPoint","urlTemplate":"https:\/\/bluetek.pl\/?s={search_term_string}"},"query-input":"required name=search_term_string"}],"inLanguage":"pl-PL"},{"@type":"Organization","@id":"https:\/\/bluetek.pl\/#organization","name":"BLUETEK Miros\u0142aw Ksi\u0119\u017cyk","url":"https:\/\/bluetek.pl\/","logo":{"@type":"ImageObject","inLanguage":"pl-PL","@id":"https:\/\/bluetek.pl\/#\/schema\/logo\/image\/","url":"https:\/\/bluetek.pl\/wp-content\/uploads\/2021\/04\/2018logo_250.png","contentUrl":"https:\/\/bluetek.pl\/wp-content\/uploads\/2021\/04\/2018logo_250.png","width":250,"height":250,"caption":"BLUETEK Miros\u0142aw Ksi\u0119\u017cyk"},"image":{"@id":"https:\/\/bluetek.pl\/#\/schema\/logo\/image\/"}}]}},"_links":{"self":[{"href":"https:\/\/bluetek.pl\/index.php\/wp-json\/wp\/v2\/product\/285"}],"collection":[{"href":"https:\/\/bluetek.pl\/index.php\/wp-json\/wp\/v2\/product"}],"about":[{"href":"https:\/\/bluetek.pl\/index.php\/wp-json\/wp\/v2\/types\/product"}],"replies":[{"embeddable":true,"href":"https:\/\/bluetek.pl\/index.php\/wp-json\/wp\/v2\/comments?post=285"}],"wp:featuredmedia":[{"embeddable":true,"href":"https:\/\/bluetek.pl\/index.php\/wp-json\/wp\/v2\/media\/286"}],"wp:attachment":[{"href":"https:\/\/bluetek.pl\/index.php\/wp-json\/wp\/v2\/media?parent=285"}],"curies":[{"name":"wp","href":"https:\/\/api.w.org\/{rel}","templated":true}]}}