{"id":232,"date":"2020-12-23T12:50:10","date_gmt":"2020-12-23T11:50:10","guid":{"rendered":"http:\/\/h4h.pl\/projekty\/realand.pl\/?post_type=product&#038;p=232"},"modified":"2026-03-30T10:10:34","modified_gmt":"2026-03-30T08:10:34","slug":"program-report","status":"publish","type":"product","link":"https:\/\/bluetek.pl\/index.php\/produkt\/program-report\/","title":{"rendered":"Program Report Windows"},"content":{"rendered":"<h2>Co wyr\u00f3\u017cnia program Report?<\/h2>\n<p>Firma Realand produkuje \u015bwietny sprz\u0119t do rejestracji czasu pracy, wraz z zakupem sprz\u0119tu dostajecie Pa\u0144stwo od producenta darmowy program RAMS kt\u00f3ry niestety jest s\u0142ab\u0105 stron\u0105 tego produktu, w cz\u0119\u015bci przypadk\u00f3w jego jako\u015b\u0107 i funkcjonalno\u015b\u0107 b\u0119d\u0105 wystarczaj\u0105ce, jednak cz\u0119\u015b\u0107 firm potrzebuje bogatszego i bardziej konfigurowalnego systemu.<\/p>\n<blockquote><p>BLUETEK wyszed\u0142 na przeciw tym oczekiwaniom i w tym celu udost\u0119pniamy nasz\u0105 autorsk\u0105 nak\u0142adk\u0119 na program RAMS o nazwie Report<\/p><\/blockquote>\n<p style=\"text-align: center;\"><img decoding=\"async\" loading=\"lazy\" class=\"alignnone wp-image-862 size-large\" src=\"https:\/\/bluetek.pl\/wp-content\/uploads\/2020\/12\/widok_raportu_dziennego-1-1024x611.png\" alt=\"\" width=\"980\" height=\"585\" srcset=\"https:\/\/bluetek.pl\/wp-content\/uploads\/2020\/12\/widok_raportu_dziennego-1-1024x611.png 1024w, https:\/\/bluetek.pl\/wp-content\/uploads\/2020\/12\/widok_raportu_dziennego-1-300x179.png 300w, https:\/\/bluetek.pl\/wp-content\/uploads\/2020\/12\/widok_raportu_dziennego-1-768x458.png 768w, https:\/\/bluetek.pl\/wp-content\/uploads\/2020\/12\/widok_raportu_dziennego-1-1536x917.png 1536w, https:\/\/bluetek.pl\/wp-content\/uploads\/2020\/12\/widok_raportu_dziennego-1-416x248.png 416w, https:\/\/bluetek.pl\/wp-content\/uploads\/2020\/12\/widok_raportu_dziennego-1.png 1920w\" sizes=\"(max-width: 980px) 100vw, 980px\" \/><\/p>\n<h2>Wsparcie dla wielu rodzaj\u00f3w rejestrator\u00f3w<\/h2>\n<p>Od wersji 1.9 program wspiera urz\u0105dzenia producent\u00f3w:<\/p>\n<ol>\n<li><strong>Realand<\/strong> &#8211; wszystkie modele z komunikacja LAN lub WIFI<\/li>\n<li><strong>ZKTeco<\/strong> (modele iClock660, <a href=\"https:\/\/bluetek.pl\/index.php\/produkt\/zkteco-iclock-s880\/\">iClockS880<\/a> oraz podobne z portem LAN lub WIFI pracuj\u0105ce na porcie 4370)<\/li>\n<li><strong>TimeLok<\/strong> (wszystkie modele z portem LAN lub WIFI pracuj\u0105ce na porcie 5005 oparte na modelu <a href=\"https:\/\/bluetek.pl\/index.php\/produkt\/rejestrator-czasu-pracy-s360\/\">SmackBio<\/a>)<\/li>\n<\/ol>\n<p>Urz\u0105dzenia mo\u017cna dowolnie miesza\u0107 w ramach systemu, co znaczy \u017ce w jednym programie Report mog\u0105 pracowa\u0107 urz\u0105dzenia wielu producent\u00f3w.<\/p>\n<p>Je\u015bli chcia\u0142by\u015b si\u0119 dowiedzie\u0107 czy tw\u00f3j aktualny rejestrator jest wspierany \u2013 skontaktuj si\u0119 z nami, przeprowadzimy zdalne testy i zweryfikujemy kompatybilno\u015b\u0107 Twojego systemu.<\/p>\n<blockquote><p><strong>Wreszcie nie jeste\u015b ju\u017c skazani na programy dostarczane wraz z urz\u0105dzeniami!<\/strong><\/p><\/blockquote>\n<h2>Jakie b\u0142\u0119dy programu RAMS naprawia Report?<\/h2>\n<blockquote><p>Przede wszystkim Report poprawnie liczy nie limitowany czas pracy kt\u00f3ry przechodzi przez p\u00f3\u0142noc, wielu naszych klient\u00f3w z bran\u017c takich jak gastronomia, hotelarstwo i przede wszystkim produkcja ze zmianami nocnymi m\u0119czy\u0142o si\u0119 z problemem wyliczania poprawnego czasu pracy w warunkach nocnych. Program Report ca\u0142kowicie rozwi\u0105zuje t\u0105 kwestie a przy okazji wprowadza wiele przydatnych funkcji takich jak np. osobne kwalifikowanie godzin nocnych.<\/p><\/blockquote>\n<p>Program RAMS prezentuje godziny w formie ksi\u0119gowej w kt\u00f3rej 6:15 minut jest prezentowane jako 6,25 co czasami sprawia problemy u\u017cytkownikom i pracownikom. W programie Report mo\u017cna wybra\u0107 format prezentowania danych miedzy klasycznym zegarowym a ksi\u0119gowym.<\/p>\n<blockquote><p>Program RAMS ma b\u0142\u0119dnie zaimplementowan\u0105 funkcje sortowania danych kt\u00f3ra sortuje liczby alfabetycznie, czyli po prostu nie dzia\u0142a. Report naprawia ten problem.<\/p><\/blockquote>\n<p>Program RAMS pozwala na filtrowanie pracownik\u00f3w, jednak ta funkcja w wielu przypadkach nie dzia\u0142a prawid\u0142owo, to r\u00f3wnie\u017c naprawia Report.<\/p>\n<p><img decoding=\"async\" loading=\"lazy\" class=\"alignnone wp-image-863 size-large\" src=\"https:\/\/bluetek.pl\/wp-content\/uploads\/2020\/12\/widok_raportu_okresowego-1-1024x823.png\" alt=\"\" width=\"980\" height=\"788\" srcset=\"https:\/\/bluetek.pl\/wp-content\/uploads\/2020\/12\/widok_raportu_okresowego-1-1024x823.png 1024w, https:\/\/bluetek.pl\/wp-content\/uploads\/2020\/12\/widok_raportu_okresowego-1-300x241.png 300w, https:\/\/bluetek.pl\/wp-content\/uploads\/2020\/12\/widok_raportu_okresowego-1-768x617.png 768w, https:\/\/bluetek.pl\/wp-content\/uploads\/2020\/12\/widok_raportu_okresowego-1-416x334.png 416w, https:\/\/bluetek.pl\/wp-content\/uploads\/2020\/12\/widok_raportu_okresowego-1.png 1263w\" sizes=\"(max-width: 980px) 100vw, 980px\" \/><\/p>\n<h2>Jakie funkcje dodatkowe wprowadza Report?<\/h2>\n<ul>\n<li>Program poprawnie liczy czas pracy w przypadku pracy przechodz\u0105cej przez p\u00f3\u0142noc oraz w przypadku wielokrotnego rozpocz\u0119cia\/zako\u0144czenia pracy w ci\u0105gu jednego dnia.<\/li>\n<li>Wyliczanie nadgodzin w programie report polega na por\u00f3wnaniu ich czasu pracy z normatywem za dany miesi\u0105c, program sam wylicza jaki jest normatyw dla ka\u017cdego pracownika uwzgl\u0119dniaj\u0105c takie warto\u015bci jak urlopy czy wcze\u015bniejsze wyj\u015bcia i wylicza podsumowanie dodatnie je\u015bli by\u0142y nadgodziny lub ujemne je\u015bli pracownik mia\u0142 za ma\u0142o godzin pracy.<\/li>\n<li>Wy\u015bwietlanie aktualnego statusu za\u0142ogi &#8211; wida\u0107 kto jest aktualnie w pracy a kogo jeszcze nie ma.<\/li>\n<li>Godziny nocne &#8211; po skonfigurowaniu godziny rozpocz\u0119cia i zako\u0144czenia godzin nocnych program automatycznie kwalifikuje czas pracy w godzinach nocnych i wyszczeg\u00f3lnia go w osobnej kolumnie<\/li>\n<li>Godziny weekendowe &#8211; praca weekendy wyszczeg\u00f3lniona w osobnej kolumnie<\/li>\n<li>Praca \u0142\u0105cznie &#8211; suma dla: praca podstawowa, weekendowa oraz nocna<\/li>\n<li>Czas przerw &#8211; w tej kolumnie jest prezentowany czas przerw bezp\u0142atnych (wyj\u015bcia prywatne takie jak przerwy na papierosa)<\/li>\n<li>Eksport PDF &#8211; gotowy wydruk w formacie PDF kt\u00f3ry na \u017cyczenie klienta mo\u017cna dowolnie zmodyfikowa\u0107 poprzez dodanie\/usuni\u0119cie kolumn<\/li>\n<li>Eksport- wystawienie danych do arkusza Excel lub pliku tekstowego, mo\u017cna modyfikowa\u0107 ilo\u015b\u0107 i format danych. Co wa\u017cne, znajduj\u0105 si\u0119 tu gotowe formaty eksportu do zewn\u0119trznych paragram\u00f3w kadrowych<\/li>\n<li>Zaokr\u0105glenie czasu pracy w wybranym zakresie 5,10,15,30 lub 60minut, dzi\u0119ki temu mo\u017cna w prosty spos\u00f3b pozby\u0107 si\u0119 codziennych mikro nadgodzin kt\u00f3re w uj\u0119ciu miesi\u0119cznym kumuluj\u0105 si\u0119 z faktycznymi nadgodzinami pracownika.<\/li>\n<li>Prezentacja czasu pracy w formacie przejrzystych pask\u00f3w<br \/>\n<img decoding=\"async\" loading=\"lazy\" class=\"alignnone wp-image-853 size-full\" src=\"https:\/\/bluetek.pl\/wp-content\/uploads\/2020\/12\/paski_czasu_pracy.png\" alt=\"\" width=\"650\" height=\"106\" srcset=\"https:\/\/bluetek.pl\/wp-content\/uploads\/2020\/12\/paski_czasu_pracy.png 650w, https:\/\/bluetek.pl\/wp-content\/uploads\/2020\/12\/paski_czasu_pracy-300x49.png 300w, https:\/\/bluetek.pl\/wp-content\/uploads\/2020\/12\/paski_czasu_pracy-416x68.png 416w\" sizes=\"(max-width: 650px) 100vw, 650px\" \/><\/li>\n<li>W programie Report mo\u017cna zdefiniowa\u0107 stanowiska ze stawkami godzinowymi i na podstawie tych danych automatycznie wylicza\u0107 p\u0142ace.<\/li>\n<li>Program wykrywa i odpowiednio oznacza duplikaty odbi\u0107 powstaj\u0105cy gdy pracownik zbyt d\u0142ugo trzyma kart\u0119 przy czytniku<br \/>\n<img decoding=\"async\" loading=\"lazy\" class=\"alignnone wp-image-852 size-full\" src=\"https:\/\/bluetek.pl\/wp-content\/uploads\/2020\/12\/wykrywanie_i_ignorowanie_duplikatow.png\" alt=\"\" width=\"954\" height=\"256\" srcset=\"https:\/\/bluetek.pl\/wp-content\/uploads\/2020\/12\/wykrywanie_i_ignorowanie_duplikatow.png 954w, https:\/\/bluetek.pl\/wp-content\/uploads\/2020\/12\/wykrywanie_i_ignorowanie_duplikatow-300x81.png 300w, https:\/\/bluetek.pl\/wp-content\/uploads\/2020\/12\/wykrywanie_i_ignorowanie_duplikatow-768x206.png 768w, https:\/\/bluetek.pl\/wp-content\/uploads\/2020\/12\/wykrywanie_i_ignorowanie_duplikatow-416x112.png 416w\" sizes=\"(max-width: 954px) 100vw, 954px\" \/><\/li>\n<li>Proste organizowanie pracownik\u00f3w w grupy\/wydzia\u0142y, r\u00f3wnie\u017c przez gesty przeci\u0105gania\/upuszczania.<\/li>\n<li>Proste dodawanie pracownik\u00f3w do rejestrator\u00f3w, r\u00f3wnie\u017c przez gesty przeci\u0105gni\u0119cia\/upuszczenia.<\/li>\n<li>Rozbudowane funkcje urlopowe (17 typ\u00f3w nie obecno\u015bci), wyliczanie limit urlopowych, kontrola przekroczenia limit\u00f3w<\/li>\n<\/ul>\n<h2>Wszystkie potrzebne funkcje pod r\u0119k\u0105<\/h2>\n<p>Menu kontekstowe widoku pracownik\u00f3w:<\/p>\n<p><img decoding=\"async\" loading=\"lazy\" class=\"alignnone wp-image-847 size-full\" src=\"https:\/\/bluetek.pl\/wp-content\/uploads\/2020\/12\/menu_kontestowe_pracownika.png\" alt=\"\" width=\"742\" height=\"657\" srcset=\"https:\/\/bluetek.pl\/wp-content\/uploads\/2020\/12\/menu_kontestowe_pracownika.png 742w, https:\/\/bluetek.pl\/wp-content\/uploads\/2020\/12\/menu_kontestowe_pracownika-300x266.png 300w, https:\/\/bluetek.pl\/wp-content\/uploads\/2020\/12\/menu_kontestowe_pracownika-416x368.png 416w\" sizes=\"(max-width: 742px) 100vw, 742px\" \/><\/p>\n<p>Menu kontekstowe w widokach danych:<\/p>\n<p><img decoding=\"async\" loading=\"lazy\" class=\"alignnone wp-image-848 size-full\" src=\"https:\/\/bluetek.pl\/wp-content\/uploads\/2020\/12\/menu_kontestowe_raportu_dziennego.png\" alt=\"\" width=\"675\" height=\"522\" srcset=\"https:\/\/bluetek.pl\/wp-content\/uploads\/2020\/12\/menu_kontestowe_raportu_dziennego.png 675w, https:\/\/bluetek.pl\/wp-content\/uploads\/2020\/12\/menu_kontestowe_raportu_dziennego-300x232.png 300w, https:\/\/bluetek.pl\/wp-content\/uploads\/2020\/12\/menu_kontestowe_raportu_dziennego-416x322.png 416w\" sizes=\"(max-width: 675px) 100vw, 675px\" \/><\/p>\n<p>Menu kontekstowe na rekordach RCP:<br \/>\n<img decoding=\"async\" loading=\"lazy\" class=\"alignnone wp-image-846 size-full\" src=\"https:\/\/bluetek.pl\/wp-content\/uploads\/2020\/12\/menu_kontestowe_danych_zrodlowych.png\" alt=\"\" width=\"649\" height=\"169\" srcset=\"https:\/\/bluetek.pl\/wp-content\/uploads\/2020\/12\/menu_kontestowe_danych_zrodlowych.png 649w, https:\/\/bluetek.pl\/wp-content\/uploads\/2020\/12\/menu_kontestowe_danych_zrodlowych-300x78.png 300w, https:\/\/bluetek.pl\/wp-content\/uploads\/2020\/12\/menu_kontestowe_danych_zrodlowych-416x108.png 416w\" sizes=\"(max-width: 649px) 100vw, 649px\" \/><\/p>\n<p>Rozbudowane funkcje rejestrowania nie obecno\u015bci, dost\u0119pne jest 17 typ\u00f3w:<\/p>\n<ol>\n<li>urlop wypoczynkowy<\/li>\n<li>zwolnienie lekarskie L4<\/li>\n<li>nieobecno\u015b\u0107 usprawiedliwiona<\/li>\n<li>urlop okoliczno\u015bciowy<\/li>\n<li>urlop macierzy\u0144ski<\/li>\n<li>dni na posz. pracy<\/li>\n<li>opieka 188 KP<\/li>\n<li>turnus rehabilitacyjny<\/li>\n<li>urlop bezp\u0142atny<\/li>\n<li>urlop dodatkowy niepe\u0142nosprawny<\/li>\n<li>urlop si\u0142a wy\u017csza<\/li>\n<li>urlop szkoleniowy<\/li>\n<li>oddanie krwi<\/li>\n<li>urlop rodzicielski<\/li>\n<li>urlop wychowawczy<\/li>\n<li>oddanie NG z poprzedniego miesi\u0105ca<\/li>\n<li>urlop pracownika pomocy spo\u0142ecznej<\/li>\n<\/ol>\n<p>Poszczeg\u00f3lne typu moj\u0105 swoje w\u0142asne limity wynikaj\u0105ce z ustawy o prawie pracy oraz sta\u017cu pracownika.<\/p>\n<p><img decoding=\"async\" loading=\"lazy\" class=\"alignnone wp-image-892 size-full\" src=\"https:\/\/bluetek.pl\/wp-content\/uploads\/2020\/12\/wodok_edytora_urlopow_limity.png\" alt=\"\" width=\"599\" height=\"405\" srcset=\"https:\/\/bluetek.pl\/wp-content\/uploads\/2020\/12\/wodok_edytora_urlopow_limity.png 599w, https:\/\/bluetek.pl\/wp-content\/uploads\/2020\/12\/wodok_edytora_urlopow_limity-300x203.png 300w, https:\/\/bluetek.pl\/wp-content\/uploads\/2020\/12\/wodok_edytora_urlopow_limity-416x281.png 416w\" sizes=\"(max-width: 599px) 100vw, 599px\" \/><\/p>\n<p>Pracownik mo\u017ce sam zg\u0142asza\u0107 wnioski urlopowe przez telefon lub komputer.<\/p>\n<h2>Prosta i szybka weryfikacja osoby wykonuj\u0105cej odbicia<\/h2>\n<p>Funkcja pozwala w szybki spos\u00f3b sprawdzi\u0107 czy osoba wykonuj\u0105ca odbicie pos\u0142uguje si\u0119 w\u0142asn\u0105 kart\u0105\/pinem:<\/p>\n<p><a href=\"https:\/\/bluetek.pl\/index.php\/dokumentacja\/programu-report-do-obslugi-rejestratorow-realand\/zdjecie_rcp\/\"><img decoding=\"async\" loading=\"lazy\" class=\"aligncenter wp-image-773 size-medium\" src=\"https:\/\/bluetek.pl\/wp-content\/uploads\/2025\/03\/zdjecie_rcp-300x201.jpg\" alt=\"\" width=\"300\" height=\"201\" srcset=\"https:\/\/bluetek.pl\/wp-content\/uploads\/2025\/03\/zdjecie_rcp-300x201.jpg 300w, https:\/\/bluetek.pl\/wp-content\/uploads\/2025\/03\/zdjecie_rcp-416x279.jpg 416w, https:\/\/bluetek.pl\/wp-content\/uploads\/2025\/03\/zdjecie_rcp.jpg 674w\" sizes=\"(max-width: 300px) 100vw, 300px\" \/><\/a><\/p>\n<h2>Raport Excel dok\u0142adnie taki jakiego potrzebujesz<\/h2>\n<p>Raport zawiera podsumowanie oraz informacje szczeg\u00f3\u0142owe.<\/p>\n<p>Pierwsza zak\u0142adka z podsumowaniem:<\/p>\n<p><a href=\"https:\/\/bluetek.pl\/?attachment_id=761\"><img decoding=\"async\" loading=\"lazy\" class=\"aligncenter wp-image-761 size-large\" src=\"https:\/\/bluetek.pl\/wp-content\/uploads\/2020\/12\/Raport_excel_podsumowanie-1024x975.jpg\" alt=\"\" width=\"980\" height=\"933\" srcset=\"https:\/\/bluetek.pl\/wp-content\/uploads\/2020\/12\/Raport_excel_podsumowanie-1024x975.jpg 1024w, https:\/\/bluetek.pl\/wp-content\/uploads\/2020\/12\/Raport_excel_podsumowanie-300x286.jpg 300w, https:\/\/bluetek.pl\/wp-content\/uploads\/2020\/12\/Raport_excel_podsumowanie-768x731.jpg 768w, https:\/\/bluetek.pl\/wp-content\/uploads\/2020\/12\/Raport_excel_podsumowanie-416x396.jpg 416w, https:\/\/bluetek.pl\/wp-content\/uploads\/2020\/12\/Raport_excel_podsumowanie.jpg 1068w\" sizes=\"(max-width: 980px) 100vw, 980px\" \/><\/a><\/p>\n<p>Zak\u0142adki pracownika:<\/p>\n<p><a href=\"https:\/\/bluetek.pl\/?attachment_id=760\"><img decoding=\"async\" loading=\"lazy\" class=\"aligncenter wp-image-760 size-full\" src=\"https:\/\/bluetek.pl\/wp-content\/uploads\/2020\/12\/Raport_excel_osoba.jpg\" alt=\"\" width=\"847\" height=\"973\" srcset=\"https:\/\/bluetek.pl\/wp-content\/uploads\/2020\/12\/Raport_excel_osoba.jpg 847w, https:\/\/bluetek.pl\/wp-content\/uploads\/2020\/12\/Raport_excel_osoba-261x300.jpg 261w, https:\/\/bluetek.pl\/wp-content\/uploads\/2020\/12\/Raport_excel_osoba-768x882.jpg 768w, https:\/\/bluetek.pl\/wp-content\/uploads\/2020\/12\/Raport_excel_osoba-416x478.jpg 416w\" sizes=\"(max-width: 847px) 100vw, 847px\" \/><\/a><\/p>\n<h2>Od widoku og\u00f3lnego do szczeg\u00f3\u0142owego<\/h2>\n<p><img decoding=\"async\" loading=\"lazy\" class=\"alignnone wp-image-868 size-large\" src=\"https:\/\/bluetek.pl\/wp-content\/uploads\/2020\/12\/widok_raportu_kalendarzowego-1024x611.png\" alt=\"\" width=\"980\" height=\"585\" srcset=\"https:\/\/bluetek.pl\/wp-content\/uploads\/2020\/12\/widok_raportu_kalendarzowego-1024x611.png 1024w, https:\/\/bluetek.pl\/wp-content\/uploads\/2020\/12\/widok_raportu_kalendarzowego-300x179.png 300w, https:\/\/bluetek.pl\/wp-content\/uploads\/2020\/12\/widok_raportu_kalendarzowego-768x458.png 768w, https:\/\/bluetek.pl\/wp-content\/uploads\/2020\/12\/widok_raportu_kalendarzowego-1536x917.png 1536w, https:\/\/bluetek.pl\/wp-content\/uploads\/2020\/12\/widok_raportu_kalendarzowego-416x248.png 416w, https:\/\/bluetek.pl\/wp-content\/uploads\/2020\/12\/widok_raportu_kalendarzowego.png 1920w\" sizes=\"(max-width: 980px) 100vw, 980px\" \/><\/p>\n<h2>Wsp\u00f3\u0142praca z programami kadrowymi firm trzecich<\/h2>\n<p>Poprzez funkcje eksportu danych mo\u017cemy wstawi\u0107 plik RCP dla program\u00f3w takich jak:<\/p>\n<ul>\n<li>Symfonia,<\/li>\n<li>Wapro,<\/li>\n<li>Enova,<\/li>\n<li>Optima<\/li>\n<\/ul>\n<p>Funkcja eksportu wystawia dane r\u00f3wnie\u017c w formatach:<\/p>\n<ul>\n<li>HSK<\/li>\n<li>Roger<\/li>\n<li>Roger4<\/li>\n<li>BIBI<\/li>\n<li>Belma<\/li>\n<\/ul>\n<h2>Wsparcie techniczne i <a href=\"https:\/\/bluetek.pl\/index.php\/dokumentacja\/programu-report-do-obslugi-rejestratorow-realand\/\">aktualizacje<\/a><\/h2>\n<p>Program jest ci\u0105gle rozwijany, dochodz\u0105 nowe funkcje i formaty eksportowe, jeste\u015bmy autorem tego programu i mo\u017cemy dowolnie zmodyfikowa\u0107 jego funkcjonalno\u015b\u0107 pod potrzeby klienta.<\/p>\n<p>Koszt programu obejmuj\u0105c\u0105 licencje pozwalaj\u0105c\u0105 na instalacje w jednej firmie, w cenie jest bezterminowe wsparcie techniczne oraz aktualizacje:<\/p>\n<ul>\n<li>funkcjonalne przez okres 12mcy,<\/li>\n<li>prawne\/bezpiecze\u0144stwa przez okres 24mcy.<\/li>\n<\/ul>\n<p>Program Report Standard jest programem bez abonamentowym, mo\u017cliwe s\u0105 inne wersje abonamentowe o kt\u00f3rych <a href=\"https:\/\/bluetek.pl\/index.php\/dokumentacja\/opis-dostepnych-licencji-programu-report\/\">przeczytasz tutaj<\/a>.<\/p>\n<p style=\"text-align: center;\"><a href=\"https:\/\/report.bluetek.pl\/\" target=\"_blank\" rel=\"noopener\"><img decoding=\"async\" loading=\"lazy\" class=\"aligncenter wp-image-883 size-full\" src=\"https:\/\/bluetek.pl\/wp-content\/uploads\/2020\/12\/install.png\" alt=\"Aktualn\u0105 wersje programu Bluetek RCP Report mo\u017cesz pobra\u0107 tutaj \" width=\"128\" height=\"128\" srcset=\"https:\/\/bluetek.pl\/wp-content\/uploads\/2020\/12\/install.png 128w, https:\/\/bluetek.pl\/wp-content\/uploads\/2020\/12\/install-100x100.png 100w\" sizes=\"(max-width: 128px) 100vw, 128px\" \/><\/a><\/p>\n<p>Dost\u0119pna jest kompilacja dla Windows oraz MacOS.<\/p>\n","protected":false},"excerpt":{"rendered":"<p>Zaawansowany program do generowania raport\u00f3w i synchronizacji zapis\u00f3w RCP z systemami zewn\u0119trznymi.<br \/>\nProgram jest aktywnie rozwijany zobacz <a href=\"https:\/\/bluetek.pl\/index.php\/dokumentacja\/programu-report-do-obslugi-rejestratorow-realand\/\">aktualn\u0105 wersje zmian w programie<\/a>.<\/p>\n","protected":false},"featured_media":850,"comment_status":"open","ping_status":"closed","template":"","meta":[],"yoast_head":"<!-- This site is optimized with the Yoast SEO plugin v19.9 - https:\/\/yoast.com\/wordpress\/plugins\/seo\/ -->\n<title>Program Report Windows - Systemy Rejestracji Czasu Pracy<\/title>\n<meta name=\"robots\" content=\"index, follow, max-snippet:-1, max-image-preview:large, max-video-preview:-1\" \/>\n<link rel=\"canonical\" href=\"https:\/\/bluetek.pl\/index.php\/produkt\/program-report\/\" \/>\n<meta property=\"og:locale\" content=\"pl_PL\" \/>\n<meta property=\"og:type\" content=\"article\" \/>\n<meta property=\"og:title\" content=\"Program Report Windows - Systemy Rejestracji Czasu Pracy\" \/>\n<meta property=\"og:description\" content=\"Zaawansowany program do generowania raport\u00f3w i synchronizacji zapis\u00f3w RCP z systemami zewn\u0119trznymi. Program jest aktywnie rozwijany zobacz aktualn\u0105 wersje zmian w programie.\" \/>\n<meta property=\"og:url\" content=\"https:\/\/bluetek.pl\/index.php\/produkt\/program-report\/\" \/>\n<meta property=\"og:site_name\" content=\"Systemy Rejestracji Czasu Pracy\" \/>\n<meta property=\"article:modified_time\" content=\"2026-03-30T08:10:34+00:00\" \/>\n<meta property=\"og:image\" content=\"https:\/\/bluetek.pl\/wp-content\/uploads\/2020\/12\/widok_raportu_dziennego.png\" \/>\n\t<meta property=\"og:image:width\" content=\"1263\" \/>\n\t<meta property=\"og:image:height\" content=\"1015\" \/>\n\t<meta property=\"og:image:type\" content=\"image\/png\" \/>\n<meta name=\"twitter:card\" content=\"summary_large_image\" \/>\n<meta name=\"twitter:label1\" content=\"Szacowany czas czytania\" \/>\n\t<meta name=\"twitter:data1\" content=\"8 minut\" \/>\n<script type=\"application\/ld+json\" class=\"yoast-schema-graph\">{\"@context\":\"https:\/\/schema.org\",\"@graph\":[{\"@type\":\"WebPage\",\"@id\":\"https:\/\/bluetek.pl\/index.php\/produkt\/program-report\/\",\"url\":\"https:\/\/bluetek.pl\/index.php\/produkt\/program-report\/\",\"name\":\"Program Report Windows - Systemy Rejestracji Czasu Pracy\",\"isPartOf\":{\"@id\":\"https:\/\/bluetek.pl\/#website\"},\"datePublished\":\"2020-12-23T11:50:10+00:00\",\"dateModified\":\"2026-03-30T08:10:34+00:00\",\"breadcrumb\":{\"@id\":\"https:\/\/bluetek.pl\/index.php\/produkt\/program-report\/#breadcrumb\"},\"inLanguage\":\"pl-PL\",\"potentialAction\":[{\"@type\":\"ReadAction\",\"target\":[\"https:\/\/bluetek.pl\/index.php\/produkt\/program-report\/\"]}]},{\"@type\":\"BreadcrumbList\",\"@id\":\"https:\/\/bluetek.pl\/index.php\/produkt\/program-report\/#breadcrumb\",\"itemListElement\":[{\"@type\":\"ListItem\",\"position\":1,\"name\":\"Strona g\u0142\u00f3wna\",\"item\":\"https:\/\/bluetek.pl\/\"},{\"@type\":\"ListItem\",\"position\":2,\"name\":\"Systemy RCP dla Twojej firmy\",\"item\":\"https:\/\/bluetek.pl\/\"},{\"@type\":\"ListItem\",\"position\":3,\"name\":\"Program Report Windows\"}]},{\"@type\":\"WebSite\",\"@id\":\"https:\/\/bluetek.pl\/#website\",\"url\":\"https:\/\/bluetek.pl\/\",\"name\":\"Systemy Rejestracji Czasu Pracy\",\"description\":\"Czas si\u0119 liczy!\",\"publisher\":{\"@id\":\"https:\/\/bluetek.pl\/#organization\"},\"potentialAction\":[{\"@type\":\"SearchAction\",\"target\":{\"@type\":\"EntryPoint\",\"urlTemplate\":\"https:\/\/bluetek.pl\/?s={search_term_string}\"},\"query-input\":\"required name=search_term_string\"}],\"inLanguage\":\"pl-PL\"},{\"@type\":\"Organization\",\"@id\":\"https:\/\/bluetek.pl\/#organization\",\"name\":\"BLUETEK Miros\u0142aw Ksi\u0119\u017cyk\",\"url\":\"https:\/\/bluetek.pl\/\",\"logo\":{\"@type\":\"ImageObject\",\"inLanguage\":\"pl-PL\",\"@id\":\"https:\/\/bluetek.pl\/#\/schema\/logo\/image\/\",\"url\":\"https:\/\/bluetek.pl\/wp-content\/uploads\/2021\/04\/2018logo_250.png\",\"contentUrl\":\"https:\/\/bluetek.pl\/wp-content\/uploads\/2021\/04\/2018logo_250.png\",\"width\":250,\"height\":250,\"caption\":\"BLUETEK Miros\u0142aw Ksi\u0119\u017cyk\"},\"image\":{\"@id\":\"https:\/\/bluetek.pl\/#\/schema\/logo\/image\/\"}}]}<\/script>\n<!-- \/ Yoast SEO plugin. -->","yoast_head_json":{"title":"Program Report Windows - Systemy Rejestracji Czasu Pracy","robots":{"index":"index","follow":"follow","max-snippet":"max-snippet:-1","max-image-preview":"max-image-preview:large","max-video-preview":"max-video-preview:-1"},"canonical":"https:\/\/bluetek.pl\/index.php\/produkt\/program-report\/","og_locale":"pl_PL","og_type":"article","og_title":"Program Report Windows - Systemy Rejestracji Czasu Pracy","og_description":"Zaawansowany program do generowania raport\u00f3w i synchronizacji zapis\u00f3w RCP z systemami zewn\u0119trznymi. Program jest aktywnie rozwijany zobacz aktualn\u0105 wersje zmian w programie.","og_url":"https:\/\/bluetek.pl\/index.php\/produkt\/program-report\/","og_site_name":"Systemy Rejestracji Czasu Pracy","article_modified_time":"2026-03-30T08:10:34+00:00","og_image":[{"width":1263,"height":1015,"url":"https:\/\/bluetek.pl\/wp-content\/uploads\/2020\/12\/widok_raportu_dziennego.png","type":"image\/png"}],"twitter_card":"summary_large_image","twitter_misc":{"Szacowany czas czytania":"8 minut"},"schema":{"@context":"https:\/\/schema.org","@graph":[{"@type":"WebPage","@id":"https:\/\/bluetek.pl\/index.php\/produkt\/program-report\/","url":"https:\/\/bluetek.pl\/index.php\/produkt\/program-report\/","name":"Program Report Windows - Systemy Rejestracji Czasu Pracy","isPartOf":{"@id":"https:\/\/bluetek.pl\/#website"},"datePublished":"2020-12-23T11:50:10+00:00","dateModified":"2026-03-30T08:10:34+00:00","breadcrumb":{"@id":"https:\/\/bluetek.pl\/index.php\/produkt\/program-report\/#breadcrumb"},"inLanguage":"pl-PL","potentialAction":[{"@type":"ReadAction","target":["https:\/\/bluetek.pl\/index.php\/produkt\/program-report\/"]}]},{"@type":"BreadcrumbList","@id":"https:\/\/bluetek.pl\/index.php\/produkt\/program-report\/#breadcrumb","itemListElement":[{"@type":"ListItem","position":1,"name":"Strona g\u0142\u00f3wna","item":"https:\/\/bluetek.pl\/"},{"@type":"ListItem","position":2,"name":"Systemy RCP dla Twojej firmy","item":"https:\/\/bluetek.pl\/"},{"@type":"ListItem","position":3,"name":"Program Report Windows"}]},{"@type":"WebSite","@id":"https:\/\/bluetek.pl\/#website","url":"https:\/\/bluetek.pl\/","name":"Systemy Rejestracji Czasu Pracy","description":"Czas si\u0119 liczy!","publisher":{"@id":"https:\/\/bluetek.pl\/#organization"},"potentialAction":[{"@type":"SearchAction","target":{"@type":"EntryPoint","urlTemplate":"https:\/\/bluetek.pl\/?s={search_term_string}"},"query-input":"required name=search_term_string"}],"inLanguage":"pl-PL"},{"@type":"Organization","@id":"https:\/\/bluetek.pl\/#organization","name":"BLUETEK Miros\u0142aw Ksi\u0119\u017cyk","url":"https:\/\/bluetek.pl\/","logo":{"@type":"ImageObject","inLanguage":"pl-PL","@id":"https:\/\/bluetek.pl\/#\/schema\/logo\/image\/","url":"https:\/\/bluetek.pl\/wp-content\/uploads\/2021\/04\/2018logo_250.png","contentUrl":"https:\/\/bluetek.pl\/wp-content\/uploads\/2021\/04\/2018logo_250.png","width":250,"height":250,"caption":"BLUETEK Miros\u0142aw Ksi\u0119\u017cyk"},"image":{"@id":"https:\/\/bluetek.pl\/#\/schema\/logo\/image\/"}}]}},"_links":{"self":[{"href":"https:\/\/bluetek.pl\/index.php\/wp-json\/wp\/v2\/product\/232"}],"collection":[{"href":"https:\/\/bluetek.pl\/index.php\/wp-json\/wp\/v2\/product"}],"about":[{"href":"https:\/\/bluetek.pl\/index.php\/wp-json\/wp\/v2\/types\/product"}],"replies":[{"embeddable":true,"href":"https:\/\/bluetek.pl\/index.php\/wp-json\/wp\/v2\/comments?post=232"}],"wp:featuredmedia":[{"embeddable":true,"href":"https:\/\/bluetek.pl\/index.php\/wp-json\/wp\/v2\/media\/850"}],"wp:attachment":[{"href":"https:\/\/bluetek.pl\/index.php\/wp-json\/wp\/v2\/media?parent=232"}],"curies":[{"name":"wp","href":"https:\/\/api.w.org\/{rel}","templated":true}]}}