{"id":231,"date":"2020-12-23T12:38:44","date_gmt":"2020-12-23T11:38:44","guid":{"rendered":"http:\/\/h4h.pl\/projekty\/realand.pl\/?post_type=product&#038;p=231"},"modified":"2024-10-31T09:53:13","modified_gmt":"2024-10-31T08:53:13","slug":"program-rams-wersja-pl","status":"publish","type":"product","link":"https:\/\/bluetek.pl\/index.php\/produkt\/program-rams-wersja-pl\/","title":{"rendered":"Program RAMS wersja PL"},"content":{"rendered":"<blockquote><p>Kupuj\u0105c dowolny system RCP Realand w naszej dystrybucji dostajesz ten program w zestawie.<\/p><\/blockquote>\n<p>Mo\u017cesz r\u00f3wnie\u017c kupi\u0107 rejestrator z innego \u017ar\u00f3d\u0142a i dokupi\u0107 u nas sam program w j\u0119zyku polskim.<br \/>\nWraz z zakupem programu otrzymasz wsparcie we wdro\u017ceniu i konfiguracji systemu.<\/p>\n<p>Wi\u0119cej informacji znajdziesz na podstronie ewidencja czasu pracy<\/p>\n","protected":false},"excerpt":{"rendered":"<p>Spolszczona wersja programu do obs\u0142ugi rejestrator\u00f3w czasu pracy Realand.<\/p>\n","protected":false},"featured_media":152,"comment_status":"open","ping_status":"closed","template":"","meta":[],"yoast_head":"<!-- This site is optimized with the Yoast SEO plugin v19.9 - https:\/\/yoast.com\/wordpress\/plugins\/seo\/ -->\n<title>Program RAMS wersja PL - Systemy Rejestracji Czasu Pracy<\/title>\n<meta name=\"robots\" content=\"index, follow, max-snippet:-1, max-image-preview:large, max-video-preview:-1\" \/>\n<link rel=\"canonical\" href=\"https:\/\/bluetek.pl\/index.php\/produkt\/program-rams-wersja-pl\/\" \/>\n<meta property=\"og:locale\" content=\"pl_PL\" \/>\n<meta property=\"og:type\" content=\"article\" \/>\n<meta property=\"og:title\" content=\"Program RAMS wersja PL - Systemy Rejestracji Czasu Pracy\" \/>\n<meta property=\"og:description\" content=\"Spolszczona wersja programu do obs\u0142ugi rejestrator\u00f3w czasu pracy Realand.\" \/>\n<meta property=\"og:url\" content=\"https:\/\/bluetek.pl\/index.php\/produkt\/program-rams-wersja-pl\/\" \/>\n<meta property=\"og:site_name\" content=\"Systemy Rejestracji Czasu Pracy\" \/>\n<meta property=\"article:modified_time\" content=\"2024-10-31T08:53:13+00:00\" \/>\n<meta property=\"og:image\" content=\"https:\/\/bluetek.pl\/wp-content\/uploads\/2020\/12\/1._Rams_-_widok_programu1-1.jpg\" \/>\n\t<meta property=\"og:image:width\" content=\"706\" \/>\n\t<meta property=\"og:image:height\" content=\"426\" \/>\n\t<meta property=\"og:image:type\" content=\"image\/jpeg\" \/>\n<meta name=\"twitter:card\" content=\"summary_large_image\" \/>\n<meta name=\"twitter:label1\" content=\"Szacowany czas czytania\" \/>\n\t<meta name=\"twitter:data1\" content=\"1 minuta\" \/>\n<script type=\"application\/ld+json\" class=\"yoast-schema-graph\">{\"@context\":\"https:\/\/schema.org\",\"@graph\":[{\"@type\":\"WebPage\",\"@id\":\"https:\/\/bluetek.pl\/index.php\/produkt\/program-rams-wersja-pl\/\",\"url\":\"https:\/\/bluetek.pl\/index.php\/produkt\/program-rams-wersja-pl\/\",\"name\":\"Program RAMS wersja PL - Systemy Rejestracji Czasu Pracy\",\"isPartOf\":{\"@id\":\"https:\/\/bluetek.pl\/#website\"},\"datePublished\":\"2020-12-23T11:38:44+00:00\",\"dateModified\":\"2024-10-31T08:53:13+00:00\",\"breadcrumb\":{\"@id\":\"https:\/\/bluetek.pl\/index.php\/produkt\/program-rams-wersja-pl\/#breadcrumb\"},\"inLanguage\":\"pl-PL\",\"potentialAction\":[{\"@type\":\"ReadAction\",\"target\":[\"https:\/\/bluetek.pl\/index.php\/produkt\/program-rams-wersja-pl\/\"]}]},{\"@type\":\"BreadcrumbList\",\"@id\":\"https:\/\/bluetek.pl\/index.php\/produkt\/program-rams-wersja-pl\/#breadcrumb\",\"itemListElement\":[{\"@type\":\"ListItem\",\"position\":1,\"name\":\"Strona g\u0142\u00f3wna\",\"item\":\"https:\/\/bluetek.pl\/\"},{\"@type\":\"ListItem\",\"position\":2,\"name\":\"Systemy RCP dla Twojej firmy\",\"item\":\"https:\/\/bluetek.pl\/\"},{\"@type\":\"ListItem\",\"position\":3,\"name\":\"Program RAMS wersja PL\"}]},{\"@type\":\"WebSite\",\"@id\":\"https:\/\/bluetek.pl\/#website\",\"url\":\"https:\/\/bluetek.pl\/\",\"name\":\"Systemy Rejestracji Czasu Pracy\",\"description\":\"Czas si\u0119 liczy!\",\"publisher\":{\"@id\":\"https:\/\/bluetek.pl\/#organization\"},\"potentialAction\":[{\"@type\":\"SearchAction\",\"target\":{\"@type\":\"EntryPoint\",\"urlTemplate\":\"https:\/\/bluetek.pl\/?s={search_term_string}\"},\"query-input\":\"required name=search_term_string\"}],\"inLanguage\":\"pl-PL\"},{\"@type\":\"Organization\",\"@id\":\"https:\/\/bluetek.pl\/#organization\",\"name\":\"BLUETEK Miros\u0142aw Ksi\u0119\u017cyk\",\"url\":\"https:\/\/bluetek.pl\/\",\"logo\":{\"@type\":\"ImageObject\",\"inLanguage\":\"pl-PL\",\"@id\":\"https:\/\/bluetek.pl\/#\/schema\/logo\/image\/\",\"url\":\"https:\/\/bluetek.pl\/wp-content\/uploads\/2021\/04\/2018logo_250.png\",\"contentUrl\":\"https:\/\/bluetek.pl\/wp-content\/uploads\/2021\/04\/2018logo_250.png\",\"width\":250,\"height\":250,\"caption\":\"BLUETEK Miros\u0142aw Ksi\u0119\u017cyk\"},\"image\":{\"@id\":\"https:\/\/bluetek.pl\/#\/schema\/logo\/image\/\"}}]}<\/script>\n<!-- \/ Yoast SEO plugin. -->","yoast_head_json":{"title":"Program RAMS wersja PL - Systemy Rejestracji Czasu Pracy","robots":{"index":"index","follow":"follow","max-snippet":"max-snippet:-1","max-image-preview":"max-image-preview:large","max-video-preview":"max-video-preview:-1"},"canonical":"https:\/\/bluetek.pl\/index.php\/produkt\/program-rams-wersja-pl\/","og_locale":"pl_PL","og_type":"article","og_title":"Program RAMS wersja PL - Systemy Rejestracji Czasu Pracy","og_description":"Spolszczona wersja programu do obs\u0142ugi rejestrator\u00f3w czasu pracy Realand.","og_url":"https:\/\/bluetek.pl\/index.php\/produkt\/program-rams-wersja-pl\/","og_site_name":"Systemy Rejestracji Czasu Pracy","article_modified_time":"2024-10-31T08:53:13+00:00","og_image":[{"width":706,"height":426,"url":"https:\/\/bluetek.pl\/wp-content\/uploads\/2020\/12\/1._Rams_-_widok_programu1-1.jpg","type":"image\/jpeg"}],"twitter_card":"summary_large_image","twitter_misc":{"Szacowany czas czytania":"1 minuta"},"schema":{"@context":"https:\/\/schema.org","@graph":[{"@type":"WebPage","@id":"https:\/\/bluetek.pl\/index.php\/produkt\/program-rams-wersja-pl\/","url":"https:\/\/bluetek.pl\/index.php\/produkt\/program-rams-wersja-pl\/","name":"Program RAMS wersja PL - Systemy Rejestracji Czasu Pracy","isPartOf":{"@id":"https:\/\/bluetek.pl\/#website"},"datePublished":"2020-12-23T11:38:44+00:00","dateModified":"2024-10-31T08:53:13+00:00","breadcrumb":{"@id":"https:\/\/bluetek.pl\/index.php\/produkt\/program-rams-wersja-pl\/#breadcrumb"},"inLanguage":"pl-PL","potentialAction":[{"@type":"ReadAction","target":["https:\/\/bluetek.pl\/index.php\/produkt\/program-rams-wersja-pl\/"]}]},{"@type":"BreadcrumbList","@id":"https:\/\/bluetek.pl\/index.php\/produkt\/program-rams-wersja-pl\/#breadcrumb","itemListElement":[{"@type":"ListItem","position":1,"name":"Strona g\u0142\u00f3wna","item":"https:\/\/bluetek.pl\/"},{"@type":"ListItem","position":2,"name":"Systemy RCP dla Twojej firmy","item":"https:\/\/bluetek.pl\/"},{"@type":"ListItem","position":3,"name":"Program RAMS wersja PL"}]},{"@type":"WebSite","@id":"https:\/\/bluetek.pl\/#website","url":"https:\/\/bluetek.pl\/","name":"Systemy Rejestracji Czasu Pracy","description":"Czas si\u0119 liczy!","publisher":{"@id":"https:\/\/bluetek.pl\/#organization"},"potentialAction":[{"@type":"SearchAction","target":{"@type":"EntryPoint","urlTemplate":"https:\/\/bluetek.pl\/?s={search_term_string}"},"query-input":"required name=search_term_string"}],"inLanguage":"pl-PL"},{"@type":"Organization","@id":"https:\/\/bluetek.pl\/#organization","name":"BLUETEK Miros\u0142aw Ksi\u0119\u017cyk","url":"https:\/\/bluetek.pl\/","logo":{"@type":"ImageObject","inLanguage":"pl-PL","@id":"https:\/\/bluetek.pl\/#\/schema\/logo\/image\/","url":"https:\/\/bluetek.pl\/wp-content\/uploads\/2021\/04\/2018logo_250.png","contentUrl":"https:\/\/bluetek.pl\/wp-content\/uploads\/2021\/04\/2018logo_250.png","width":250,"height":250,"caption":"BLUETEK Miros\u0142aw Ksi\u0119\u017cyk"},"image":{"@id":"https:\/\/bluetek.pl\/#\/schema\/logo\/image\/"}}]}},"_links":{"self":[{"href":"https:\/\/bluetek.pl\/index.php\/wp-json\/wp\/v2\/product\/231"}],"collection":[{"href":"https:\/\/bluetek.pl\/index.php\/wp-json\/wp\/v2\/product"}],"about":[{"href":"https:\/\/bluetek.pl\/index.php\/wp-json\/wp\/v2\/types\/product"}],"replies":[{"embeddable":true,"href":"https:\/\/bluetek.pl\/index.php\/wp-json\/wp\/v2\/comments?post=231"}],"wp:featuredmedia":[{"embeddable":true,"href":"https:\/\/bluetek.pl\/index.php\/wp-json\/wp\/v2\/media\/152"}],"wp:attachment":[{"href":"https:\/\/bluetek.pl\/index.php\/wp-json\/wp\/v2\/media?parent=231"}],"curies":[{"name":"wp","href":"https:\/\/api.w.org\/{rel}","templated":true}]}}