{"id":195,"date":"2020-12-23T11:45:38","date_gmt":"2020-12-23T10:45:38","guid":{"rendered":"http:\/\/h4h.pl\/projekty\/realand.pl\/?post_type=product&#038;p=195"},"modified":"2023-02-20T08:26:20","modified_gmt":"2023-02-20T07:26:20","slug":"m-f131","status":"publish","type":"product","link":"https:\/\/bluetek.pl\/index.php\/produkt\/m-f131\/","title":{"rendered":"M-F131"},"content":{"rendered":"<p>System RCP z wbudowan\u0105 funkcj\u0105 kontrolera dost\u0119pu. Przyciski F1-F4 umo\u017cliwiaj\u0105 szybk\u0105 zmian\u0119 trybu pocz\u0105tek\/koniec pracy.<\/p>\n<blockquote><p><strong>Od modelu M-F151 ro\u017cni si\u0119 kszta\u0142tem obudowy oraz tym, \u017ce tutaj mamy obs\u0142ug\u0119 dw\u00f3ch zamk\u00f3w elektromagnetycznych.<\/strong><\/p><\/blockquote>\n<p>Rejestrator z funkcj\u0105 kontroli dost\u0119pu i rozbudowanymi mo\u017cliwo\u015bciami po\u0142\u0105cze\u0144 zewn\u0119trznych.<\/p>\n<p>&nbsp;<\/p>\n<p><img decoding=\"async\" loading=\"lazy\" class=\"aligncenter wp-image-192 size-full\" src=\"http:\/\/h4h.pl\/projekty\/realand.pl\/wp-content\/uploads\/2020\/12\/polaczenia1.jpg\" alt=\"\" width=\"662\" height=\"940\" srcset=\"https:\/\/bluetek.pl\/wp-content\/uploads\/2020\/12\/polaczenia1.jpg 662w, https:\/\/bluetek.pl\/wp-content\/uploads\/2020\/12\/polaczenia1-211x300.jpg 211w, https:\/\/bluetek.pl\/wp-content\/uploads\/2020\/12\/polaczenia1-416x591.jpg 416w\" sizes=\"(max-width: 662px) 100vw, 662px\" \/><\/p>\n<p>Jest to najbardziej rozbudowany model z kontrol\u0105 dost\u0119pu, kt\u00f3ry daje du\u017co mo\u017cliwo\u015bci integracji z r\u00f3\u017cnymi mechanizmami.<br \/>\nSteruje zamkiem elektromagnetycznym lub bramk\u0105 dost\u0119pow\u0105. Dzi\u0119ki wbudowanemu alarmowi informuje sekretariat lub portierni\u0119 o tym, \u017ce kto\u015b bez uprawnie\u0144 chce przej\u015b\u0107 przez drzwi obj\u0119te kontrol\u0105 dost\u0119pu. Daje mo\u017cliwo\u015b\u0107 zdalnego otwarcia drzwi &#8211; przyciskiem lub przez oprogramowanie. Mo\u017ce by\u0107 zintegrowany z centralk\u0105 alarmow\u0105. Obs\u0142uguje tak\u017ce czujnik otwarci drzwi.<br \/>\nPowy\u017csze funkcje tego rejestratora zapewniaj\u0105 pe\u0142en komfort, kontrol\u0119 nad miejscem pracy i daj\u0105 mo\u017cliwo\u015b\u0107 tworzenia stref dost\u0119pu dla pracownik\u00f3w (np. sprz\u0105taczek) tak\u017ce w okre\u015blonych dniach i godzinach. Model ten wsp\u00f3\u0142pracuj\u0105c z ko\u0142owrotkiem cz\u0119sto jest to wykorzystywane przez wiele firm produkcyjnych.<br \/>\nSmuk\u0142y i w\u0105ski kszta\u0142t tego rejestratora (szeroko\u015b\u0107 tylko 8 cm) zapewnia \u0142atwy monta\u017c.<\/p>\n<p>Elegancka obudowa doskonale wkomponowuje si\u0119 w otoczenie, a kolorowy, jasny i czytelny wy\u015bwietlacz z prezentuje dat\u0119, godzin\u0119 oraz dane autoryzuj\u0105cej si\u0119 osoby.<\/p>\n","protected":false},"excerpt":{"rendered":"<p>Rejestrator z kontrol\u0105 dost\u0119pu, obs\u0142uga 2 wyj\u015b\u0107.<\/p>\n","protected":false},"featured_media":196,"comment_status":"open","ping_status":"closed","template":"","meta":[],"yoast_head":"<!-- This site is optimized with the Yoast SEO plugin v19.9 - https:\/\/yoast.com\/wordpress\/plugins\/seo\/ -->\n<title>M-F131 - Systemy Rejestracji Czasu Pracy<\/title>\n<meta name=\"robots\" content=\"index, follow, max-snippet:-1, max-image-preview:large, max-video-preview:-1\" \/>\n<link rel=\"canonical\" href=\"https:\/\/bluetek.pl\/index.php\/produkt\/m-f131\/\" \/>\n<meta property=\"og:locale\" content=\"pl_PL\" \/>\n<meta property=\"og:type\" content=\"article\" \/>\n<meta property=\"og:title\" content=\"M-F131 - Systemy Rejestracji Czasu Pracy\" \/>\n<meta property=\"og:description\" content=\"Rejestrator z kontrol\u0105 dost\u0119pu, obs\u0142uga 2 wyj\u015b\u0107.\" \/>\n<meta property=\"og:url\" content=\"https:\/\/bluetek.pl\/index.php\/produkt\/m-f131\/\" \/>\n<meta property=\"og:site_name\" content=\"Systemy Rejestracji Czasu Pracy\" \/>\n<meta property=\"article:modified_time\" content=\"2023-02-20T07:26:20+00:00\" \/>\n<meta property=\"og:image\" content=\"https:\/\/bluetek.pl\/wp-content\/uploads\/2020\/12\/Fingerprint-Door-Access-Control-System-With-125Khz-Card-Realand-Access-Control-Time-Attendance-Terminal-MF1311.jpg\" \/>\n\t<meta property=\"og:image:width\" content=\"800\" \/>\n\t<meta property=\"og:image:height\" content=\"800\" \/>\n\t<meta property=\"og:image:type\" content=\"image\/jpeg\" \/>\n<meta name=\"twitter:card\" content=\"summary_large_image\" \/>\n<meta name=\"twitter:label1\" content=\"Szacowany czas czytania\" \/>\n\t<meta name=\"twitter:data1\" content=\"2 minuty\" \/>\n<script type=\"application\/ld+json\" class=\"yoast-schema-graph\">{\"@context\":\"https:\/\/schema.org\",\"@graph\":[{\"@type\":\"WebPage\",\"@id\":\"https:\/\/bluetek.pl\/index.php\/produkt\/m-f131\/\",\"url\":\"https:\/\/bluetek.pl\/index.php\/produkt\/m-f131\/\",\"name\":\"M-F131 - Systemy Rejestracji Czasu Pracy\",\"isPartOf\":{\"@id\":\"https:\/\/bluetek.pl\/#website\"},\"datePublished\":\"2020-12-23T10:45:38+00:00\",\"dateModified\":\"2023-02-20T07:26:20+00:00\",\"breadcrumb\":{\"@id\":\"https:\/\/bluetek.pl\/index.php\/produkt\/m-f131\/#breadcrumb\"},\"inLanguage\":\"pl-PL\",\"potentialAction\":[{\"@type\":\"ReadAction\",\"target\":[\"https:\/\/bluetek.pl\/index.php\/produkt\/m-f131\/\"]}]},{\"@type\":\"BreadcrumbList\",\"@id\":\"https:\/\/bluetek.pl\/index.php\/produkt\/m-f131\/#breadcrumb\",\"itemListElement\":[{\"@type\":\"ListItem\",\"position\":1,\"name\":\"Strona g\u0142\u00f3wna\",\"item\":\"https:\/\/bluetek.pl\/\"},{\"@type\":\"ListItem\",\"position\":2,\"name\":\"Systemy RCP dla Twojej firmy\",\"item\":\"https:\/\/bluetek.pl\/\"},{\"@type\":\"ListItem\",\"position\":3,\"name\":\"M-F131\"}]},{\"@type\":\"WebSite\",\"@id\":\"https:\/\/bluetek.pl\/#website\",\"url\":\"https:\/\/bluetek.pl\/\",\"name\":\"Systemy Rejestracji Czasu Pracy\",\"description\":\"Czas si\u0119 liczy!\",\"publisher\":{\"@id\":\"https:\/\/bluetek.pl\/#organization\"},\"potentialAction\":[{\"@type\":\"SearchAction\",\"target\":{\"@type\":\"EntryPoint\",\"urlTemplate\":\"https:\/\/bluetek.pl\/?s={search_term_string}\"},\"query-input\":\"required name=search_term_string\"}],\"inLanguage\":\"pl-PL\"},{\"@type\":\"Organization\",\"@id\":\"https:\/\/bluetek.pl\/#organization\",\"name\":\"BLUETEK Miros\u0142aw Ksi\u0119\u017cyk\",\"url\":\"https:\/\/bluetek.pl\/\",\"logo\":{\"@type\":\"ImageObject\",\"inLanguage\":\"pl-PL\",\"@id\":\"https:\/\/bluetek.pl\/#\/schema\/logo\/image\/\",\"url\":\"https:\/\/bluetek.pl\/wp-content\/uploads\/2021\/04\/2018logo_250.png\",\"contentUrl\":\"https:\/\/bluetek.pl\/wp-content\/uploads\/2021\/04\/2018logo_250.png\",\"width\":250,\"height\":250,\"caption\":\"BLUETEK Miros\u0142aw Ksi\u0119\u017cyk\"},\"image\":{\"@id\":\"https:\/\/bluetek.pl\/#\/schema\/logo\/image\/\"}}]}<\/script>\n<!-- \/ Yoast SEO plugin. -->","yoast_head_json":{"title":"M-F131 - Systemy Rejestracji Czasu Pracy","robots":{"index":"index","follow":"follow","max-snippet":"max-snippet:-1","max-image-preview":"max-image-preview:large","max-video-preview":"max-video-preview:-1"},"canonical":"https:\/\/bluetek.pl\/index.php\/produkt\/m-f131\/","og_locale":"pl_PL","og_type":"article","og_title":"M-F131 - Systemy Rejestracji Czasu Pracy","og_description":"Rejestrator z kontrol\u0105 dost\u0119pu, obs\u0142uga 2 wyj\u015b\u0107.","og_url":"https:\/\/bluetek.pl\/index.php\/produkt\/m-f131\/","og_site_name":"Systemy Rejestracji Czasu Pracy","article_modified_time":"2023-02-20T07:26:20+00:00","og_image":[{"width":800,"height":800,"url":"https:\/\/bluetek.pl\/wp-content\/uploads\/2020\/12\/Fingerprint-Door-Access-Control-System-With-125Khz-Card-Realand-Access-Control-Time-Attendance-Terminal-MF1311.jpg","type":"image\/jpeg"}],"twitter_card":"summary_large_image","twitter_misc":{"Szacowany czas czytania":"2 minuty"},"schema":{"@context":"https:\/\/schema.org","@graph":[{"@type":"WebPage","@id":"https:\/\/bluetek.pl\/index.php\/produkt\/m-f131\/","url":"https:\/\/bluetek.pl\/index.php\/produkt\/m-f131\/","name":"M-F131 - Systemy Rejestracji Czasu Pracy","isPartOf":{"@id":"https:\/\/bluetek.pl\/#website"},"datePublished":"2020-12-23T10:45:38+00:00","dateModified":"2023-02-20T07:26:20+00:00","breadcrumb":{"@id":"https:\/\/bluetek.pl\/index.php\/produkt\/m-f131\/#breadcrumb"},"inLanguage":"pl-PL","potentialAction":[{"@type":"ReadAction","target":["https:\/\/bluetek.pl\/index.php\/produkt\/m-f131\/"]}]},{"@type":"BreadcrumbList","@id":"https:\/\/bluetek.pl\/index.php\/produkt\/m-f131\/#breadcrumb","itemListElement":[{"@type":"ListItem","position":1,"name":"Strona g\u0142\u00f3wna","item":"https:\/\/bluetek.pl\/"},{"@type":"ListItem","position":2,"name":"Systemy RCP dla Twojej firmy","item":"https:\/\/bluetek.pl\/"},{"@type":"ListItem","position":3,"name":"M-F131"}]},{"@type":"WebSite","@id":"https:\/\/bluetek.pl\/#website","url":"https:\/\/bluetek.pl\/","name":"Systemy Rejestracji Czasu Pracy","description":"Czas si\u0119 liczy!","publisher":{"@id":"https:\/\/bluetek.pl\/#organization"},"potentialAction":[{"@type":"SearchAction","target":{"@type":"EntryPoint","urlTemplate":"https:\/\/bluetek.pl\/?s={search_term_string}"},"query-input":"required name=search_term_string"}],"inLanguage":"pl-PL"},{"@type":"Organization","@id":"https:\/\/bluetek.pl\/#organization","name":"BLUETEK Miros\u0142aw Ksi\u0119\u017cyk","url":"https:\/\/bluetek.pl\/","logo":{"@type":"ImageObject","inLanguage":"pl-PL","@id":"https:\/\/bluetek.pl\/#\/schema\/logo\/image\/","url":"https:\/\/bluetek.pl\/wp-content\/uploads\/2021\/04\/2018logo_250.png","contentUrl":"https:\/\/bluetek.pl\/wp-content\/uploads\/2021\/04\/2018logo_250.png","width":250,"height":250,"caption":"BLUETEK Miros\u0142aw Ksi\u0119\u017cyk"},"image":{"@id":"https:\/\/bluetek.pl\/#\/schema\/logo\/image\/"}}]}},"_links":{"self":[{"href":"https:\/\/bluetek.pl\/index.php\/wp-json\/wp\/v2\/product\/195"}],"collection":[{"href":"https:\/\/bluetek.pl\/index.php\/wp-json\/wp\/v2\/product"}],"about":[{"href":"https:\/\/bluetek.pl\/index.php\/wp-json\/wp\/v2\/types\/product"}],"replies":[{"embeddable":true,"href":"https:\/\/bluetek.pl\/index.php\/wp-json\/wp\/v2\/comments?post=195"}],"wp:featuredmedia":[{"embeddable":true,"href":"https:\/\/bluetek.pl\/index.php\/wp-json\/wp\/v2\/media\/196"}],"wp:attachment":[{"href":"https:\/\/bluetek.pl\/index.php\/wp-json\/wp\/v2\/media?parent=195"}],"curies":[{"name":"wp","href":"https:\/\/api.w.org\/{rel}","templated":true}]}}