{"id":131,"date":"2020-12-23T10:22:10","date_gmt":"2020-12-23T09:22:10","guid":{"rendered":"http:\/\/h4h.pl\/projekty\/realand.pl\/?post_type=product&#038;p=131"},"modified":"2024-09-11T11:29:23","modified_gmt":"2024-09-11T09:29:23","slug":"a-c0101","status":"publish","type":"product","link":"https:\/\/bluetek.pl\/index.php\/produkt\/a-c0101\/","title":{"rendered":"A-C101"},"content":{"rendered":"<div class=\"std\">\n<p>Najwi\u0119kszy z rejestrator\u00f3w Realand, przeznaczony do du\u017cych firm.<\/p>\n<blockquote><p><strong>Od modelu A-C091 ro\u017cni si\u0119 zastosowanym tutaj dualnym czytnikiem kart RFID pozwalaj\u0105cym na jednoczesnym korzystaniu z kart w standardzie Em 125kHz Unique oraz Mifare 1k<\/strong><\/p><\/blockquote>\n<p>Obudowa zosta\u0142a wykonana z wysokiej jako\u015bci materia\u0142\u00f3w, \u0142adnie si\u0119 prezentuje na \u015bcianie w biurze.<br \/>\nCo wa\u017cne, ten model posiada ju\u017c przyciski F1-8 do szybkiego wyboru typu zdarze\u0144.<\/p>\n<p>Kompletny system rejestracji czasu pracy, kt\u00f3ry do dzia\u0142ania wymaga tylko zasilania 230 V. Jest to model popularny w ma\u0142ych i \u015brednich firmach.<br \/>\nElegancka obudowa doskonale wkomponowuje si\u0119 w otoczenie ka\u017cdej firmy, a du\u017cy i\u00a0 jasny i czytelny wy\u015bwietlacz wy\u015bwietlacz zaprezentuje dat\u0119, godzin\u0119 oraz dane autoryzuj\u0105cej si\u0119 osoby.<\/p>\n<p>Model ten posiada du\u017ce i dodatkowe przyciski funkcyjne F1-F8 do wyboru rodzaju zdarze\u0144, dzi\u0119ki czemu jego obs\u0142uga jest \u0142atwa i usprawnia autoryzacj\u0119 pracownik\u00f3w. Rozwi\u0105zanie to daje du\u017ce oszcz\u0119dno\u015bci, poniewa\u017c monta\u017c ju\u017c jednego czytnika zapewnia obs\u0142ug\u0119 kilku rodzaju zdarze\u0144.<\/p>\n<p>Pe\u0142na dowolno\u015b\u0107 \u0142\u0105czenia trzech metod autoryzacji w standardzie, przydzielanie okre\u015blanych pracownik\u00f3w do wybranych rejestrator\u00f3w, dowolne \u0142\u0105czenie ze sob\u0105 r\u00f3\u017cnych modeli rejestrator\u00f3w czasu pracy.<\/p>\n<p>W tym modelu mamy menu i oprogramowanie w j\u0119zyku Polskim, r\u00f3wnie\u017c komunikaty g\u0142osowe s\u0105 emitowane po polsku.<\/p>\n<\/div>\n","protected":false},"excerpt":{"rendered":"<p>Rejestrator z dualnym czytnikiem kart EM\/Mifare<\/p>\n","protected":false},"featured_media":132,"comment_status":"open","ping_status":"closed","template":"","meta":[],"yoast_head":"<!-- This site is optimized with the Yoast SEO plugin v19.9 - https:\/\/yoast.com\/wordpress\/plugins\/seo\/ -->\n<title>A-C101 - Systemy Rejestracji Czasu Pracy<\/title>\n<meta name=\"robots\" content=\"index, follow, max-snippet:-1, max-image-preview:large, max-video-preview:-1\" \/>\n<link rel=\"canonical\" href=\"https:\/\/bluetek.pl\/index.php\/produkt\/a-c0101\/\" \/>\n<meta property=\"og:locale\" content=\"pl_PL\" \/>\n<meta property=\"og:type\" content=\"article\" \/>\n<meta property=\"og:title\" content=\"A-C101 - Systemy Rejestracji Czasu Pracy\" \/>\n<meta property=\"og:description\" content=\"Rejestrator z dualnym czytnikiem kart EM\/Mifare\" \/>\n<meta property=\"og:url\" content=\"https:\/\/bluetek.pl\/index.php\/produkt\/a-c0101\/\" \/>\n<meta property=\"og:site_name\" content=\"Systemy Rejestracji Czasu Pracy\" \/>\n<meta property=\"article:modified_time\" content=\"2024-09-11T09:29:23+00:00\" \/>\n<meta property=\"og:image\" content=\"https:\/\/bluetek.pl\/wp-content\/uploads\/2020\/12\/A-C101.jpg\" \/>\n\t<meta property=\"og:image:width\" content=\"800\" \/>\n\t<meta property=\"og:image:height\" content=\"756\" \/>\n\t<meta property=\"og:image:type\" content=\"image\/jpeg\" \/>\n<meta name=\"twitter:card\" content=\"summary_large_image\" \/>\n<meta name=\"twitter:label1\" content=\"Szacowany czas czytania\" \/>\n\t<meta name=\"twitter:data1\" content=\"2 minuty\" \/>\n<script type=\"application\/ld+json\" class=\"yoast-schema-graph\">{\"@context\":\"https:\/\/schema.org\",\"@graph\":[{\"@type\":\"WebPage\",\"@id\":\"https:\/\/bluetek.pl\/index.php\/produkt\/a-c0101\/\",\"url\":\"https:\/\/bluetek.pl\/index.php\/produkt\/a-c0101\/\",\"name\":\"A-C101 - Systemy Rejestracji Czasu Pracy\",\"isPartOf\":{\"@id\":\"https:\/\/bluetek.pl\/#website\"},\"datePublished\":\"2020-12-23T09:22:10+00:00\",\"dateModified\":\"2024-09-11T09:29:23+00:00\",\"breadcrumb\":{\"@id\":\"https:\/\/bluetek.pl\/index.php\/produkt\/a-c0101\/#breadcrumb\"},\"inLanguage\":\"pl-PL\",\"potentialAction\":[{\"@type\":\"ReadAction\",\"target\":[\"https:\/\/bluetek.pl\/index.php\/produkt\/a-c0101\/\"]}]},{\"@type\":\"BreadcrumbList\",\"@id\":\"https:\/\/bluetek.pl\/index.php\/produkt\/a-c0101\/#breadcrumb\",\"itemListElement\":[{\"@type\":\"ListItem\",\"position\":1,\"name\":\"Strona g\u0142\u00f3wna\",\"item\":\"https:\/\/bluetek.pl\/\"},{\"@type\":\"ListItem\",\"position\":2,\"name\":\"Systemy RCP dla Twojej firmy\",\"item\":\"https:\/\/bluetek.pl\/\"},{\"@type\":\"ListItem\",\"position\":3,\"name\":\"A-C101\"}]},{\"@type\":\"WebSite\",\"@id\":\"https:\/\/bluetek.pl\/#website\",\"url\":\"https:\/\/bluetek.pl\/\",\"name\":\"Systemy Rejestracji Czasu Pracy\",\"description\":\"Czas si\u0119 liczy!\",\"publisher\":{\"@id\":\"https:\/\/bluetek.pl\/#organization\"},\"potentialAction\":[{\"@type\":\"SearchAction\",\"target\":{\"@type\":\"EntryPoint\",\"urlTemplate\":\"https:\/\/bluetek.pl\/?s={search_term_string}\"},\"query-input\":\"required name=search_term_string\"}],\"inLanguage\":\"pl-PL\"},{\"@type\":\"Organization\",\"@id\":\"https:\/\/bluetek.pl\/#organization\",\"name\":\"BLUETEK Miros\u0142aw Ksi\u0119\u017cyk\",\"url\":\"https:\/\/bluetek.pl\/\",\"logo\":{\"@type\":\"ImageObject\",\"inLanguage\":\"pl-PL\",\"@id\":\"https:\/\/bluetek.pl\/#\/schema\/logo\/image\/\",\"url\":\"https:\/\/bluetek.pl\/wp-content\/uploads\/2021\/04\/2018logo_250.png\",\"contentUrl\":\"https:\/\/bluetek.pl\/wp-content\/uploads\/2021\/04\/2018logo_250.png\",\"width\":250,\"height\":250,\"caption\":\"BLUETEK Miros\u0142aw Ksi\u0119\u017cyk\"},\"image\":{\"@id\":\"https:\/\/bluetek.pl\/#\/schema\/logo\/image\/\"}}]}<\/script>\n<!-- \/ Yoast SEO plugin. -->","yoast_head_json":{"title":"A-C101 - Systemy Rejestracji Czasu Pracy","robots":{"index":"index","follow":"follow","max-snippet":"max-snippet:-1","max-image-preview":"max-image-preview:large","max-video-preview":"max-video-preview:-1"},"canonical":"https:\/\/bluetek.pl\/index.php\/produkt\/a-c0101\/","og_locale":"pl_PL","og_type":"article","og_title":"A-C101 - Systemy Rejestracji Czasu Pracy","og_description":"Rejestrator z dualnym czytnikiem kart EM\/Mifare","og_url":"https:\/\/bluetek.pl\/index.php\/produkt\/a-c0101\/","og_site_name":"Systemy Rejestracji Czasu Pracy","article_modified_time":"2024-09-11T09:29:23+00:00","og_image":[{"width":800,"height":756,"url":"https:\/\/bluetek.pl\/wp-content\/uploads\/2020\/12\/A-C101.jpg","type":"image\/jpeg"}],"twitter_card":"summary_large_image","twitter_misc":{"Szacowany czas czytania":"2 minuty"},"schema":{"@context":"https:\/\/schema.org","@graph":[{"@type":"WebPage","@id":"https:\/\/bluetek.pl\/index.php\/produkt\/a-c0101\/","url":"https:\/\/bluetek.pl\/index.php\/produkt\/a-c0101\/","name":"A-C101 - Systemy Rejestracji Czasu Pracy","isPartOf":{"@id":"https:\/\/bluetek.pl\/#website"},"datePublished":"2020-12-23T09:22:10+00:00","dateModified":"2024-09-11T09:29:23+00:00","breadcrumb":{"@id":"https:\/\/bluetek.pl\/index.php\/produkt\/a-c0101\/#breadcrumb"},"inLanguage":"pl-PL","potentialAction":[{"@type":"ReadAction","target":["https:\/\/bluetek.pl\/index.php\/produkt\/a-c0101\/"]}]},{"@type":"BreadcrumbList","@id":"https:\/\/bluetek.pl\/index.php\/produkt\/a-c0101\/#breadcrumb","itemListElement":[{"@type":"ListItem","position":1,"name":"Strona g\u0142\u00f3wna","item":"https:\/\/bluetek.pl\/"},{"@type":"ListItem","position":2,"name":"Systemy RCP dla Twojej firmy","item":"https:\/\/bluetek.pl\/"},{"@type":"ListItem","position":3,"name":"A-C101"}]},{"@type":"WebSite","@id":"https:\/\/bluetek.pl\/#website","url":"https:\/\/bluetek.pl\/","name":"Systemy Rejestracji Czasu Pracy","description":"Czas si\u0119 liczy!","publisher":{"@id":"https:\/\/bluetek.pl\/#organization"},"potentialAction":[{"@type":"SearchAction","target":{"@type":"EntryPoint","urlTemplate":"https:\/\/bluetek.pl\/?s={search_term_string}"},"query-input":"required name=search_term_string"}],"inLanguage":"pl-PL"},{"@type":"Organization","@id":"https:\/\/bluetek.pl\/#organization","name":"BLUETEK Miros\u0142aw Ksi\u0119\u017cyk","url":"https:\/\/bluetek.pl\/","logo":{"@type":"ImageObject","inLanguage":"pl-PL","@id":"https:\/\/bluetek.pl\/#\/schema\/logo\/image\/","url":"https:\/\/bluetek.pl\/wp-content\/uploads\/2021\/04\/2018logo_250.png","contentUrl":"https:\/\/bluetek.pl\/wp-content\/uploads\/2021\/04\/2018logo_250.png","width":250,"height":250,"caption":"BLUETEK Miros\u0142aw Ksi\u0119\u017cyk"},"image":{"@id":"https:\/\/bluetek.pl\/#\/schema\/logo\/image\/"}}]}},"_links":{"self":[{"href":"https:\/\/bluetek.pl\/index.php\/wp-json\/wp\/v2\/product\/131"}],"collection":[{"href":"https:\/\/bluetek.pl\/index.php\/wp-json\/wp\/v2\/product"}],"about":[{"href":"https:\/\/bluetek.pl\/index.php\/wp-json\/wp\/v2\/types\/product"}],"replies":[{"embeddable":true,"href":"https:\/\/bluetek.pl\/index.php\/wp-json\/wp\/v2\/comments?post=131"}],"wp:featuredmedia":[{"embeddable":true,"href":"https:\/\/bluetek.pl\/index.php\/wp-json\/wp\/v2\/media\/132"}],"wp:attachment":[{"href":"https:\/\/bluetek.pl\/index.php\/wp-json\/wp\/v2\/media?parent=131"}],"curies":[{"name":"wp","href":"https:\/\/api.w.org\/{rel}","templated":true}]}}