{"id":357,"date":"2020-12-23T20:24:55","date_gmt":"2020-12-23T19:24:55","guid":{"rendered":"http:\/\/bluetek.pl\/?page_id=357"},"modified":"2020-12-23T20:24:55","modified_gmt":"2020-12-23T19:24:55","slug":"informacja-o-przetwarzaniu-danych-osobowych-rodo","status":"publish","type":"page","link":"https:\/\/bluetek.pl\/index.php\/przykladowa-strona\/informacja-o-przetwarzaniu-danych-osobowych-rodo\/","title":{"rendered":"Informacja o przetwarzaniu danych osobowych &#8211; RODO"},"content":{"rendered":"<p>Zgodnie z art. 13 ust. 1 i 2 rozporz\u0105dzenia Parlamentu Europejskiego i Rady (UE) 2016\/679 z dnia 27 kwietnia 2016 r. w sprawie ochrony os\u00f3b fizycznych w zwi\u0105zku z przetwarzaniem danych osobowych i w sprawie swobodnego przep\u0142ywu takich danych oraz uchylenia dyrektywy 95\/46\/WE (og\u00f3lne rozporz\u0105dzenie o ochronie danych, dalej: RODO) (Dz. Urz. UE L119\/1) informuj\u0119, \u017ce:<\/p>\n<ol>\n<li>Administratorem Pana\/Pani danych osobowych jest BLUETEK Miros\u0142aw Ksi\u0119\u017cyk z siedzib\u0105 w Chorzowie, ul. Cedrowa 11. Z Administratorem mo\u017cna si\u0119 kontaktowa\u0107 pisemnie, za pomoc\u0105 poczty tradycyjnej na adres rejestrowy lub kontakt e-mail pod adresem info@bluetek.pl.<\/li>\n<li>Inspektorem ochrony danych u Administratora jest Miros\u0142aw Ksi\u0119\u017cyk, Cedrowa 11 Chorz\u00f3w, email: info@bluetek.pl<\/li>\n<li>Pana\/Pani dane osobowe b\u0119d\u0105 przetwarzane zgodnie z RODO w celu:<br \/>\na) realizowania i wykonania zawartej z Panem\/Pani\u0105 umowy zgodnie z art. 6 ust. 1 lit. b) RODO,<br \/>\nb) wykonania przez Administratora danych osobowych prawnie ci\u0105\u017c\u0105cych na nim obowi\u0105zk\u00f3w zgodnie z art. 6 ust.1 lit.<br \/>\nc) RODO w zakresie w jakim przewiduj\u0105 to przepisy szczeg\u00f3lne,c) wykonania prawnie uzasadnionych interes\u00f3w realizowanych przez Administratora zgodnie z art. 6 ust. 1 lit. f) RODO, tj. w celu realizowania i wykonania umowy zawartej z Pana\/Pani pracodawc\u0105; w celu ustalenia, obrony lub dochodzenia ewentualnych roszcze\u0144, ochrony os\u00f3b i mienia nale\u017c\u0105cego do Administratora oraz w celu prowadzenia przez Administratora marketingu bezpo\u015bredniego towar\u00f3w i us\u0142ug Administratora.<\/li>\n<li>W niekt\u00f3rych sytuacjach Administrator ma prawo przekazywa\u0107 Pana\/Pani dane osobowe innym odbiorcom, je\u015bli b\u0119dzie to niezb\u0119dne do wykonania zawartej z Panem\/Pani\u0105 umowy lub do zrealizowania obowi\u0105zk\u00f3w ci\u0105\u017c\u0105cych na Administratorze, w tym podmiotom dzia\u0142aj\u0105cym na podstawie przepis\u00f3w prawa (organom publicznym), m.in. prokuraturze, Policji oraz Urz\u0119dowi Skarbowemu. Pa\u0144stwa dane osobowe nie s\u0105 przekazywane poza europejski Obszar Gospodarczy, do Pa\u0144stw trzecich ani do organizacji mi\u0119dzynarodowych.<\/li>\n<li>Pana\/Pani dane osobowe przetwarzane w celu wskazanym w:pkt 3 a) b\u0119d\u0105 przechowywane przez okres trwania i wykonywania zawartej z Panem\/Pani\u0105,pkt 3 b) b\u0119d\u0105 przechowywane przez okres przewidziany w przepisach szczeg\u00f3lnych, pkt 3 c) b\u0119d\u0105 przechowywane przez okres trwania i wykonywania zawartej z Pana\/Pani pracodawc\u0105 umowy; przez okres niezb\u0119dny do zapewnienia ochrony os\u00f3b lub mienia nale\u017c\u0105cego do Administratora b\u0105d\u017a przez okres niezb\u0119dny do ustalenia, obrony lub dochodzenia roszcze\u0144.<\/li>\n<li>Przys\u0142uguje Panu\/Pani prawo \u017c\u0105dania od Administratora dost\u0119pu do danych osobowych Pana\/Pani dotycz\u0105cych, ich sprostowania, usuni\u0119cia, ograniczenia przetwarzania oraz przenoszenia danych.<\/li>\n<li>Przys\u0142uguje Panu\/Pani prawo do z\u0142o\u017cenia sprzeciwu w zakresie przetwarzania wskazanego w pkt 3 c) wobec przetwarzania danych osobowych w celu wykonania prawnie uzasadnionych interes\u00f3w realizowanych przez Administratora, przy czym prawo sprzeciwu nie b\u0119dzie mog\u0142o by\u0107 wykonane w przypadku istnienia wa\u017cnych prawnie uzasadnionych podstaw do przetwarzania, nadrz\u0119dnych wobec Pana\/Pani interes\u00f3w, praw i wolno\u015bci, w szczeg\u00f3lno\u015bci ustalenia, dochodzenia lub obrony roszcze\u0144.<\/li>\n<li>Na dzia\u0142ania Administratora przys\u0142uguje Panu\/Pani skarga do Prezesa Urz\u0119du Ochrony Danych Osobowych.<\/li>\n<li>Podanie danych osobowych, o kt\u00f3rych mowa w pkt 3 jest dobrowolne lecz niezb\u0119dne do realizacji zawartej z Panem\/Pani\u0105 umowy, b\u0105d\u017a jest niezb\u0119dne do realizacji zawartej z Pana\/Pani pracodawc\u0105 umowy, a ich niepodanie uniemo\u017cliwi realizacj\u0119 zawartej umowy.<\/li>\n<li>Pa\u0144stwa dane osobowe b\u0119d\u0105 przechowywane do momentu otrzymania pro\u015bby o anonimizacj\u0119 Pa\u0144stwa danych. Ka\u017cdy pracownik \/ osoba wsp\u00f3\u0142pracuj\u0105ca z kontrahentem Administratora podana jako osoba kontaktowa w okre\u015blonym celu b\u0119dzie figurowa\u0107 w bazie Administratora do momentu: a) powzi\u0119cia przez Administratora informacji, i\u017c nie wsp\u00f3\u0142pracuje z kontrahentem lub b) Administrator zostanie zawiadomiony, \u017ce pracownik \/ osoba wsp\u00f3\u0142pracuj\u0105ca nie b\u0119dzie ju\u017c osob\u0105 kontaktowa w relacjach Administrator- kontrahent c) poinformowania Administratora o zaprzestania przetwarzania jej danych osobowych przez Administratora.<\/li>\n<li>Pani\/Pana dane osobowe zosta\u0142y pozyskane poprzez podanie ich w trakcie bezpo\u015bredniej rozmowy telefonicznej lub zam\u00f3wienia (w\u0142\u0105czaj\u0105c serwis aukcyjny Allegro), a tak\u017ce zapytania handlowego podmiot\u00f3w zainteresowanych nawi\u0105zaniem wsp\u00f3\u0142pracy poprzez strony: www.bluetek.pl, www.realand.pl, prowadzone od 2010 roku oraz w spos\u00f3b r\u0119czny w zwi\u0105zku z podaniem danych w trakcie wsp\u00f3\u0142pracy bie\u017c\u0105cej.<\/li>\n<li>Dane osobowe przetwarzane s\u0105 r\u0119cznie oraz automatycznie w celu dostarczania produkt\u00f3w oraz us\u0142ug. Kategorie danych osobowych, kt\u00f3re b\u0119d\u0105 przetwarzane przez Administratora to:<br \/>\na) przypisany identyfikator u\u017cytkownika (ID),<br \/>\nb) imi\u0119,<br \/>\nc) nazwisko,<br \/>\nd) adres e-mail,<br \/>\ne) numer telefonu,<br \/>\nf) adres(y) pocztowe.<\/li>\n<li>Administrator przestrzega zasady gromadzenia i przetwarzania wy\u0142\u0105cznie takich danych, kt\u00f3re s\u0105 niezb\u0119dne do realizacji us\u0142ug.<\/li>\n<li>W zwi\u0105zku z realizacj\u0105 \u015bwiadczonych us\u0142ug Administrator powierzy dane osobowe zewn\u0119trznym podmiotom, w tym w szczeg\u00f3lno\u015bci:<br \/>\na) dostawcom odpowiedzialnym za obs\u0142ug\u0119 system\u00f3w informatycznych,<br \/>\nb) podmiotom, takim jak banki czy operatorzy p\u0142atno\u015bci elektronicznych,<br \/>\nc) podmiotom \u015bwiadcz\u0105cym us\u0142ugi ksi\u0119gowe, prawne, podatkowe,<br \/>\nd) firmom kurierskim i spedycyjnym (w zwi\u0105zku z realizacj\u0105 zam\u00f3wie\u0144).<\/li>\n<li>Pa\u0144stwa dane osobowe przetwarzane s\u0105 w celu bie\u017c\u0105cej komunikacji z Administratorem polegaj\u0105cej na wsp\u00f3\u0142pracy handlowej s\u0142u\u017c\u0105cej realizacji zam\u00f3wie\u0144, wystawiania faktur VAT, prowadzenia proces\u00f3w reklamacyjnych oraz wysy\u0142ania wiadomo\u015bci drog\u0105 elektroniczn\u0105.<\/li>\n<li>Administrator dok\u0142ada wszelkich stara\u0144, aby zapewni\u0107 wszelkie \u015brodki fizycznej, technicznej i organizacyjnej ochrony danych osobowych przed ich przypadkowym czy umy\u015blnym zniszczeniem, przypadkow\u0105 utrat\u0105, zmian\u0105, nieuprawnionym ujawnieniem, wykorzystaniem czy dost\u0119pem, zgodnie ze wszystkimi obowi\u0105zuj\u0105cymi przepisami.<\/li>\n<\/ol>\n","protected":false},"excerpt":{"rendered":"<p>Zgodnie z art. 13 ust. 1 i 2 rozporz\u0105dzenia Parlamentu Europejskiego i Rady (UE) 2016\/679 z dnia 27 kwietnia 2016 r. w sprawie ochrony os\u00f3b fizycznych w zwi\u0105zku z przetwarzaniem danych osobowych i w sprawie swobodnego przep\u0142ywu takich danych oraz uchylenia dyrektywy 95\/46\/WE (og\u00f3lne rozporz\u0105dzenie o ochronie danych, dalej: RODO) (Dz. Urz. UE L119\/1) informuj\u0119, [&hellip;]<\/p>\n","protected":false},"author":1,"featured_media":0,"parent":2,"menu_order":0,"comment_status":"closed","ping_status":"closed","template":"","meta":[],"yoast_head":"<!-- This site is optimized with the Yoast SEO plugin v19.9 - https:\/\/yoast.com\/wordpress\/plugins\/seo\/ -->\n<title>Informacja o przetwarzaniu danych osobowych - RODO - Systemy Rejestracji Czasu Pracy<\/title>\n<meta name=\"robots\" content=\"index, follow, max-snippet:-1, max-image-preview:large, max-video-preview:-1\" \/>\n<link rel=\"canonical\" href=\"https:\/\/bluetek.pl\/index.php\/przykladowa-strona\/informacja-o-przetwarzaniu-danych-osobowych-rodo\/\" \/>\n<meta property=\"og:locale\" content=\"pl_PL\" \/>\n<meta property=\"og:type\" content=\"article\" \/>\n<meta property=\"og:title\" content=\"Informacja o przetwarzaniu danych osobowych - RODO - Systemy Rejestracji Czasu Pracy\" \/>\n<meta property=\"og:description\" content=\"Zgodnie z art. 13 ust. 1 i 2 rozporz\u0105dzenia Parlamentu Europejskiego i Rady (UE) 2016\/679 z dnia 27 kwietnia 2016 r. w sprawie ochrony os\u00f3b fizycznych w zwi\u0105zku z przetwarzaniem danych osobowych i w sprawie swobodnego przep\u0142ywu takich danych oraz uchylenia dyrektywy 95\/46\/WE (og\u00f3lne rozporz\u0105dzenie o ochronie danych, dalej: RODO) (Dz. Urz. UE L119\/1) informuj\u0119, [&hellip;]\" \/>\n<meta property=\"og:url\" content=\"https:\/\/bluetek.pl\/index.php\/przykladowa-strona\/informacja-o-przetwarzaniu-danych-osobowych-rodo\/\" \/>\n<meta property=\"og:site_name\" content=\"Systemy Rejestracji Czasu Pracy\" \/>\n<meta name=\"twitter:card\" content=\"summary_large_image\" \/>\n<meta name=\"twitter:label1\" content=\"Szacowany czas czytania\" \/>\n\t<meta name=\"twitter:data1\" content=\"5 minut\" \/>\n<script type=\"application\/ld+json\" class=\"yoast-schema-graph\">{\"@context\":\"https:\/\/schema.org\",\"@graph\":[{\"@type\":\"WebPage\",\"@id\":\"https:\/\/bluetek.pl\/index.php\/przykladowa-strona\/informacja-o-przetwarzaniu-danych-osobowych-rodo\/\",\"url\":\"https:\/\/bluetek.pl\/index.php\/przykladowa-strona\/informacja-o-przetwarzaniu-danych-osobowych-rodo\/\",\"name\":\"Informacja o przetwarzaniu danych osobowych - RODO - Systemy Rejestracji Czasu Pracy\",\"isPartOf\":{\"@id\":\"https:\/\/bluetek.pl\/#website\"},\"datePublished\":\"2020-12-23T19:24:55+00:00\",\"dateModified\":\"2020-12-23T19:24:55+00:00\",\"breadcrumb\":{\"@id\":\"https:\/\/bluetek.pl\/index.php\/przykladowa-strona\/informacja-o-przetwarzaniu-danych-osobowych-rodo\/#breadcrumb\"},\"inLanguage\":\"pl-PL\",\"potentialAction\":[{\"@type\":\"ReadAction\",\"target\":[\"https:\/\/bluetek.pl\/index.php\/przykladowa-strona\/informacja-o-przetwarzaniu-danych-osobowych-rodo\/\"]}]},{\"@type\":\"BreadcrumbList\",\"@id\":\"https:\/\/bluetek.pl\/index.php\/przykladowa-strona\/informacja-o-przetwarzaniu-danych-osobowych-rodo\/#breadcrumb\",\"itemListElement\":[{\"@type\":\"ListItem\",\"position\":1,\"name\":\"Strona g\u0142\u00f3wna\",\"item\":\"https:\/\/bluetek.pl\/\"},{\"@type\":\"ListItem\",\"position\":2,\"name\":\"Firma Bluetek\",\"item\":\"https:\/\/bluetek.pl\/index.php\/przykladowa-strona\/\"},{\"@type\":\"ListItem\",\"position\":3,\"name\":\"Informacja o przetwarzaniu danych osobowych &#8211; RODO\"}]},{\"@type\":\"WebSite\",\"@id\":\"https:\/\/bluetek.pl\/#website\",\"url\":\"https:\/\/bluetek.pl\/\",\"name\":\"Systemy Rejestracji Czasu Pracy\",\"description\":\"Czas si\u0119 liczy!\",\"publisher\":{\"@id\":\"https:\/\/bluetek.pl\/#organization\"},\"potentialAction\":[{\"@type\":\"SearchAction\",\"target\":{\"@type\":\"EntryPoint\",\"urlTemplate\":\"https:\/\/bluetek.pl\/?s={search_term_string}\"},\"query-input\":\"required name=search_term_string\"}],\"inLanguage\":\"pl-PL\"},{\"@type\":\"Organization\",\"@id\":\"https:\/\/bluetek.pl\/#organization\",\"name\":\"BLUETEK Miros\u0142aw Ksi\u0119\u017cyk\",\"url\":\"https:\/\/bluetek.pl\/\",\"logo\":{\"@type\":\"ImageObject\",\"inLanguage\":\"pl-PL\",\"@id\":\"https:\/\/bluetek.pl\/#\/schema\/logo\/image\/\",\"url\":\"https:\/\/bluetek.pl\/wp-content\/uploads\/2021\/04\/2018logo_250.png\",\"contentUrl\":\"https:\/\/bluetek.pl\/wp-content\/uploads\/2021\/04\/2018logo_250.png\",\"width\":250,\"height\":250,\"caption\":\"BLUETEK Miros\u0142aw Ksi\u0119\u017cyk\"},\"image\":{\"@id\":\"https:\/\/bluetek.pl\/#\/schema\/logo\/image\/\"}}]}<\/script>\n<!-- \/ Yoast SEO plugin. -->","yoast_head_json":{"title":"Informacja o przetwarzaniu danych osobowych - RODO - Systemy Rejestracji Czasu Pracy","robots":{"index":"index","follow":"follow","max-snippet":"max-snippet:-1","max-image-preview":"max-image-preview:large","max-video-preview":"max-video-preview:-1"},"canonical":"https:\/\/bluetek.pl\/index.php\/przykladowa-strona\/informacja-o-przetwarzaniu-danych-osobowych-rodo\/","og_locale":"pl_PL","og_type":"article","og_title":"Informacja o przetwarzaniu danych osobowych - RODO - Systemy Rejestracji Czasu Pracy","og_description":"Zgodnie z art. 13 ust. 1 i 2 rozporz\u0105dzenia Parlamentu Europejskiego i Rady (UE) 2016\/679 z dnia 27 kwietnia 2016 r. w sprawie ochrony os\u00f3b fizycznych w zwi\u0105zku z przetwarzaniem danych osobowych i w sprawie swobodnego przep\u0142ywu takich danych oraz uchylenia dyrektywy 95\/46\/WE (og\u00f3lne rozporz\u0105dzenie o ochronie danych, dalej: RODO) (Dz. Urz. UE L119\/1) informuj\u0119, [&hellip;]","og_url":"https:\/\/bluetek.pl\/index.php\/przykladowa-strona\/informacja-o-przetwarzaniu-danych-osobowych-rodo\/","og_site_name":"Systemy Rejestracji Czasu Pracy","twitter_card":"summary_large_image","twitter_misc":{"Szacowany czas czytania":"5 minut"},"schema":{"@context":"https:\/\/schema.org","@graph":[{"@type":"WebPage","@id":"https:\/\/bluetek.pl\/index.php\/przykladowa-strona\/informacja-o-przetwarzaniu-danych-osobowych-rodo\/","url":"https:\/\/bluetek.pl\/index.php\/przykladowa-strona\/informacja-o-przetwarzaniu-danych-osobowych-rodo\/","name":"Informacja o przetwarzaniu danych osobowych - RODO - Systemy Rejestracji Czasu Pracy","isPartOf":{"@id":"https:\/\/bluetek.pl\/#website"},"datePublished":"2020-12-23T19:24:55+00:00","dateModified":"2020-12-23T19:24:55+00:00","breadcrumb":{"@id":"https:\/\/bluetek.pl\/index.php\/przykladowa-strona\/informacja-o-przetwarzaniu-danych-osobowych-rodo\/#breadcrumb"},"inLanguage":"pl-PL","potentialAction":[{"@type":"ReadAction","target":["https:\/\/bluetek.pl\/index.php\/przykladowa-strona\/informacja-o-przetwarzaniu-danych-osobowych-rodo\/"]}]},{"@type":"BreadcrumbList","@id":"https:\/\/bluetek.pl\/index.php\/przykladowa-strona\/informacja-o-przetwarzaniu-danych-osobowych-rodo\/#breadcrumb","itemListElement":[{"@type":"ListItem","position":1,"name":"Strona g\u0142\u00f3wna","item":"https:\/\/bluetek.pl\/"},{"@type":"ListItem","position":2,"name":"Firma Bluetek","item":"https:\/\/bluetek.pl\/index.php\/przykladowa-strona\/"},{"@type":"ListItem","position":3,"name":"Informacja o przetwarzaniu danych osobowych &#8211; RODO"}]},{"@type":"WebSite","@id":"https:\/\/bluetek.pl\/#website","url":"https:\/\/bluetek.pl\/","name":"Systemy Rejestracji Czasu Pracy","description":"Czas si\u0119 liczy!","publisher":{"@id":"https:\/\/bluetek.pl\/#organization"},"potentialAction":[{"@type":"SearchAction","target":{"@type":"EntryPoint","urlTemplate":"https:\/\/bluetek.pl\/?s={search_term_string}"},"query-input":"required name=search_term_string"}],"inLanguage":"pl-PL"},{"@type":"Organization","@id":"https:\/\/bluetek.pl\/#organization","name":"BLUETEK Miros\u0142aw Ksi\u0119\u017cyk","url":"https:\/\/bluetek.pl\/","logo":{"@type":"ImageObject","inLanguage":"pl-PL","@id":"https:\/\/bluetek.pl\/#\/schema\/logo\/image\/","url":"https:\/\/bluetek.pl\/wp-content\/uploads\/2021\/04\/2018logo_250.png","contentUrl":"https:\/\/bluetek.pl\/wp-content\/uploads\/2021\/04\/2018logo_250.png","width":250,"height":250,"caption":"BLUETEK Miros\u0142aw Ksi\u0119\u017cyk"},"image":{"@id":"https:\/\/bluetek.pl\/#\/schema\/logo\/image\/"}}]}},"_links":{"self":[{"href":"https:\/\/bluetek.pl\/index.php\/wp-json\/wp\/v2\/pages\/357"}],"collection":[{"href":"https:\/\/bluetek.pl\/index.php\/wp-json\/wp\/v2\/pages"}],"about":[{"href":"https:\/\/bluetek.pl\/index.php\/wp-json\/wp\/v2\/types\/page"}],"author":[{"embeddable":true,"href":"https:\/\/bluetek.pl\/index.php\/wp-json\/wp\/v2\/users\/1"}],"replies":[{"embeddable":true,"href":"https:\/\/bluetek.pl\/index.php\/wp-json\/wp\/v2\/comments?post=357"}],"version-history":[{"count":1,"href":"https:\/\/bluetek.pl\/index.php\/wp-json\/wp\/v2\/pages\/357\/revisions"}],"predecessor-version":[{"id":358,"href":"https:\/\/bluetek.pl\/index.php\/wp-json\/wp\/v2\/pages\/357\/revisions\/358"}],"up":[{"embeddable":true,"href":"https:\/\/bluetek.pl\/index.php\/wp-json\/wp\/v2\/pages\/2"}],"wp:attachment":[{"href":"https:\/\/bluetek.pl\/index.php\/wp-json\/wp\/v2\/media?parent=357"}],"curies":[{"name":"wp","href":"https:\/\/api.w.org\/{rel}","templated":true}]}}