{"id":275,"date":"2020-12-23T13:44:25","date_gmt":"2020-12-23T12:44:25","guid":{"rendered":"http:\/\/h4h.pl\/projekty\/realand.pl\/?page_id=275"},"modified":"2020-12-23T20:45:11","modified_gmt":"2020-12-23T19:45:11","slug":"regulamin-sklepu","status":"publish","type":"page","link":"https:\/\/bluetek.pl\/index.php\/regulamin-sklepu\/","title":{"rendered":"Regulamin sklepu"},"content":{"rendered":"<h1><\/h1>\n<ol>\n<li>\n<h2>Warunki og\u00f3lne<\/h2>\n<ol>\n<li>Sklep internetowy www.bluetek.pl jest prowadzony przez firm\u0119 BLUETEK Miros\u0142aw Ksi\u0119\u017cyk, Cedrowa 11, 41-503 Chorz\u00f3w, NIP: 634-148-35-05, REGON: 242585585, e-mail: info@bluetek.pl, tel. 698-67-67-65<\/li>\n<li>Adres do korespondencji jest to\u017csamy z adresem sklepu internetowego www.bluetek.pl.<\/li>\n<li>Zakup w sklepie internetowym www.bluetek.pl oznacza akceptacj\u0119 niniejszego regulaminu.<\/li>\n<\/ol>\n<\/li>\n<li>\n<h2>\u00a0Rejestracja u\u017cytkownika<\/h2>\n<ol>\n<li>W celu rejestracji w sklepie internetowym www.bluetek.pl (za\u0142o\u017cenia konta klienta) nale\u017cy klikn\u0105\u0107 przycisk \u201eUtw\u00f3rz konto\u201d, wype\u0142ni\u0107 poprawnie formularz rejestracyjny wraz z adresem e-mail oraz numerem telefonu kontaktowego, zaakceptowa\u0107 regulamin sklepu internetowego www.bluetek.pl oraz wyrazi\u0107 zgod\u0119 na przetwarzanie danych osobowych w zakresie niezb\u0119dnym do nawi\u0105zania, ukszta\u0142towania tre\u015bci, zmiany, rozwi\u0105zania i prawid\u0142owej realizacji us\u0142ug \u015bwiadczonych drog\u0105 elektroniczn\u0105 oraz do realizacji zam\u00f3wie\u0144 klienta.<\/li>\n<li>Rejestracja w sklepie internetowym www.bluetek.pl, jak r\u00f3wnie\u017c korzystanie z funkcjonalno\u015bci sklepu internetowego www.bluetek.pl, s\u0105 nieodp\u0142atne.<\/li>\n<li>Po zarejestrowaniu si\u0119 w sklepie internetowym www.realand.com ka\u017cdorazowe logowanie odbywa si\u0119 przy u\u017cyciu danych podanych w formularzu rejestracyjnym.<\/li>\n<li>W celu usuni\u0119cia konta klienta ze sklepu internetowego www.realand.com nale\u017cy wys\u0142a\u0107 wiadomo\u015b\u0107 elektroniczn\u0105 z pro\u015bb\u0105 o usuni\u0119cie konta klienta z adresu poczty elektronicznej aktualnie zarejestrowanego w sklepie internetowym www.bluetek.pl.<\/li>\n<\/ol>\n<\/li>\n<li>\n<h2>Zasady korzystania ze sklepu internetowego www.bluetek.pl<\/h2>\n<ol>\n<li>Logowanie do sklepu internetowego www.bluetek.pl odbywa si\u0119 poprzez wpisanie w formularzu logowania adresu e-mail oraz has\u0142a podanych przy rejestracji konta klienta. Dane podane przy rejestracji konta mog\u0105 zosta\u0107 zmienione po zalogowaniu si\u0119 na konto klienta (zak\u0142adka \u201eMoje konto\u201d).<\/li>\n<li>Klient, kt\u00f3ry zarejestrowa\u0142 konto, mo\u017ce korzysta\u0107 ze wszystkich dost\u0119pnych funkcjonalno\u015bci sklepu internetowego www.bluetek.pl, w tym sk\u0142ada\u0107 zam\u00f3wienia na produkty dost\u0119pne w asortymencie sklepu internetowego www.bluetek.pl.<\/li>\n<\/ol>\n<\/li>\n<li>\n<h2>\u00a0Informacje o produktach<\/h2>\n<ol>\n<li>Ceny produkt\u00f3w wskazanych na stronach internetowych sklepu internetowego www.bluetek.pl:<\/li>\n<li>zawieraj\u0105 podatek VAT (ceny brutto) i podawane s\u0105 w z\u0142otych polskich;<\/li>\n<li>Nie zawieraj\u0105 koszt\u00f3w dostawy, poza produktami oznaczonymi jako &#8222;Wysy\u0142ka Gratis&#8221;. Koszty dostawy zale\u017c\u0105 od sposobu dostarczenia produktu do klienta, od warto\u015bci oraz wielko\u015bci zam\u00f3wienia i podawane s\u0105 przy wyborze sposobu dostawy produktu przez klienta. Ca\u0142kowity koszt zam\u00f3wienia (tj. cena produkt\u00f3w wraz z kosztami dostawy) wskazany jest w koszyku przed z\u0142o\u017ceniem zam\u00f3wienia przez klienta.<\/li>\n<li>Firma zastrzega sobie prawo do dokonywania na bie\u017c\u0105co zmian w cenach produkt\u00f3w oraz do przeprowadzania i odwo\u0142ywania wszelkiego rodzaju akcji promocyjnych oraz wyprzeda\u017cy. Uprawnienie, o kt\u00f3rym mowa w poprzednim zdaniu, nie ma wp\u0142ywu na zam\u00f3wienia z\u0142o\u017cone przed dat\u0105 wej\u015bcia w \u017cycie zmiany ceny, warunk\u00f3w akcji promocyjnych lub wyprzeda\u017cy.<\/li>\n<\/ol>\n<\/li>\n<li>\n<h2>Warunki realizacji zam\u00f3wie\u0144<\/h2>\n<ol>\n<li>Klient mo\u017ce sk\u0142ada\u0107 zam\u00f3wienia na produkty dost\u0119pne w asortymencie sklepu internetowego www.bluetek.pl przez 7 (siedem) dni w tygodniu i 24 (dwadzie\u015bcia cztery) godziny na dob\u0119.<\/li>\n<li>W celu z\u0142o\u017cenia zam\u00f3wienia nale\u017cy:\n<ol>\n<li>wybra\u0107 produkt b\u0119d\u0105cy przedmiotem zam\u00f3wienia, a nast\u0119pnie klikn\u0105\u0107 przycisk \u201edodaj do koszyka\u201d (lub r\u00f3wnoznaczny);<\/li>\n<li>w celu sfinalizowania zam\u00f3wienia klikn\u0105\u0107 przycisk \u201eprzejd\u017a do kasy\u201d i:\n<ol>\n<li>zalogowa\u0107 si\u0119 do sklepu internetowego www.bluetek.pl;<\/li>\n<li>z\u0142o\u017cy\u0107 zam\u00f3wienie zak\u0142adaj\u0105c jednocze\u015bnie konto;<\/li>\n<li>za\u0142o\u017cy\u0107 zam\u00f3wienie bez zak\u0142adania konta.<\/li>\n<\/ol>\n<\/li>\n<li>W przypadku z\u0142o\u017cenia zam\u00f3wienia z jednoczesnym za\u0142o\u017ceniem konta lub z\u0142o\u017cenia zam\u00f3wienia bez zak\u0142adania konta, nale\u017cy wype\u0142ni\u0107 formularz z danymi klienta niezb\u0119dnymi do faktury oraz adresu dostawy<\/li>\n<li>Nast\u0119pnie klient powinien wybra\u0107 rodzaj przesy\u0142ki (spos\u00f3b dostarczenia produktu) oraz wybra\u0107 spos\u00f3b p\u0142atno\u015bci.<\/li>\n<li>Przed klikni\u0119ciem przycisku \u201ez\u0142\u00f3\u017c zam\u00f3wienie\u201d klient mo\u017ce podejrze\u0107 lub edytowa\u0107 zam\u00f3wienie.<\/li>\n<li>Z\u0142o\u017cenie zam\u00f3wienia przez klienta oznacza z\u0142o\u017cenie firmie oferty zawarcia umowy sprzeda\u017cy (kupna) zam\u00f3wionego produktu.<\/li>\n<li>Po z\u0142o\u017ceniu zam\u00f3wienia na adres poczty elektronicznej klienta wskazany w koncie klienta zostanie wys\u0142ane potwierdzenie otrzymania przez firm\u0119 zam\u00f3wienia z\u0142o\u017conego przez klienta wraz z numerem zam\u00f3wienia. Je\u017celi realizacja zam\u00f3wienia jest mo\u017cliwa, na adres poczty elektronicznej klienta wys\u0142ana zostanie wiadomo\u015b\u0107 elektroniczna z potwierdzeniem przyj\u0119cia zam\u00f3wienia do realizacji. Potwierdzenie przyj\u0119cia zam\u00f3wienia jest o\u015bwiadczeniem firmy o przyj\u0119ciu oferty, o kt\u00f3rej mowa w ust. 5.6.<\/li>\n<li>W przypadku wyst\u0105pienia okoliczno\u015bci uniemo\u017cliwiaj\u0105cych ca\u0142kowicie lub czasowo realizacj\u0119 z\u0142o\u017conego zam\u00f3wienia, firma BLUETEK zastrzega sobie prawo do wstrzymania realizacji zam\u00f3wienia &#8211; o zaistnia\u0142ej sytuacji zobowi\u0105zuje si\u0119 niezw\u0142ocznie powiadomi\u0107 Zamawiaj\u0105cego.<\/li>\n<\/ol>\n<\/li>\n<li>Zam\u00f3wienia w kt\u00f3rych nieprawid\u0142owo wype\u0142niono dane teleadresowe (nieistniej\u0105cy e-mail, lub brak telefonu) nie b\u0119d\u0105 rozpatrywane.<\/li>\n<li>Firma BLUETEK zastrzega sobie prawo do wstrzymania zam\u00f3wie\u0144 wzbudzaj\u0105cych w\u0105tpliwo\u015bci.<\/li>\n<li>Firma BLUETEK wystawia faktur\u0119 VAT na zakupiony towar. Nale\u017cy poprawnie wype\u0142ni\u0107 dane firmy wraz z NIP.<\/li>\n<li>W przypadku podania przez Klienta b\u0142\u0119dnego lub niedok\u0142adnego adresu, firma BLUETEK nie ponosi odpowiedzialno\u015bci za niedostarczenie lub op\u00f3\u017anienie w dostarczeniu przedmiotu zam\u00f3wienia w najszerszym dopuszczalnym przez prawo zakresie.<\/li>\n<\/ol>\n<\/li>\n<li>\n<h2>Realizacja zam\u00f3wienia<\/h2>\n<ol>\n<li>W przypadku gdy przedmiot zam\u00f3wienia ma by\u0107 dostarczony na terenie Polski zap\u0142aty mo\u017cna dokona\u0107:\n<ol>\n<li>podczas odbioru przedmiotu zam\u00f3wienia osobi\u015bcie got\u00f3wk\u0105 po wcze\u015bniejszym uzgodnieniu telefonicznym terminu. W tym przypadku realizacja zam\u00f3wienia zostanie rozpocz\u0119ta po zako\u0144czeniu przez Klienta procesu sk\u0142adania zam\u00f3wienia w sklepie internetowym;<\/li>\n<li>podczas odbioru przedmiotu zam\u00f3wienia po dostarczeniu go przez Poczt\u0119 Polsk\u0105 lub firm\u0119 kuriersk\u0105 &#8211; got\u00f3wk\u0105. W tym przypadku realizacja zam\u00f3wienia zostanie rozpocz\u0119ta po zako\u0144czeniu przez Klienta procesu sk\u0142adania zam\u00f3wienia na stronie sklepu internetowego;<\/li>\n<li>przed odbiorem przedmiotu zam\u00f3wienia (p\u0142atno\u015b\u0107 z g\u00f3ry) &#8211; przelewem bankowym w odpowiedzi na wystawiona przez firm\u0119 BLUETEK faktur\u0119 proform\u0119. W tym przypadku realizacja zam\u00f3wienia nast\u0105pi po otrzymaniu potwierdzenia poprawnego wykonania p\u0142atno\u015bci przez podmiot realizuj\u0105cy p\u0142atno\u015bci.<\/li>\n<\/ol>\n<\/li>\n<li>Czas realizacji zam\u00f3wie\u0144\n<ol>\n<li>Firma BLUETEK realizuje zam\u00f3wienia od klient\u00f3w zgodnie z wybranymi sposobami p\u0142atno\u015bci, opisanymi powy\u017cej. Zam\u00f3wienia z\u0142o\u017cone w dni robocze tj. dni tygodnia od poniedzia\u0142ku do pi\u0105tku z wy\u0142\u0105czeniem dni ustawowo wolnych od pracy,\u00a0 do godziny 13 mog\u0105 zosta\u0107 zrealizowane tego samego dnia. Zam\u00f3wienia z\u0142o\u017cone w dni powszednie po godz. 13:00, w soboty, niedziel\u0119 oraz \u015bwi\u0119ta &#8211; b\u0119d\u0105 realizowane nast\u0119pnego dnia roboczego. Powy\u017csza informacja to orientacyjny czas liczony od momentu przyj\u0119cia zam\u00f3wienia do realizacji do chwili wys\u0142ania przedmiotu zam\u00f3wienia do Klienta za po\u015brednictwem Poczty Polskiej lub firmy kurierskiej, do Punktu Odbioru. Czas realizacji zam\u00f3wienia jest podawany z uwzgl\u0119dnieniem terminu skompletowania wszystkich zam\u00f3wionych produkt\u00f3w. Czas realizacji zam\u00f3wienia uzale\u017cniony jest od dost\u0119pno\u015bci danego produktu.<\/li>\n<li>Na terenie Polski przedmiot zam\u00f3wienia mo\u017ce by\u0107 dostarczony za po\u015brednictwem Poczty Polskiej lub firmy kurierskiej pod wskazany przez Klienta adres.<\/li>\n<li>Poza terenem Polski przedmiot zam\u00f3wienia jest dostarczany za po\u015brednictwem Poczty Polskiej albo firmy kurierskiej pod wskazany przez Klienta adres.<\/li>\n<li>Firma BLUETEK nie ponosi odpowiedzialno\u015bci za wyd\u0142u\u017cony czas dostawy lub brak dostawy z powodu podania przez Klienta nieprawid\u0142owego lub niepe\u0142nego adresu dostawy.<\/li>\n<\/ol>\n<\/li>\n<\/ol>\n<\/li>\n<li>\n<h2>Warunki reklamacji<\/h2>\n<ol>\n<li>Firma BLUETEK jest odpowiedzialna wobec Klienta, je\u017celi sprzedany produkt ma wad\u0119 fizyczn\u0105 lub prawn\u0105 (r\u0119kojmia), gdzie wad\u0105 fizyczn\u0105 jest niezgodno\u015b\u0107 dostarczonych produkt\u00f3w z umow\u0105. Firma BLUETEK odpowiada z tytu\u0142u r\u0119kojmi, je\u017celi wada fizyczna zostanie stwierdzona przed up\u0142ywem 2 (dw\u00f3ch) od dnia wydania produktu Klientowi.<\/li>\n<li>Firma BLUETEK w ci\u0105gu 14 (czterna\u015bcie) dni kalendarzowych ustosunkuje si\u0119 do reklamacji Klienta i powiadomi go o sposobie dalszego post\u0119powania.<\/li>\n<li>W celu rozpatrzenia reklamacji przez firm\u0119 BLUETEK Klient powinien dostarczy\u0107 reklamowany produkt lub produkty wraz z dowodem zakupu tego produktu (produkt\u00f3w) do firmy BLUETEK i opisem reklamacji.<\/li>\n<li>W przypadku gdy produkt by\u0142 dostarczany za po\u015brednictwem firmy kurierskiej, reklamacj\u0119 (tj. reklamowany produkt, dow\u00f3d zakupu i opis reklamacji) nale\u017cy odes\u0142a\u0107 na adres firmy BLUETEK.<\/li>\n<li>W przypadku rozpatrzenia reklamacji na korzy\u015b\u0107 Klienta \u2013 firma BLUETEK niezw\u0142ocznie wymieni produkt wadliwy na wolny od wad albo wad\u0119 usunie. W przypadku braku mo\u017cliwo\u015bci wymiana produktu, usuni\u0119cia wady produktu lub obni\u017cenia ceny firma BLUETEK zwr\u00f3ci nale\u017cno\u015b\u0107 niezw\u0142ocznie zgodnie z obowi\u0105zuj\u0105cymi przepisami prawa..<\/li>\n<li>Klient nabywaj\u0105cy produkt w celu zwi\u0105zanym bezpo\u015brednio z jego z dzia\u0142alno\u015bci\u0105 zawodow\u0105 lub gospodarcz\u0105 (Klient nie b\u0119d\u0105cy konsumentem) ma prawo z\u0142o\u017cy\u0107 reklamacj\u0119 stosownie do obowi\u0105zuj\u0105cych w tej mierze przepis\u00f3w prawa, przy czym odpowiedzialno\u015b\u0107 firmy BLUETEK z tytu\u0142u r\u0119kojmi za wady fizyczne produkt\u00f3w ogranicza si\u0119 do kwoty, jak\u0105 Klient zap\u0142aci\u0142 firmie BLUETEK za nabycie danego produktu.<\/li>\n<\/ol>\n<\/li>\n<li>\n<h2>Warunki gwarancji<\/h2>\n<ol>\n<li>Firma BLUETEK udziela gwarancji standardowej w cenie zakupionego produktu na okres 24 miesi\u0119cy (produkty Realand) oraz 12 miesi\u0119cy (pozosta\u0142e produkty), w ramach kt\u00f3rej gwarantuje Klientowi napraw\u0119 urz\u0105dzenia w ci\u0105gu 48 godzin (produkty Realand) lub 7 dni (pozosta\u0142e produkty) od momentu dostarczenia, pomoc telefoniczn\u0105 oraz pomoc zdaln\u0105 (przez udost\u0119pnienie pulpitu zdalnego) w godzinach 9-17.<\/li>\n<li>Klient ma mo\u017cliwo\u015b\u0107 wykupienia dodatkowej gwarancji Premium po up\u0142ywie 24 miesi\u0119cy, dodatkowo p\u0142atnej od ka\u017cdego urz\u0105dzenia na okres kolejnych 12 (dwunastu) miesi\u0119cy, dzi\u0119ki kt\u00f3rej Klient przed\u0142u\u017ca gwarancj\u0119 standardow\u0105 opisan\u0105 w punkcie 9.1.<\/li>\n<li>Gwarancja nie obejmuje uszkodze\u0144 mechanicznych powsta\u0142ych na skutek niew\u0142a\u015bciwego u\u017cytkowania urz\u0105dzenia.<\/li>\n<li>Gwarancj\u0119 Premium mo\u017cna przed\u0142u\u017cy\u0107 i mo\u017cna z niej zrezygnowa\u0107, ale musi by\u0107 zachowana ci\u0105g\u0142o\u015b\u0107, czyli np. nie mo\u017cna mie\u0107 12 miesi\u0119cy Premium + przerwa + 12 miesi\u0119cy Premium, ale mo\u017cna mie\u0107 np. 24 miesi\u0105ce standard +12 miesi\u0119cy Premium.<\/li>\n<\/ol>\n<\/li>\n<li>\n<h2>Rezygnacja z zam\u00f3wienia oraz odst\u0105pienie od umowy<\/h2>\n<ol>\n<li>Konsument mo\u017ce odst\u0105pi\u0107 od umowy sprzeda\u017cy produktu zakupionego w sklepie internetowym www.bluetek.pl w ci\u0105gu 14 (czternastu) dni kalendarzowych bez podawania przyczyny oraz bez ponoszenia koszt\u00f3w, zgodnie z ustaw\u0105 o prawach konsumenta. Bieg terminu do odst\u0105pieniu od umowy rozpoczyna si\u0119 od daty otrzymania zrealizowanego zam\u00f3wienia (wydania produktu b\u0105d\u017a odebrania przesy\u0142ki). W przypadku zwrotu koszty przesy\u0142ki pokrywa klient.<\/li>\n<li>Zwr\u00f3cony w ci\u0105gu 14 dni towar nie mo\u017ce nosi\u0107 \u015blad\u00f3w zniszczenia.<\/li>\n<li>Firma Bluetek\u00a0 nie odbiera kierowanych do niej przesy\u0142ek odes\u0142anych za pobraniem i nie odpowiada za koszty zwi\u0105zane z takimi przesy\u0142kami.<\/li>\n<\/ol>\n<\/li>\n<li>\n<h2>Zwrot nale\u017cno\u015bci klientom<\/h2>\n<ol>\n<li>Firma Bluetek dokona zwrotu nale\u017cno\u015bci na podane przez Klienta konto w ci\u0105gu 7 dni.<\/li>\n<li>W przypadku zwrotu produktu (odst\u0105pienia od umowy) firma Bluetek mo\u017ce wstrzyma\u0107 si\u0119 ze zwrotem p\u0142atno\u015bci otrzymanych od Klienta do chwili otrzymania produktu z powrotem lub dostarczenia przez Klienta dowodu jej odes\u0142ania, w zale\u017cno\u015bci od tego, kt\u00f3re zdarzenie nast\u0105pi wcze\u015bniej.<\/li>\n<\/ol>\n<\/li>\n<li>\n<h2>Dane osobowe<\/h2>\n<ol>\n<li>Klient wyra\u017ca zgod\u0119 na przetwarzanie przez Firm\u0119 Bluetek danych osobowych podanych przez niego w procesie rejestracji konta w sklepie internetowym www.bluetek.pl Podanie danych osobowych przez Klienta jest dobrowolne, jednak\u017ce brak zgody na przetwarzanie przez firm\u0119 Bluetek danych osobowych mo\u017ce uniemo\u017cliwia\u0107 \u015bwiadczenie przez firm\u0119 Bluetek us\u0142ug drog\u0105 elektroniczn\u0105 oraz dokonywanie przez Klienta zakup\u00f3w w sklepie internetowym www.bluetek.pl.<\/li>\n<li>Dane osobowe przetwarzane s\u0105 przez firm\u0119 BLUETEK Miros\u0142aw Ksi\u0119\u017cyk, Cedrowa 11, 41-503 Chorz\u00f3w, NIP: 634-148-35-05, REGON: 242585585, e-mail: info@bluetek.pl, tel. 698-67-67-65.<\/li>\n<li>Firma Bluetek przetwarza dane osobowe w celu \u015bwiadczenia us\u0142ug drog\u0105 elektroniczn\u0105, zawierania z Klientem i wykonywania um\u00f3w sprzeda\u017cy produkt\u00f3w zam\u00f3wionych przez Klienta w sklepie internetowym www.bluetek.pl oraz w celach marketingowych, w tym w szczeg\u00f3lno\u015bci w celu przesy\u0142ania Klientowi informacji handlowych drog\u0105 elektroniczn\u0105.<\/li>\n<li>Klient ma prawo dost\u0119pu do swoich danych osobowych oraz do ich poprawiania i usuni\u0119cia. Dane osobowe mog\u0105 by\u0107 poprawiane lub usuwane po zalogowaniu si\u0119 na konto Klienta (zak\u0142adka \u201eMoje konto\u201d).<\/li>\n<li>Klient o\u015bwiadcza, i\u017c podane przez niego dane osobowe s\u0105 danymi Klienta.<\/li>\n<\/ol>\n<\/li>\n<\/ol>\n","protected":false},"excerpt":{"rendered":"<p>Warunki og\u00f3lne Sklep internetowy www.bluetek.pl jest prowadzony przez firm\u0119 BLUETEK Miros\u0142aw Ksi\u0119\u017cyk, Cedrowa 11, 41-503 Chorz\u00f3w, NIP: 634-148-35-05, REGON: 242585585, e-mail: info@bluetek.pl, tel. 698-67-67-65 Adres do korespondencji jest to\u017csamy z adresem sklepu internetowego www.bluetek.pl. Zakup w sklepie internetowym www.bluetek.pl oznacza akceptacj\u0119 niniejszego regulaminu. \u00a0Rejestracja u\u017cytkownika W celu rejestracji w sklepie internetowym www.bluetek.pl (za\u0142o\u017cenia konta klienta) [&hellip;]<\/p>\n","protected":false},"author":1,"featured_media":0,"parent":0,"menu_order":0,"comment_status":"closed","ping_status":"closed","template":"","meta":[],"yoast_head":"<!-- This site is optimized with the Yoast SEO plugin v19.9 - https:\/\/yoast.com\/wordpress\/plugins\/seo\/ -->\n<title>Regulamin sklepu - Systemy Rejestracji Czasu Pracy<\/title>\n<meta name=\"robots\" content=\"index, follow, max-snippet:-1, max-image-preview:large, max-video-preview:-1\" \/>\n<link rel=\"canonical\" href=\"https:\/\/bluetek.pl\/index.php\/regulamin-sklepu\/\" \/>\n<meta property=\"og:locale\" content=\"pl_PL\" \/>\n<meta property=\"og:type\" content=\"article\" \/>\n<meta property=\"og:title\" content=\"Regulamin sklepu - Systemy Rejestracji Czasu Pracy\" \/>\n<meta property=\"og:description\" content=\"Warunki og\u00f3lne Sklep internetowy www.bluetek.pl jest prowadzony przez firm\u0119 BLUETEK Miros\u0142aw Ksi\u0119\u017cyk, Cedrowa 11, 41-503 Chorz\u00f3w, NIP: 634-148-35-05, REGON: 242585585, e-mail: info@bluetek.pl, tel. 698-67-67-65 Adres do korespondencji jest to\u017csamy z adresem sklepu internetowego www.bluetek.pl. Zakup w sklepie internetowym www.bluetek.pl oznacza akceptacj\u0119 niniejszego regulaminu. \u00a0Rejestracja u\u017cytkownika W celu rejestracji w sklepie internetowym www.bluetek.pl (za\u0142o\u017cenia konta klienta) [&hellip;]\" \/>\n<meta property=\"og:url\" content=\"https:\/\/bluetek.pl\/index.php\/regulamin-sklepu\/\" \/>\n<meta property=\"og:site_name\" content=\"Systemy Rejestracji Czasu Pracy\" \/>\n<meta property=\"article:modified_time\" content=\"2020-12-23T19:45:11+00:00\" \/>\n<meta name=\"twitter:card\" content=\"summary_large_image\" \/>\n<meta name=\"twitter:label1\" content=\"Szacowany czas czytania\" \/>\n\t<meta name=\"twitter:data1\" content=\"10 minut\" \/>\n<script type=\"application\/ld+json\" class=\"yoast-schema-graph\">{\"@context\":\"https:\/\/schema.org\",\"@graph\":[{\"@type\":\"WebPage\",\"@id\":\"https:\/\/bluetek.pl\/index.php\/regulamin-sklepu\/\",\"url\":\"https:\/\/bluetek.pl\/index.php\/regulamin-sklepu\/\",\"name\":\"Regulamin sklepu - Systemy Rejestracji Czasu Pracy\",\"isPartOf\":{\"@id\":\"https:\/\/bluetek.pl\/#website\"},\"datePublished\":\"2020-12-23T12:44:25+00:00\",\"dateModified\":\"2020-12-23T19:45:11+00:00\",\"breadcrumb\":{\"@id\":\"https:\/\/bluetek.pl\/index.php\/regulamin-sklepu\/#breadcrumb\"},\"inLanguage\":\"pl-PL\",\"potentialAction\":[{\"@type\":\"ReadAction\",\"target\":[\"https:\/\/bluetek.pl\/index.php\/regulamin-sklepu\/\"]}]},{\"@type\":\"BreadcrumbList\",\"@id\":\"https:\/\/bluetek.pl\/index.php\/regulamin-sklepu\/#breadcrumb\",\"itemListElement\":[{\"@type\":\"ListItem\",\"position\":1,\"name\":\"Strona g\u0142\u00f3wna\",\"item\":\"https:\/\/bluetek.pl\/\"},{\"@type\":\"ListItem\",\"position\":2,\"name\":\"Regulamin sklepu\"}]},{\"@type\":\"WebSite\",\"@id\":\"https:\/\/bluetek.pl\/#website\",\"url\":\"https:\/\/bluetek.pl\/\",\"name\":\"Systemy Rejestracji Czasu Pracy\",\"description\":\"Czas si\u0119 liczy!\",\"publisher\":{\"@id\":\"https:\/\/bluetek.pl\/#organization\"},\"potentialAction\":[{\"@type\":\"SearchAction\",\"target\":{\"@type\":\"EntryPoint\",\"urlTemplate\":\"https:\/\/bluetek.pl\/?s={search_term_string}\"},\"query-input\":\"required name=search_term_string\"}],\"inLanguage\":\"pl-PL\"},{\"@type\":\"Organization\",\"@id\":\"https:\/\/bluetek.pl\/#organization\",\"name\":\"BLUETEK Miros\u0142aw Ksi\u0119\u017cyk\",\"url\":\"https:\/\/bluetek.pl\/\",\"logo\":{\"@type\":\"ImageObject\",\"inLanguage\":\"pl-PL\",\"@id\":\"https:\/\/bluetek.pl\/#\/schema\/logo\/image\/\",\"url\":\"https:\/\/bluetek.pl\/wp-content\/uploads\/2021\/04\/2018logo_250.png\",\"contentUrl\":\"https:\/\/bluetek.pl\/wp-content\/uploads\/2021\/04\/2018logo_250.png\",\"width\":250,\"height\":250,\"caption\":\"BLUETEK Miros\u0142aw Ksi\u0119\u017cyk\"},\"image\":{\"@id\":\"https:\/\/bluetek.pl\/#\/schema\/logo\/image\/\"}}]}<\/script>\n<!-- \/ Yoast SEO plugin. -->","yoast_head_json":{"title":"Regulamin sklepu - Systemy Rejestracji Czasu Pracy","robots":{"index":"index","follow":"follow","max-snippet":"max-snippet:-1","max-image-preview":"max-image-preview:large","max-video-preview":"max-video-preview:-1"},"canonical":"https:\/\/bluetek.pl\/index.php\/regulamin-sklepu\/","og_locale":"pl_PL","og_type":"article","og_title":"Regulamin sklepu - Systemy Rejestracji Czasu Pracy","og_description":"Warunki og\u00f3lne Sklep internetowy www.bluetek.pl jest prowadzony przez firm\u0119 BLUETEK Miros\u0142aw Ksi\u0119\u017cyk, Cedrowa 11, 41-503 Chorz\u00f3w, NIP: 634-148-35-05, REGON: 242585585, e-mail: info@bluetek.pl, tel. 698-67-67-65 Adres do korespondencji jest to\u017csamy z adresem sklepu internetowego www.bluetek.pl. Zakup w sklepie internetowym www.bluetek.pl oznacza akceptacj\u0119 niniejszego regulaminu. \u00a0Rejestracja u\u017cytkownika W celu rejestracji w sklepie internetowym www.bluetek.pl (za\u0142o\u017cenia konta klienta) [&hellip;]","og_url":"https:\/\/bluetek.pl\/index.php\/regulamin-sklepu\/","og_site_name":"Systemy Rejestracji Czasu Pracy","article_modified_time":"2020-12-23T19:45:11+00:00","twitter_card":"summary_large_image","twitter_misc":{"Szacowany czas czytania":"10 minut"},"schema":{"@context":"https:\/\/schema.org","@graph":[{"@type":"WebPage","@id":"https:\/\/bluetek.pl\/index.php\/regulamin-sklepu\/","url":"https:\/\/bluetek.pl\/index.php\/regulamin-sklepu\/","name":"Regulamin sklepu - Systemy Rejestracji Czasu Pracy","isPartOf":{"@id":"https:\/\/bluetek.pl\/#website"},"datePublished":"2020-12-23T12:44:25+00:00","dateModified":"2020-12-23T19:45:11+00:00","breadcrumb":{"@id":"https:\/\/bluetek.pl\/index.php\/regulamin-sklepu\/#breadcrumb"},"inLanguage":"pl-PL","potentialAction":[{"@type":"ReadAction","target":["https:\/\/bluetek.pl\/index.php\/regulamin-sklepu\/"]}]},{"@type":"BreadcrumbList","@id":"https:\/\/bluetek.pl\/index.php\/regulamin-sklepu\/#breadcrumb","itemListElement":[{"@type":"ListItem","position":1,"name":"Strona g\u0142\u00f3wna","item":"https:\/\/bluetek.pl\/"},{"@type":"ListItem","position":2,"name":"Regulamin sklepu"}]},{"@type":"WebSite","@id":"https:\/\/bluetek.pl\/#website","url":"https:\/\/bluetek.pl\/","name":"Systemy Rejestracji Czasu Pracy","description":"Czas si\u0119 liczy!","publisher":{"@id":"https:\/\/bluetek.pl\/#organization"},"potentialAction":[{"@type":"SearchAction","target":{"@type":"EntryPoint","urlTemplate":"https:\/\/bluetek.pl\/?s={search_term_string}"},"query-input":"required name=search_term_string"}],"inLanguage":"pl-PL"},{"@type":"Organization","@id":"https:\/\/bluetek.pl\/#organization","name":"BLUETEK Miros\u0142aw Ksi\u0119\u017cyk","url":"https:\/\/bluetek.pl\/","logo":{"@type":"ImageObject","inLanguage":"pl-PL","@id":"https:\/\/bluetek.pl\/#\/schema\/logo\/image\/","url":"https:\/\/bluetek.pl\/wp-content\/uploads\/2021\/04\/2018logo_250.png","contentUrl":"https:\/\/bluetek.pl\/wp-content\/uploads\/2021\/04\/2018logo_250.png","width":250,"height":250,"caption":"BLUETEK Miros\u0142aw Ksi\u0119\u017cyk"},"image":{"@id":"https:\/\/bluetek.pl\/#\/schema\/logo\/image\/"}}]}},"_links":{"self":[{"href":"https:\/\/bluetek.pl\/index.php\/wp-json\/wp\/v2\/pages\/275"}],"collection":[{"href":"https:\/\/bluetek.pl\/index.php\/wp-json\/wp\/v2\/pages"}],"about":[{"href":"https:\/\/bluetek.pl\/index.php\/wp-json\/wp\/v2\/types\/page"}],"author":[{"embeddable":true,"href":"https:\/\/bluetek.pl\/index.php\/wp-json\/wp\/v2\/users\/1"}],"replies":[{"embeddable":true,"href":"https:\/\/bluetek.pl\/index.php\/wp-json\/wp\/v2\/comments?post=275"}],"version-history":[{"count":3,"href":"https:\/\/bluetek.pl\/index.php\/wp-json\/wp\/v2\/pages\/275\/revisions"}],"predecessor-version":[{"id":365,"href":"https:\/\/bluetek.pl\/index.php\/wp-json\/wp\/v2\/pages\/275\/revisions\/365"}],"wp:attachment":[{"href":"https:\/\/bluetek.pl\/index.php\/wp-json\/wp\/v2\/media?parent=275"}],"curies":[{"name":"wp","href":"https:\/\/api.w.org\/{rel}","templated":true}]}}