{"id":258,"date":"2020-12-23T13:29:28","date_gmt":"2020-12-23T12:29:28","guid":{"rendered":"http:\/\/h4h.pl\/projekty\/realand.pl\/?page_id=258"},"modified":"2020-12-23T13:39:55","modified_gmt":"2020-12-23T12:39:55","slug":"instalacja-systemu-rcp","status":"publish","type":"page","link":"https:\/\/bluetek.pl\/index.php\/dokumentacja\/instalacja-systemu-rcp\/","title":{"rendered":"Instalacja systemu RCP"},"content":{"rendered":"<h3>Krok 1 &#8211; Co dostajemy w zestawie?<\/h3>\n<p>Prosz\u0119 rozpakowa\u0107 zestaw, w sk\u0142ad kt\u00f3rego wchodz\u0105: urz\u0105dzenie RCP, p\u0142yta monta\u017cowa i wkr\u0119ty monta\u017cowe, p\u0142yta DVD z oprogramowaniem, instrukcja obs\u0142ugi, kabel USB, kabel zasilaj\u0105cy urz\u0105dzenie, naklejki ze zdarzeniami i autoryzacj\u0105, 10 kart\/brelok\u00f3w.<img decoding=\"async\" loading=\"lazy\" class=\"aligncenter wp-image-260 size-full\" src=\"http:\/\/h4h.pl\/projekty\/realand.pl\/wp-content\/uploads\/2020\/12\/instrukcja-rcp-p11.jpg\" alt=\"\" width=\"665\" height=\"715\" srcset=\"https:\/\/bluetek.pl\/wp-content\/uploads\/2020\/12\/instrukcja-rcp-p11.jpg 665w, https:\/\/bluetek.pl\/wp-content\/uploads\/2020\/12\/instrukcja-rcp-p11-279x300.jpg 279w, https:\/\/bluetek.pl\/wp-content\/uploads\/2020\/12\/instrukcja-rcp-p11-416x447.jpg 416w\" sizes=\"(max-width: 665px) 100vw, 665px\" \/><\/p>\n<h3>Krok 2 &#8211; Monta\u017c na \u015bcianie<\/h3>\n<p>Zamontowa\u0107 p\u0142yt\u0119 monta\u017cow\u0105 u\u017cywaj\u0105c \u015brub monta\u017cowych \u2013 mog\u0105 by\u0107 2 na krzy\u017c. Obok miejsca instalacji mo\u017cna naklei\u0107 do\u0142\u0105czon\u0105 do zestawu uproszczon\u0105 instrukcj\u0119 obs\u0142ugi.<\/p>\n<p><img decoding=\"async\" loading=\"lazy\" class=\"aligncenter wp-image-262 size-full\" src=\"http:\/\/h4h.pl\/projekty\/realand.pl\/wp-content\/uploads\/2020\/12\/instrukcja-rcp-p21.jpg\" alt=\"\" width=\"665\" height=\"420\" srcset=\"https:\/\/bluetek.pl\/wp-content\/uploads\/2020\/12\/instrukcja-rcp-p21.jpg 665w, https:\/\/bluetek.pl\/wp-content\/uploads\/2020\/12\/instrukcja-rcp-p21-300x189.jpg 300w, https:\/\/bluetek.pl\/wp-content\/uploads\/2020\/12\/instrukcja-rcp-p21-416x263.jpg 416w\" sizes=\"(max-width: 665px) 100vw, 665px\" \/><\/p>\n<p>Zawiesi\u0107 na zatrzaskach p\u0142yty monta\u017cowej urz\u0105dzenie RCP, a nast\u0119pnie pod\u0142\u0105czy\u0107 zasilacz do zasilania.<\/p>\n<p><img decoding=\"async\" loading=\"lazy\" class=\"aligncenter wp-image-263 size-full\" src=\"http:\/\/h4h.pl\/projekty\/realand.pl\/wp-content\/uploads\/2020\/12\/instrukcja-rcp-p31.jpg\" alt=\"\" width=\"665\" height=\"421\" srcset=\"https:\/\/bluetek.pl\/wp-content\/uploads\/2020\/12\/instrukcja-rcp-p31.jpg 665w, https:\/\/bluetek.pl\/wp-content\/uploads\/2020\/12\/instrukcja-rcp-p31-300x190.jpg 300w, https:\/\/bluetek.pl\/wp-content\/uploads\/2020\/12\/instrukcja-rcp-p31-416x263.jpg 416w\" sizes=\"(max-width: 665px) 100vw, 665px\" \/>Rejestrator w miejscu instalacji<\/p>\n<h3>Krok 3 &#8211; Konfiguracja po\u0142\u0105czenia TCP\/IP<\/h3>\n<p>Je\u017celi rejestrator b\u0119dzie komunikowa\u0142 si\u0119 z oprogramowanie przez port TCP\/IP nale\u017cy na klawiaturze rejestratora wybra\u0107: Menu -&gt; Komunikacja -&gt; Po\u0142\u0105czenia -&gt; nast\u0119pnie wpisa\u0107 adres IP z sieci lokalnej, zatwierdzi\u0107. Je\u017celi montowane s\u0105 dwa lub wi\u0119cej rejestratory nale\u017cy tak\u017ce wprowadzi\u0107 numer ID ka\u017cdego kolejnego urz\u0105dzenia, np. przy jednym rejestratorze wprowadza si\u0119 nr IP + pozostawia ID urz\u0105dzenia \u201e1\u201d. Natomiast je\u017celi b\u0119dzie to si\u00f3dmy rejestrator w sieci wtedy nale\u017cy wprowadzi\u0107 nr IP + wpisa\u0107 w ID urz\u0105dzenia \u201e7\u201d.<img decoding=\"async\" loading=\"lazy\" class=\"size-medium wp-image-264 aligncenter\" src=\"http:\/\/h4h.pl\/projekty\/realand.pl\/wp-content\/uploads\/2020\/12\/instrukcja-rcp-p41-300x203.jpg\" alt=\"\" width=\"300\" height=\"203\" srcset=\"https:\/\/bluetek.pl\/wp-content\/uploads\/2020\/12\/instrukcja-rcp-p41-300x203.jpg 300w, https:\/\/bluetek.pl\/wp-content\/uploads\/2020\/12\/instrukcja-rcp-p41-416x282.jpg 416w, https:\/\/bluetek.pl\/wp-content\/uploads\/2020\/12\/instrukcja-rcp-p41.jpg 529w\" sizes=\"(max-width: 300px) 100vw, 300px\" \/><\/p>\n<h4>Konfiguracja TCP\/IP<\/h4>\n<p>Inne dost\u0119pne metody komunikacji to:<\/p>\n<ol>\n<li>Kabel USB<\/li>\n<li>Eksport danych przez Pendrive<\/li>\n<li>Po\u0142\u0105czenie RS485 (tylko modele z kontrol\u0105 dost\u0119pu)<\/li>\n<\/ol>\n<p>Nast\u0119pnym krokiem jest pod\u0142\u0105czenie kabla sieciowego RJ45 \u0142\u0105cz\u0105cego rejestrator z sieci\u0105 LAN. Gniazdo RJ45 znajdziemy w dolnej cz\u0119\u015bci urz\u0105dzenia:<img decoding=\"async\" loading=\"lazy\" class=\"size-medium wp-image-265 aligncenter\" src=\"http:\/\/h4h.pl\/projekty\/realand.pl\/wp-content\/uploads\/2020\/12\/instrukcja-rcp-p51-300x103.jpg\" alt=\"\" width=\"300\" height=\"103\" srcset=\"https:\/\/bluetek.pl\/wp-content\/uploads\/2020\/12\/instrukcja-rcp-p51-300x103.jpg 300w, https:\/\/bluetek.pl\/wp-content\/uploads\/2020\/12\/instrukcja-rcp-p51-416x143.jpg 416w, https:\/\/bluetek.pl\/wp-content\/uploads\/2020\/12\/instrukcja-rcp-p51.jpg 566w\" sizes=\"(max-width: 300px) 100vw, 300px\" \/><\/p>\n<p>Gniazda AC-091<\/p>\n<h3>Krok 4 &#8211; Dodanie pracownik\u00f3w<\/h3>\n<p>W celu dodania pracownik\u00f3w z autoryzacj\u0105 biometryczn\u0105 nale\u017cy na klawiaturze rejestratora wybra\u0107: Menu -&gt; Osoby -&gt; Dodaj -&gt; nast\u0119pnie do ka\u017cdego kolejnego pracownika rejestrator domy\u015blnie przypisze w kolejno\u015bci od 1 unikatowy numer ID pracownika, mo\u017cna w tej pozycji menu wybra\u0107 rol\u0119 u\u017cytkownika (pracownika) lub administratora i przej\u015b\u0107 dalej. System zaproponuje dodanie trzech metod autoryzacji \u2013 palec, has\u0142o (kod pin) i kart\u0119\/brelok RFID. Aby je wprowadzi\u0107 nale\u017cy post\u0119powa\u0107 zgodnie z komunikatami widocznymi na ekranie.<img decoding=\"async\" loading=\"lazy\" class=\"size-medium wp-image-266 aligncenter\" src=\"http:\/\/h4h.pl\/projekty\/realand.pl\/wp-content\/uploads\/2020\/12\/instrukcja-rcp-p61-300x234.jpg\" alt=\"\" width=\"300\" height=\"234\" srcset=\"https:\/\/bluetek.pl\/wp-content\/uploads\/2020\/12\/instrukcja-rcp-p61-300x234.jpg 300w, https:\/\/bluetek.pl\/wp-content\/uploads\/2020\/12\/instrukcja-rcp-p61-416x325.jpg 416w, https:\/\/bluetek.pl\/wp-content\/uploads\/2020\/12\/instrukcja-rcp-p61.jpg 531w\" sizes=\"(max-width: 300px) 100vw, 300px\" \/><\/p>\n<p>Dost\u0119pne metody autoryzacji<\/p>\n<blockquote><p>Uwaga \u2013 wprowadzanie pracownik\u00f3w jest znacznie szybsze i wygodniejsze poziomu oprogramowania, z poziomu rejestratora nale\u017cy doda\u0107 tylko biometri\u0119.<\/p><\/blockquote>\n<h3>Krok 5 &#8211; Instalacja i konfiguracja oprogramowania<\/h3>\n<p>W celu zainstalowania programowania na komputerze nale\u017cy uruchomi\u0107 p\u0142yt\u0119 DVD, nast\u0119pnie otworzy\u0107 foldery -&gt; Oprogramowanie -&gt; PL -&gt; i uruchomi\u0107 jako administrator plik \u201eSetup_Rams\u201d Podczas instalacji nale\u017cy tylko wprowadzi\u0107 nazw\u0119 firmy i ewentualne has\u0142o dost\u0119powe do programu, natomiast pozosta\u0142e okna pomin\u0105\u0107 klikaj\u0105c przycisk \u201epomi\u0144\u201d lub \u201edalej\u201d \u2013 ich personalizacja w dalszej cz\u0119\u015bci.<\/p>\n<blockquote><p>Uwaga &#8211; program Rams nale\u017cy uruchamia\u0107 zawsze jako administrator, w przeciwnym razie mog\u0105 si\u0119 pojawi\u0107 problemy z komunikacj\u0105 USB.<\/p><\/blockquote>\n<p>Aby skonfigurowa\u0107 zasady naliczania czasu pracy przez oprogramowanie Rams, nale\u017cy w module \u201eZarz\u0105dzanie\u201d wybra\u0107 pole \u201eKonfiguracja zasad naliczania czasu pracy\u201d i zgodnie z w\u0142asnymi potrzebami skonfigurowa\u0107 program.<img decoding=\"async\" loading=\"lazy\" class=\"aligncenter wp-image-267 size-full\" src=\"http:\/\/h4h.pl\/projekty\/realand.pl\/wp-content\/uploads\/2020\/12\/instrukcja-rcp-p71.jpg\" alt=\"\" width=\"641\" height=\"461\" srcset=\"https:\/\/bluetek.pl\/wp-content\/uploads\/2020\/12\/instrukcja-rcp-p71.jpg 641w, https:\/\/bluetek.pl\/wp-content\/uploads\/2020\/12\/instrukcja-rcp-p71-300x216.jpg 300w, https:\/\/bluetek.pl\/wp-content\/uploads\/2020\/12\/instrukcja-rcp-p71-416x299.jpg 416w\" sizes=\"(max-width: 641px) 100vw, 641px\" \/><\/p>\n<h4>Konfiguracja RAMS<\/h4>\n<p>Uwaga &#8211; do prowadzenia podstawowej elektronicznej ewidencji czasu pracy nie ma potrzeby definiowania zmian.<\/p>\n<p>Aby wprowadzi\u0107 pracownik\u00f3w nale\u017cy w menu g\u0142\u00f3wnym paragramu Rams w module \u201eZarz\u0105dzanie pracownikami\u201d klikn\u0105\u0107 pole \u201eDodaj osob\u0119\u201d -&gt; \u201eNowy\u201d i wprowadzi\u0107 dane pracownika.<img decoding=\"async\" loading=\"lazy\" class=\"aligncenter wp-image-268 size-full\" src=\"http:\/\/h4h.pl\/projekty\/realand.pl\/wp-content\/uploads\/2020\/12\/instrukcja-rcp-p81.jpg\" alt=\"\" width=\"667\" height=\"429\" srcset=\"https:\/\/bluetek.pl\/wp-content\/uploads\/2020\/12\/instrukcja-rcp-p81.jpg 667w, https:\/\/bluetek.pl\/wp-content\/uploads\/2020\/12\/instrukcja-rcp-p81-300x193.jpg 300w, https:\/\/bluetek.pl\/wp-content\/uploads\/2020\/12\/instrukcja-rcp-p81-416x268.jpg 416w\" sizes=\"(max-width: 667px) 100vw, 667px\" \/><\/p>\n<h4>RAMS &#8211; konfiguracja pracownika<\/h4>\n<p>Uwaga \u2013 program do dzia\u0142ania wymaga podania przy pracowniku tylko unikatowego numeru Enroll ID, nazwy u\u017cytkownika i wpisania jednej z metod autoryzacji, tj. numeru karty lub has\u0142a (kodu pin).<\/p>\n<p>Aby doda\u0107 w programie urz\u0105dzenie, w tym celu w module \u201eUrz\u0105dzenia\u201d nale\u017cy wybra\u0107 pole \u201eUrz\u0105dzenia\u201d -&gt; \u201eDodaj urz\u0105dzenie\u201d i w oknie \u201ePo\u0142\u0105cz z urz\u0105dzeniem\u201d wybra\u0107 spos\u00f3b komunikacji oprogramowania z urz\u0105dzeniem &#8211; wprowadzi\u0107 unikatowy numer ID ka\u017cdego kolejnego urz\u0105dzenia oraz numer IP przy komunikacji TCPIP; i klikn\u0105\u0107 pole \u201eszukaj\u201d.<img decoding=\"async\" loading=\"lazy\" class=\"aligncenter wp-image-269 size-full\" src=\"http:\/\/h4h.pl\/projekty\/realand.pl\/wp-content\/uploads\/2020\/12\/instrukcja-rcp-p91.jpg\" alt=\"\" width=\"379\" height=\"304\" srcset=\"https:\/\/bluetek.pl\/wp-content\/uploads\/2020\/12\/instrukcja-rcp-p91.jpg 379w, https:\/\/bluetek.pl\/wp-content\/uploads\/2020\/12\/instrukcja-rcp-p91-300x241.jpg 300w\" sizes=\"(max-width: 379px) 100vw, 379px\" \/><\/p>\n<h4>RAMS &#8211; konfiguracja po\u0142\u0105czenia z rejestratorem<\/h4>\n<p>Aby wys\u0142a\u0107 wprowadzonych pracownik\u00f3w z oprogramowania na rejestrator nale\u017cy w module \u201eUrz\u0105dzenia\u201d wybra\u0107 pole \u201eUrz\u0105dzenia\u201d i klikn\u0105\u0107 pole \u201eWy\u015blij wszystkich u\u017cytkownik\u00f3w\u201d. Aby pobra\u0107 zarejestrowane zdarzenia nale\u017cy klikn\u0105\u0107 pole \u201ePobierz logi\u201d.<\/p>\n<p>Uwaga \u2013 w momencie komunikowania si\u0119 oprogramowania z rejestratorem urz\u0105dzenie musi by\u0107 w\u0142\u0105czone i po\u0142\u0105czone z komputerem.<img decoding=\"async\" loading=\"lazy\" class=\"aligncenter wp-image-270 size-large\" src=\"http:\/\/h4h.pl\/projekty\/realand.pl\/wp-content\/uploads\/2020\/12\/instrukcja-rcp-p101-1024x546.jpg\" alt=\"\" width=\"980\" height=\"523\" srcset=\"https:\/\/bluetek.pl\/wp-content\/uploads\/2020\/12\/instrukcja-rcp-p101-1024x546.jpg 1024w, https:\/\/bluetek.pl\/wp-content\/uploads\/2020\/12\/instrukcja-rcp-p101-300x160.jpg 300w, https:\/\/bluetek.pl\/wp-content\/uploads\/2020\/12\/instrukcja-rcp-p101-768x410.jpg 768w, https:\/\/bluetek.pl\/wp-content\/uploads\/2020\/12\/instrukcja-rcp-p101-416x222.jpg 416w, https:\/\/bluetek.pl\/wp-content\/uploads\/2020\/12\/instrukcja-rcp-p101.jpg 1115w\" sizes=\"(max-width: 980px) 100vw, 980px\" \/><\/p>\n<h4>RAMS &#8211; pobieranie zapis\u00f3w z rejestratora<\/h4>\n<p>Aby wygenerowa\u0107 raporty nale\u017cy w module \u201eZarz\u0105dzanie\u201d wybra\u0107 pole \u201eRaport\u201d, wybra\u0107 u\u017cytkownik\u00f3w, zakres czasowy, rodzaj raportu i klikn\u0105\u0107 pole \u201eWybierz\u201d lub \u201eGeneruj\u201d.<img decoding=\"async\" loading=\"lazy\" class=\"aligncenter wp-image-271 size-large\" src=\"http:\/\/h4h.pl\/projekty\/realand.pl\/wp-content\/uploads\/2020\/12\/instrukcja-rcp-p111-1024x157.jpg\" alt=\"\" width=\"980\" height=\"150\" srcset=\"https:\/\/bluetek.pl\/wp-content\/uploads\/2020\/12\/instrukcja-rcp-p111-1024x157.jpg 1024w, https:\/\/bluetek.pl\/wp-content\/uploads\/2020\/12\/instrukcja-rcp-p111-300x46.jpg 300w, https:\/\/bluetek.pl\/wp-content\/uploads\/2020\/12\/instrukcja-rcp-p111-768x118.jpg 768w, https:\/\/bluetek.pl\/wp-content\/uploads\/2020\/12\/instrukcja-rcp-p111-416x64.jpg 416w, https:\/\/bluetek.pl\/wp-content\/uploads\/2020\/12\/instrukcja-rcp-p111.jpg 1362w\" sizes=\"(max-width: 980px) 100vw, 980px\" \/><\/p>\n<h4>RAMS &#8211; generowanie raport\u00f3w<\/h4>\n<p>Powy\u017csza instrukcja ma charakter skr\u00f3towy, pe\u0142n\u0105 dokumentacje otrzymasz w komplecie z rejestratorem.<\/p>\n<p><img decoding=\"async\" loading=\"lazy\" class=\"aligncenter wp-image-272 size-full\" src=\"http:\/\/h4h.pl\/projekty\/realand.pl\/wp-content\/uploads\/2020\/12\/instrukcja.jpg\" alt=\"Instrukcja RAMS\" width=\"573\" height=\"785\" srcset=\"https:\/\/bluetek.pl\/wp-content\/uploads\/2020\/12\/instrukcja.jpg 573w, https:\/\/bluetek.pl\/wp-content\/uploads\/2020\/12\/instrukcja-219x300.jpg 219w, https:\/\/bluetek.pl\/wp-content\/uploads\/2020\/12\/instrukcja-416x570.jpg 416w\" sizes=\"(max-width: 573px) 100vw, 573px\" \/><\/p>\n","protected":false},"excerpt":{"rendered":"<p>Krok 1 &#8211; Co dostajemy w zestawie? Prosz\u0119 rozpakowa\u0107 zestaw, w sk\u0142ad kt\u00f3rego wchodz\u0105: urz\u0105dzenie RCP, p\u0142yta monta\u017cowa i wkr\u0119ty monta\u017cowe, p\u0142yta DVD z oprogramowaniem, instrukcja obs\u0142ugi, kabel USB, kabel zasilaj\u0105cy urz\u0105dzenie, naklejki ze zdarzeniami i autoryzacj\u0105, 10 kart\/brelok\u00f3w. Krok 2 &#8211; Monta\u017c na \u015bcianie Zamontowa\u0107 p\u0142yt\u0119 monta\u017cow\u0105 u\u017cywaj\u0105c \u015brub monta\u017cowych \u2013 mog\u0105 by\u0107 2 [&hellip;]<\/p>\n","protected":false},"author":1,"featured_media":0,"parent":172,"menu_order":0,"comment_status":"closed","ping_status":"closed","template":"","meta":[],"yoast_head":"<!-- This site is optimized with the Yoast SEO plugin v19.9 - https:\/\/yoast.com\/wordpress\/plugins\/seo\/ -->\n<title>Instalacja systemu RCP - Systemy Rejestracji Czasu Pracy<\/title>\n<meta name=\"robots\" content=\"index, follow, max-snippet:-1, max-image-preview:large, max-video-preview:-1\" \/>\n<link rel=\"canonical\" href=\"https:\/\/bluetek.pl\/index.php\/dokumentacja\/instalacja-systemu-rcp\/\" \/>\n<meta property=\"og:locale\" content=\"pl_PL\" \/>\n<meta property=\"og:type\" content=\"article\" \/>\n<meta property=\"og:title\" content=\"Instalacja systemu RCP - Systemy Rejestracji Czasu Pracy\" \/>\n<meta property=\"og:description\" content=\"Krok 1 &#8211; Co dostajemy w zestawie? Prosz\u0119 rozpakowa\u0107 zestaw, w sk\u0142ad kt\u00f3rego wchodz\u0105: urz\u0105dzenie RCP, p\u0142yta monta\u017cowa i wkr\u0119ty monta\u017cowe, p\u0142yta DVD z oprogramowaniem, instrukcja obs\u0142ugi, kabel USB, kabel zasilaj\u0105cy urz\u0105dzenie, naklejki ze zdarzeniami i autoryzacj\u0105, 10 kart\/brelok\u00f3w. Krok 2 &#8211; Monta\u017c na \u015bcianie Zamontowa\u0107 p\u0142yt\u0119 monta\u017cow\u0105 u\u017cywaj\u0105c \u015brub monta\u017cowych \u2013 mog\u0105 by\u0107 2 [&hellip;]\" \/>\n<meta property=\"og:url\" content=\"https:\/\/bluetek.pl\/index.php\/dokumentacja\/instalacja-systemu-rcp\/\" \/>\n<meta property=\"og:site_name\" content=\"Systemy Rejestracji Czasu Pracy\" \/>\n<meta property=\"article:modified_time\" content=\"2020-12-23T12:39:55+00:00\" \/>\n<meta property=\"og:image\" content=\"http:\/\/h4h.pl\/projekty\/realand.pl\/wp-content\/uploads\/2020\/12\/instrukcja-rcp-p11.jpg\" \/>\n<meta name=\"twitter:card\" content=\"summary_large_image\" \/>\n<meta name=\"twitter:label1\" content=\"Szacowany czas czytania\" \/>\n\t<meta name=\"twitter:data1\" content=\"4 minuty\" \/>\n<script type=\"application\/ld+json\" class=\"yoast-schema-graph\">{\"@context\":\"https:\/\/schema.org\",\"@graph\":[{\"@type\":\"WebPage\",\"@id\":\"https:\/\/bluetek.pl\/index.php\/dokumentacja\/instalacja-systemu-rcp\/\",\"url\":\"https:\/\/bluetek.pl\/index.php\/dokumentacja\/instalacja-systemu-rcp\/\",\"name\":\"Instalacja systemu RCP - Systemy Rejestracji Czasu Pracy\",\"isPartOf\":{\"@id\":\"https:\/\/bluetek.pl\/#website\"},\"datePublished\":\"2020-12-23T12:29:28+00:00\",\"dateModified\":\"2020-12-23T12:39:55+00:00\",\"breadcrumb\":{\"@id\":\"https:\/\/bluetek.pl\/index.php\/dokumentacja\/instalacja-systemu-rcp\/#breadcrumb\"},\"inLanguage\":\"pl-PL\",\"potentialAction\":[{\"@type\":\"ReadAction\",\"target\":[\"https:\/\/bluetek.pl\/index.php\/dokumentacja\/instalacja-systemu-rcp\/\"]}]},{\"@type\":\"BreadcrumbList\",\"@id\":\"https:\/\/bluetek.pl\/index.php\/dokumentacja\/instalacja-systemu-rcp\/#breadcrumb\",\"itemListElement\":[{\"@type\":\"ListItem\",\"position\":1,\"name\":\"Strona g\u0142\u00f3wna\",\"item\":\"https:\/\/bluetek.pl\/\"},{\"@type\":\"ListItem\",\"position\":2,\"name\":\"Dokumentacja\",\"item\":\"https:\/\/bluetek.pl\/index.php\/dokumentacja\/\"},{\"@type\":\"ListItem\",\"position\":3,\"name\":\"Instalacja systemu RCP\"}]},{\"@type\":\"WebSite\",\"@id\":\"https:\/\/bluetek.pl\/#website\",\"url\":\"https:\/\/bluetek.pl\/\",\"name\":\"Systemy Rejestracji Czasu Pracy\",\"description\":\"Czas si\u0119 liczy!\",\"publisher\":{\"@id\":\"https:\/\/bluetek.pl\/#organization\"},\"potentialAction\":[{\"@type\":\"SearchAction\",\"target\":{\"@type\":\"EntryPoint\",\"urlTemplate\":\"https:\/\/bluetek.pl\/?s={search_term_string}\"},\"query-input\":\"required name=search_term_string\"}],\"inLanguage\":\"pl-PL\"},{\"@type\":\"Organization\",\"@id\":\"https:\/\/bluetek.pl\/#organization\",\"name\":\"BLUETEK Miros\u0142aw Ksi\u0119\u017cyk\",\"url\":\"https:\/\/bluetek.pl\/\",\"logo\":{\"@type\":\"ImageObject\",\"inLanguage\":\"pl-PL\",\"@id\":\"https:\/\/bluetek.pl\/#\/schema\/logo\/image\/\",\"url\":\"https:\/\/bluetek.pl\/wp-content\/uploads\/2021\/04\/2018logo_250.png\",\"contentUrl\":\"https:\/\/bluetek.pl\/wp-content\/uploads\/2021\/04\/2018logo_250.png\",\"width\":250,\"height\":250,\"caption\":\"BLUETEK Miros\u0142aw Ksi\u0119\u017cyk\"},\"image\":{\"@id\":\"https:\/\/bluetek.pl\/#\/schema\/logo\/image\/\"}}]}<\/script>\n<!-- \/ Yoast SEO plugin. -->","yoast_head_json":{"title":"Instalacja systemu RCP - Systemy Rejestracji Czasu Pracy","robots":{"index":"index","follow":"follow","max-snippet":"max-snippet:-1","max-image-preview":"max-image-preview:large","max-video-preview":"max-video-preview:-1"},"canonical":"https:\/\/bluetek.pl\/index.php\/dokumentacja\/instalacja-systemu-rcp\/","og_locale":"pl_PL","og_type":"article","og_title":"Instalacja systemu RCP - Systemy Rejestracji Czasu Pracy","og_description":"Krok 1 &#8211; Co dostajemy w zestawie? Prosz\u0119 rozpakowa\u0107 zestaw, w sk\u0142ad kt\u00f3rego wchodz\u0105: urz\u0105dzenie RCP, p\u0142yta monta\u017cowa i wkr\u0119ty monta\u017cowe, p\u0142yta DVD z oprogramowaniem, instrukcja obs\u0142ugi, kabel USB, kabel zasilaj\u0105cy urz\u0105dzenie, naklejki ze zdarzeniami i autoryzacj\u0105, 10 kart\/brelok\u00f3w. Krok 2 &#8211; Monta\u017c na \u015bcianie Zamontowa\u0107 p\u0142yt\u0119 monta\u017cow\u0105 u\u017cywaj\u0105c \u015brub monta\u017cowych \u2013 mog\u0105 by\u0107 2 [&hellip;]","og_url":"https:\/\/bluetek.pl\/index.php\/dokumentacja\/instalacja-systemu-rcp\/","og_site_name":"Systemy Rejestracji Czasu Pracy","article_modified_time":"2020-12-23T12:39:55+00:00","og_image":[{"url":"http:\/\/h4h.pl\/projekty\/realand.pl\/wp-content\/uploads\/2020\/12\/instrukcja-rcp-p11.jpg"}],"twitter_card":"summary_large_image","twitter_misc":{"Szacowany czas czytania":"4 minuty"},"schema":{"@context":"https:\/\/schema.org","@graph":[{"@type":"WebPage","@id":"https:\/\/bluetek.pl\/index.php\/dokumentacja\/instalacja-systemu-rcp\/","url":"https:\/\/bluetek.pl\/index.php\/dokumentacja\/instalacja-systemu-rcp\/","name":"Instalacja systemu RCP - Systemy Rejestracji Czasu Pracy","isPartOf":{"@id":"https:\/\/bluetek.pl\/#website"},"datePublished":"2020-12-23T12:29:28+00:00","dateModified":"2020-12-23T12:39:55+00:00","breadcrumb":{"@id":"https:\/\/bluetek.pl\/index.php\/dokumentacja\/instalacja-systemu-rcp\/#breadcrumb"},"inLanguage":"pl-PL","potentialAction":[{"@type":"ReadAction","target":["https:\/\/bluetek.pl\/index.php\/dokumentacja\/instalacja-systemu-rcp\/"]}]},{"@type":"BreadcrumbList","@id":"https:\/\/bluetek.pl\/index.php\/dokumentacja\/instalacja-systemu-rcp\/#breadcrumb","itemListElement":[{"@type":"ListItem","position":1,"name":"Strona g\u0142\u00f3wna","item":"https:\/\/bluetek.pl\/"},{"@type":"ListItem","position":2,"name":"Dokumentacja","item":"https:\/\/bluetek.pl\/index.php\/dokumentacja\/"},{"@type":"ListItem","position":3,"name":"Instalacja systemu RCP"}]},{"@type":"WebSite","@id":"https:\/\/bluetek.pl\/#website","url":"https:\/\/bluetek.pl\/","name":"Systemy Rejestracji Czasu Pracy","description":"Czas si\u0119 liczy!","publisher":{"@id":"https:\/\/bluetek.pl\/#organization"},"potentialAction":[{"@type":"SearchAction","target":{"@type":"EntryPoint","urlTemplate":"https:\/\/bluetek.pl\/?s={search_term_string}"},"query-input":"required name=search_term_string"}],"inLanguage":"pl-PL"},{"@type":"Organization","@id":"https:\/\/bluetek.pl\/#organization","name":"BLUETEK Miros\u0142aw Ksi\u0119\u017cyk","url":"https:\/\/bluetek.pl\/","logo":{"@type":"ImageObject","inLanguage":"pl-PL","@id":"https:\/\/bluetek.pl\/#\/schema\/logo\/image\/","url":"https:\/\/bluetek.pl\/wp-content\/uploads\/2021\/04\/2018logo_250.png","contentUrl":"https:\/\/bluetek.pl\/wp-content\/uploads\/2021\/04\/2018logo_250.png","width":250,"height":250,"caption":"BLUETEK Miros\u0142aw Ksi\u0119\u017cyk"},"image":{"@id":"https:\/\/bluetek.pl\/#\/schema\/logo\/image\/"}}]}},"_links":{"self":[{"href":"https:\/\/bluetek.pl\/index.php\/wp-json\/wp\/v2\/pages\/258"}],"collection":[{"href":"https:\/\/bluetek.pl\/index.php\/wp-json\/wp\/v2\/pages"}],"about":[{"href":"https:\/\/bluetek.pl\/index.php\/wp-json\/wp\/v2\/types\/page"}],"author":[{"embeddable":true,"href":"https:\/\/bluetek.pl\/index.php\/wp-json\/wp\/v2\/users\/1"}],"replies":[{"embeddable":true,"href":"https:\/\/bluetek.pl\/index.php\/wp-json\/wp\/v2\/comments?post=258"}],"version-history":[{"count":2,"href":"https:\/\/bluetek.pl\/index.php\/wp-json\/wp\/v2\/pages\/258\/revisions"}],"predecessor-version":[{"id":273,"href":"https:\/\/bluetek.pl\/index.php\/wp-json\/wp\/v2\/pages\/258\/revisions\/273"}],"up":[{"embeddable":true,"href":"https:\/\/bluetek.pl\/index.php\/wp-json\/wp\/v2\/pages\/172"}],"wp:attachment":[{"href":"https:\/\/bluetek.pl\/index.php\/wp-json\/wp\/v2\/media?parent=258"}],"curies":[{"name":"wp","href":"https:\/\/api.w.org\/{rel}","templated":true}]}}