{"id":241,"date":"2020-12-23T13:04:34","date_gmt":"2020-12-23T12:04:34","guid":{"rendered":"http:\/\/h4h.pl\/projekty\/realand.pl\/?page_id=241"},"modified":"2020-12-23T13:06:37","modified_gmt":"2020-12-23T12:06:37","slug":"filmy-instruktazowe","status":"publish","type":"page","link":"https:\/\/bluetek.pl\/index.php\/dokumentacja\/filmy-instruktazowe\/","title":{"rendered":"Filmy instrukta\u017cowe"},"content":{"rendered":"<p>Filmy zosta\u0142y nagrane na urz\u0105dzeniu AC-091T.<\/p>\n<h4><a dir=\"ltr\" title=\"System RCP, Dodawanie odcisku palca do istniej\u0105cego pracownika\" href=\"https:\/\/www.youtube.com\/watch?v=DccLIr7hv30\" data-sessionlink=\"feature=c4-feed-u&amp;ved=CFsQvxs&amp;ei=JLVVVdL9JI21wAOwuoDwCQ\">System RCP, Dodawanie odcisku palca do istniej\u0105cego pracownika<\/a><\/h4>\n<p style=\"text-align: center;\"><iframe loading=\"lazy\" src=\"https:\/\/www.youtube.com\/embed\/DccLIr7hv30\" width=\"720\" height=\"450\" frameborder=\"0\"><\/iframe><\/p>\n<h4 style=\"text-align: left;\"><a dir=\"ltr\" title=\"System RCP A-C091 autoryzacja biometryczna\" href=\"https:\/\/www.youtube.com\/watch?v=O90LfFrg-IQ\" data-sessionlink=\"feature=c4-feed-u&amp;ved=CHMQvxs&amp;ei=JLVVVdL9JI21wAOwuoDwCQ\">System RCP A-C091 autoryzacja biometryczna<\/a><\/h4>\n<p style=\"text-align: center;\"><iframe loading=\"lazy\" src=\"https:\/\/www.youtube.com\/embed\/O90LfFrg-IQ\" width=\"720\" height=\"450\" frameborder=\"0\"><\/iframe><\/p>\n<h4 style=\"text-align: left;\"><a dir=\"ltr\" title=\"System RCP Przegl\u0105danie zapis\u00f3w rcp na urz\u0105dzeniu\" href=\"https:\/\/www.youtube.com\/watch?v=w0r7UpN1dS4\" data-sessionlink=\"feature=c4-feed-u&amp;ved=CEMQvxs&amp;ei=JLVVVdL9JI21wAOwuoDwCQ\">System RCP Przegl\u0105danie zapis\u00f3w rcp na urz\u0105dzeniu<\/a><\/h4>\n<p style=\"text-align: center;\"><iframe loading=\"lazy\" src=\"https:\/\/www.youtube.com\/embed\/w0r7UpN1dS4\" width=\"720\" height=\"450\" frameborder=\"0\"><\/iframe><\/p>\n<h4 style=\"text-align: left;\"><a dir=\"ltr\" title=\"System RCP Eksport zapis\u00f3w rcp na pendrive\" href=\"https:\/\/www.youtube.com\/watch?v=iiPHD8oXzAQ\" data-sessionlink=\"feature=c4-feed-u&amp;ved=CCsQvxs&amp;ei=JLVVVdL9JI21wAOwuoDwCQ\">System RCP Eksport zapis\u00f3w rcp na pendrive<\/a><\/h4>\n<p style=\"text-align: center;\"><iframe loading=\"lazy\" src=\"https:\/\/www.youtube.com\/embed\/iiPHD8oXzAQ\" width=\"720\" height=\"450\" frameborder=\"0\"><\/iframe><\/p>\n<p style=\"text-align: center;\">Wi\u0119cej film\u00f3w znajdziecie na naszym kanale <a href=\"https:\/\/www.youtube.com\/channel\/UCV3t4rdPwiG5drwVwY6JzHA\">YOUTUBE dla rejestrator\u00f3w czasu pracy<\/a>.<\/p>\n<p style=\"text-align: left;\">\n","protected":false},"excerpt":{"rendered":"<p>Filmy zosta\u0142y nagrane na urz\u0105dzeniu AC-091T. System RCP, Dodawanie odcisku palca do istniej\u0105cego pracownika System RCP A-C091 autoryzacja biometryczna System RCP Przegl\u0105danie zapis\u00f3w rcp na urz\u0105dzeniu System RCP Eksport zapis\u00f3w rcp na pendrive Wi\u0119cej film\u00f3w znajdziecie na naszym kanale YOUTUBE dla rejestrator\u00f3w czasu pracy.<\/p>\n","protected":false},"author":1,"featured_media":0,"parent":172,"menu_order":0,"comment_status":"closed","ping_status":"closed","template":"","meta":[],"yoast_head":"<!-- This site is optimized with the Yoast SEO plugin v19.9 - https:\/\/yoast.com\/wordpress\/plugins\/seo\/ -->\n<title>Filmy instrukta\u017cowe - Systemy Rejestracji Czasu Pracy<\/title>\n<meta name=\"robots\" content=\"index, follow, max-snippet:-1, max-image-preview:large, max-video-preview:-1\" \/>\n<link rel=\"canonical\" href=\"https:\/\/bluetek.pl\/index.php\/dokumentacja\/filmy-instruktazowe\/\" \/>\n<meta property=\"og:locale\" content=\"pl_PL\" \/>\n<meta property=\"og:type\" content=\"article\" \/>\n<meta property=\"og:title\" content=\"Filmy instrukta\u017cowe - Systemy Rejestracji Czasu Pracy\" \/>\n<meta property=\"og:description\" content=\"Filmy zosta\u0142y nagrane na urz\u0105dzeniu AC-091T. System RCP, Dodawanie odcisku palca do istniej\u0105cego pracownika System RCP A-C091 autoryzacja biometryczna System RCP Przegl\u0105danie zapis\u00f3w rcp na urz\u0105dzeniu System RCP Eksport zapis\u00f3w rcp na pendrive Wi\u0119cej film\u00f3w znajdziecie na naszym kanale YOUTUBE dla rejestrator\u00f3w czasu pracy.\" \/>\n<meta property=\"og:url\" content=\"https:\/\/bluetek.pl\/index.php\/dokumentacja\/filmy-instruktazowe\/\" \/>\n<meta property=\"og:site_name\" content=\"Systemy Rejestracji Czasu Pracy\" \/>\n<meta property=\"article:modified_time\" content=\"2020-12-23T12:06:37+00:00\" \/>\n<meta name=\"twitter:card\" content=\"summary_large_image\" \/>\n<script type=\"application\/ld+json\" class=\"yoast-schema-graph\">{\"@context\":\"https:\/\/schema.org\",\"@graph\":[{\"@type\":\"WebPage\",\"@id\":\"https:\/\/bluetek.pl\/index.php\/dokumentacja\/filmy-instruktazowe\/\",\"url\":\"https:\/\/bluetek.pl\/index.php\/dokumentacja\/filmy-instruktazowe\/\",\"name\":\"Filmy instrukta\u017cowe - Systemy Rejestracji Czasu Pracy\",\"isPartOf\":{\"@id\":\"https:\/\/bluetek.pl\/#website\"},\"datePublished\":\"2020-12-23T12:04:34+00:00\",\"dateModified\":\"2020-12-23T12:06:37+00:00\",\"breadcrumb\":{\"@id\":\"https:\/\/bluetek.pl\/index.php\/dokumentacja\/filmy-instruktazowe\/#breadcrumb\"},\"inLanguage\":\"pl-PL\",\"potentialAction\":[{\"@type\":\"ReadAction\",\"target\":[\"https:\/\/bluetek.pl\/index.php\/dokumentacja\/filmy-instruktazowe\/\"]}]},{\"@type\":\"BreadcrumbList\",\"@id\":\"https:\/\/bluetek.pl\/index.php\/dokumentacja\/filmy-instruktazowe\/#breadcrumb\",\"itemListElement\":[{\"@type\":\"ListItem\",\"position\":1,\"name\":\"Strona g\u0142\u00f3wna\",\"item\":\"https:\/\/bluetek.pl\/\"},{\"@type\":\"ListItem\",\"position\":2,\"name\":\"Dokumentacja\",\"item\":\"https:\/\/bluetek.pl\/index.php\/dokumentacja\/\"},{\"@type\":\"ListItem\",\"position\":3,\"name\":\"Filmy instrukta\u017cowe\"}]},{\"@type\":\"WebSite\",\"@id\":\"https:\/\/bluetek.pl\/#website\",\"url\":\"https:\/\/bluetek.pl\/\",\"name\":\"Systemy Rejestracji Czasu Pracy\",\"description\":\"Czas si\u0119 liczy!\",\"publisher\":{\"@id\":\"https:\/\/bluetek.pl\/#organization\"},\"potentialAction\":[{\"@type\":\"SearchAction\",\"target\":{\"@type\":\"EntryPoint\",\"urlTemplate\":\"https:\/\/bluetek.pl\/?s={search_term_string}\"},\"query-input\":\"required name=search_term_string\"}],\"inLanguage\":\"pl-PL\"},{\"@type\":\"Organization\",\"@id\":\"https:\/\/bluetek.pl\/#organization\",\"name\":\"BLUETEK Miros\u0142aw Ksi\u0119\u017cyk\",\"url\":\"https:\/\/bluetek.pl\/\",\"logo\":{\"@type\":\"ImageObject\",\"inLanguage\":\"pl-PL\",\"@id\":\"https:\/\/bluetek.pl\/#\/schema\/logo\/image\/\",\"url\":\"https:\/\/bluetek.pl\/wp-content\/uploads\/2021\/04\/2018logo_250.png\",\"contentUrl\":\"https:\/\/bluetek.pl\/wp-content\/uploads\/2021\/04\/2018logo_250.png\",\"width\":250,\"height\":250,\"caption\":\"BLUETEK Miros\u0142aw Ksi\u0119\u017cyk\"},\"image\":{\"@id\":\"https:\/\/bluetek.pl\/#\/schema\/logo\/image\/\"}}]}<\/script>\n<!-- \/ Yoast SEO plugin. -->","yoast_head_json":{"title":"Filmy instrukta\u017cowe - Systemy Rejestracji Czasu Pracy","robots":{"index":"index","follow":"follow","max-snippet":"max-snippet:-1","max-image-preview":"max-image-preview:large","max-video-preview":"max-video-preview:-1"},"canonical":"https:\/\/bluetek.pl\/index.php\/dokumentacja\/filmy-instruktazowe\/","og_locale":"pl_PL","og_type":"article","og_title":"Filmy instrukta\u017cowe - Systemy Rejestracji Czasu Pracy","og_description":"Filmy zosta\u0142y nagrane na urz\u0105dzeniu AC-091T. System RCP, Dodawanie odcisku palca do istniej\u0105cego pracownika System RCP A-C091 autoryzacja biometryczna System RCP Przegl\u0105danie zapis\u00f3w rcp na urz\u0105dzeniu System RCP Eksport zapis\u00f3w rcp na pendrive Wi\u0119cej film\u00f3w znajdziecie na naszym kanale YOUTUBE dla rejestrator\u00f3w czasu pracy.","og_url":"https:\/\/bluetek.pl\/index.php\/dokumentacja\/filmy-instruktazowe\/","og_site_name":"Systemy Rejestracji Czasu Pracy","article_modified_time":"2020-12-23T12:06:37+00:00","twitter_card":"summary_large_image","schema":{"@context":"https:\/\/schema.org","@graph":[{"@type":"WebPage","@id":"https:\/\/bluetek.pl\/index.php\/dokumentacja\/filmy-instruktazowe\/","url":"https:\/\/bluetek.pl\/index.php\/dokumentacja\/filmy-instruktazowe\/","name":"Filmy instrukta\u017cowe - Systemy Rejestracji Czasu Pracy","isPartOf":{"@id":"https:\/\/bluetek.pl\/#website"},"datePublished":"2020-12-23T12:04:34+00:00","dateModified":"2020-12-23T12:06:37+00:00","breadcrumb":{"@id":"https:\/\/bluetek.pl\/index.php\/dokumentacja\/filmy-instruktazowe\/#breadcrumb"},"inLanguage":"pl-PL","potentialAction":[{"@type":"ReadAction","target":["https:\/\/bluetek.pl\/index.php\/dokumentacja\/filmy-instruktazowe\/"]}]},{"@type":"BreadcrumbList","@id":"https:\/\/bluetek.pl\/index.php\/dokumentacja\/filmy-instruktazowe\/#breadcrumb","itemListElement":[{"@type":"ListItem","position":1,"name":"Strona g\u0142\u00f3wna","item":"https:\/\/bluetek.pl\/"},{"@type":"ListItem","position":2,"name":"Dokumentacja","item":"https:\/\/bluetek.pl\/index.php\/dokumentacja\/"},{"@type":"ListItem","position":3,"name":"Filmy instrukta\u017cowe"}]},{"@type":"WebSite","@id":"https:\/\/bluetek.pl\/#website","url":"https:\/\/bluetek.pl\/","name":"Systemy Rejestracji Czasu Pracy","description":"Czas si\u0119 liczy!","publisher":{"@id":"https:\/\/bluetek.pl\/#organization"},"potentialAction":[{"@type":"SearchAction","target":{"@type":"EntryPoint","urlTemplate":"https:\/\/bluetek.pl\/?s={search_term_string}"},"query-input":"required name=search_term_string"}],"inLanguage":"pl-PL"},{"@type":"Organization","@id":"https:\/\/bluetek.pl\/#organization","name":"BLUETEK Miros\u0142aw Ksi\u0119\u017cyk","url":"https:\/\/bluetek.pl\/","logo":{"@type":"ImageObject","inLanguage":"pl-PL","@id":"https:\/\/bluetek.pl\/#\/schema\/logo\/image\/","url":"https:\/\/bluetek.pl\/wp-content\/uploads\/2021\/04\/2018logo_250.png","contentUrl":"https:\/\/bluetek.pl\/wp-content\/uploads\/2021\/04\/2018logo_250.png","width":250,"height":250,"caption":"BLUETEK Miros\u0142aw Ksi\u0119\u017cyk"},"image":{"@id":"https:\/\/bluetek.pl\/#\/schema\/logo\/image\/"}}]}},"_links":{"self":[{"href":"https:\/\/bluetek.pl\/index.php\/wp-json\/wp\/v2\/pages\/241"}],"collection":[{"href":"https:\/\/bluetek.pl\/index.php\/wp-json\/wp\/v2\/pages"}],"about":[{"href":"https:\/\/bluetek.pl\/index.php\/wp-json\/wp\/v2\/types\/page"}],"author":[{"embeddable":true,"href":"https:\/\/bluetek.pl\/index.php\/wp-json\/wp\/v2\/users\/1"}],"replies":[{"embeddable":true,"href":"https:\/\/bluetek.pl\/index.php\/wp-json\/wp\/v2\/comments?post=241"}],"version-history":[{"count":3,"href":"https:\/\/bluetek.pl\/index.php\/wp-json\/wp\/v2\/pages\/241\/revisions"}],"predecessor-version":[{"id":245,"href":"https:\/\/bluetek.pl\/index.php\/wp-json\/wp\/v2\/pages\/241\/revisions\/245"}],"up":[{"embeddable":true,"href":"https:\/\/bluetek.pl\/index.php\/wp-json\/wp\/v2\/pages\/172"}],"wp:attachment":[{"href":"https:\/\/bluetek.pl\/index.php\/wp-json\/wp\/v2\/media?parent=241"}],"curies":[{"name":"wp","href":"https:\/\/api.w.org\/{rel}","templated":true}]}}