{"id":211,"date":"2020-12-23T12:11:58","date_gmt":"2020-12-23T11:11:58","guid":{"rendered":"http:\/\/h4h.pl\/projekty\/realand.pl\/?page_id=211"},"modified":"2020-12-23T13:18:24","modified_gmt":"2020-12-23T12:18:24","slug":"serwis-rcp","status":"publish","type":"page","link":"https:\/\/bluetek.pl\/index.php\/przykladowa-strona\/serwis-rcp\/","title":{"rendered":"Serwis RCP"},"content":{"rendered":"<p>Wraz ze sprzeda\u017c\u0105 urz\u0105dze\u0144 oferujemy Pa\u0144stwu serwis i wsparcie w postaci asysty wykwalifikowanych instalator\u00f3w system\u00f3w RCP.<\/p>\n<blockquote><p>Us\u0142ugi serwisowe dla system\u00f3w rejestracji czasu pracy firmy Realand oraz innych producent\u00f3w.<\/p><\/blockquote>\n<p>Jeste\u015bmy jedynym autoryzowanym przez producenta Realand serwisem w Polsce, posiadamy ponad <strong>10 letnie<\/strong> do\u015bwiadczenie w obs\u0142udze r\u00f3\u017cnych system\u00f3w do liczenia czasu pracy.<\/p>\n<p>Posiadamy pe\u0142ne zaplecze techniczne z cz\u0119\u015bciami zapasowymi do najpopularniejszych modeli rejestrator\u00f3w.<br \/>\nWycena naprawy jest zawsze bezp\u0142atna &#8211; przed wykonaniem naprawy konsultujemy ewentualne koszty z zamawiaj\u0105cym.<br \/>\nW przypadku gdy naprawa trwa d\u0142u\u017cej mamy mo\u017cliwo\u015b\u0107 wypo\u017cyczenia urz\u0105dzenia zapasowego.<\/p>\n<p><img decoding=\"async\" loading=\"lazy\" class=\"size-medium wp-image-212 aligncenter\" src=\"http:\/\/h4h.pl\/projekty\/realand.pl\/wp-content\/uploads\/2020\/12\/20180516_125337-225x300.jpg\" alt=\"\" width=\"225\" height=\"300\" srcset=\"https:\/\/bluetek.pl\/wp-content\/uploads\/2020\/12\/20180516_125337-225x300.jpg 225w, https:\/\/bluetek.pl\/wp-content\/uploads\/2020\/12\/20180516_125337-768x1024.jpg 768w, https:\/\/bluetek.pl\/wp-content\/uploads\/2020\/12\/20180516_125337-1152x1536.jpg 1152w, https:\/\/bluetek.pl\/wp-content\/uploads\/2020\/12\/20180516_125337-1536x2048.jpg 1536w, https:\/\/bluetek.pl\/wp-content\/uploads\/2020\/12\/20180516_125337-416x555.jpg 416w, https:\/\/bluetek.pl\/wp-content\/uploads\/2020\/12\/20180516_125337-scaled.jpg 1920w\" sizes=\"(max-width: 225px) 100vw, 225px\" \/><\/p>\n<p>Oferujemy pomoc w:<\/p>\n<ul>\n<li>Doborze w\u0142a\u015bciwego urz\u0105dzenia<\/li>\n<li>Instalacji i w\u0142a\u015bciwemu zabezpieczeniu urz\u0105dzenia<\/li>\n<li>Szkoleniu personelu z zakresu korzystania oraz kadry z zakresu kontroli RCP<\/li>\n<li>Integracji z systemem kadrowym lub dowolnym innym systemem zliczania czasu pracy<\/li>\n<\/ul>\n<p><img decoding=\"async\" loading=\"lazy\" class=\"size-medium wp-image-213 aligncenter\" src=\"http:\/\/h4h.pl\/projekty\/realand.pl\/wp-content\/uploads\/2020\/12\/IMG_20201015_130412-scaled-e1608721894958-281x300.jpg\" alt=\"\" width=\"281\" height=\"300\" srcset=\"https:\/\/bluetek.pl\/wp-content\/uploads\/2020\/12\/IMG_20201015_130412-scaled-e1608721894958-281x300.jpg 281w, https:\/\/bluetek.pl\/wp-content\/uploads\/2020\/12\/IMG_20201015_130412-scaled-e1608721894958-960x1024.jpg 960w, https:\/\/bluetek.pl\/wp-content\/uploads\/2020\/12\/IMG_20201015_130412-scaled-e1608721894958-768x819.jpg 768w, https:\/\/bluetek.pl\/wp-content\/uploads\/2020\/12\/IMG_20201015_130412-scaled-e1608721894958-1440x1536.jpg 1440w, https:\/\/bluetek.pl\/wp-content\/uploads\/2020\/12\/IMG_20201015_130412-scaled-e1608721894958-416x444.jpg 416w, https:\/\/bluetek.pl\/wp-content\/uploads\/2020\/12\/IMG_20201015_130412-scaled-e1608721894958.jpg 1920w\" sizes=\"(max-width: 281px) 100vw, 281px\" \/><\/p>\n<blockquote><p>Koszt pracy specjalisty to 150,00 z\u0142 netto za godzin\u0119 pracy.<br \/>\nZrycza\u0142towany koszt dojazdu do klienta to 1,5z\u0142 netto za ka\u017cdy kilometr.<\/p><\/blockquote>\n","protected":false},"excerpt":{"rendered":"<p>Wraz ze sprzeda\u017c\u0105 urz\u0105dze\u0144 oferujemy Pa\u0144stwu serwis i wsparcie w postaci asysty wykwalifikowanych instalator\u00f3w system\u00f3w RCP. Us\u0142ugi serwisowe dla system\u00f3w rejestracji czasu pracy firmy Realand oraz innych producent\u00f3w. Jeste\u015bmy jedynym autoryzowanym przez producenta Realand serwisem w Polsce, posiadamy ponad 10 letnie do\u015bwiadczenie w obs\u0142udze r\u00f3\u017cnych system\u00f3w do liczenia czasu pracy. Posiadamy pe\u0142ne zaplecze techniczne z [&hellip;]<\/p>\n","protected":false},"author":1,"featured_media":0,"parent":2,"menu_order":0,"comment_status":"closed","ping_status":"closed","template":"","meta":[],"yoast_head":"<!-- This site is optimized with the Yoast SEO plugin v19.9 - https:\/\/yoast.com\/wordpress\/plugins\/seo\/ -->\n<title>Serwis RCP - Systemy Rejestracji Czasu Pracy<\/title>\n<meta name=\"robots\" content=\"index, follow, max-snippet:-1, max-image-preview:large, max-video-preview:-1\" \/>\n<link rel=\"canonical\" href=\"https:\/\/bluetek.pl\/index.php\/przykladowa-strona\/serwis-rcp\/\" \/>\n<meta property=\"og:locale\" content=\"pl_PL\" \/>\n<meta property=\"og:type\" content=\"article\" \/>\n<meta property=\"og:title\" content=\"Serwis RCP - Systemy Rejestracji Czasu Pracy\" \/>\n<meta property=\"og:description\" content=\"Wraz ze sprzeda\u017c\u0105 urz\u0105dze\u0144 oferujemy Pa\u0144stwu serwis i wsparcie w postaci asysty wykwalifikowanych instalator\u00f3w system\u00f3w RCP. Us\u0142ugi serwisowe dla system\u00f3w rejestracji czasu pracy firmy Realand oraz innych producent\u00f3w. Jeste\u015bmy jedynym autoryzowanym przez producenta Realand serwisem w Polsce, posiadamy ponad 10 letnie do\u015bwiadczenie w obs\u0142udze r\u00f3\u017cnych system\u00f3w do liczenia czasu pracy. Posiadamy pe\u0142ne zaplecze techniczne z [&hellip;]\" \/>\n<meta property=\"og:url\" content=\"https:\/\/bluetek.pl\/index.php\/przykladowa-strona\/serwis-rcp\/\" \/>\n<meta property=\"og:site_name\" content=\"Systemy Rejestracji Czasu Pracy\" \/>\n<meta property=\"article:modified_time\" content=\"2020-12-23T12:18:24+00:00\" \/>\n<meta property=\"og:image\" content=\"http:\/\/h4h.pl\/projekty\/realand.pl\/wp-content\/uploads\/2020\/12\/20180516_125337-225x300.jpg\" \/>\n<meta name=\"twitter:card\" content=\"summary_large_image\" \/>\n<meta name=\"twitter:label1\" content=\"Szacowany czas czytania\" \/>\n\t<meta name=\"twitter:data1\" content=\"1 minuta\" \/>\n<script type=\"application\/ld+json\" class=\"yoast-schema-graph\">{\"@context\":\"https:\/\/schema.org\",\"@graph\":[{\"@type\":\"WebPage\",\"@id\":\"https:\/\/bluetek.pl\/index.php\/przykladowa-strona\/serwis-rcp\/\",\"url\":\"https:\/\/bluetek.pl\/index.php\/przykladowa-strona\/serwis-rcp\/\",\"name\":\"Serwis RCP - Systemy Rejestracji Czasu Pracy\",\"isPartOf\":{\"@id\":\"https:\/\/bluetek.pl\/#website\"},\"datePublished\":\"2020-12-23T11:11:58+00:00\",\"dateModified\":\"2020-12-23T12:18:24+00:00\",\"breadcrumb\":{\"@id\":\"https:\/\/bluetek.pl\/index.php\/przykladowa-strona\/serwis-rcp\/#breadcrumb\"},\"inLanguage\":\"pl-PL\",\"potentialAction\":[{\"@type\":\"ReadAction\",\"target\":[\"https:\/\/bluetek.pl\/index.php\/przykladowa-strona\/serwis-rcp\/\"]}]},{\"@type\":\"BreadcrumbList\",\"@id\":\"https:\/\/bluetek.pl\/index.php\/przykladowa-strona\/serwis-rcp\/#breadcrumb\",\"itemListElement\":[{\"@type\":\"ListItem\",\"position\":1,\"name\":\"Strona g\u0142\u00f3wna\",\"item\":\"https:\/\/bluetek.pl\/\"},{\"@type\":\"ListItem\",\"position\":2,\"name\":\"Firma Bluetek\",\"item\":\"https:\/\/bluetek.pl\/index.php\/przykladowa-strona\/\"},{\"@type\":\"ListItem\",\"position\":3,\"name\":\"Serwis RCP\"}]},{\"@type\":\"WebSite\",\"@id\":\"https:\/\/bluetek.pl\/#website\",\"url\":\"https:\/\/bluetek.pl\/\",\"name\":\"Systemy Rejestracji Czasu Pracy\",\"description\":\"Czas si\u0119 liczy!\",\"publisher\":{\"@id\":\"https:\/\/bluetek.pl\/#organization\"},\"potentialAction\":[{\"@type\":\"SearchAction\",\"target\":{\"@type\":\"EntryPoint\",\"urlTemplate\":\"https:\/\/bluetek.pl\/?s={search_term_string}\"},\"query-input\":\"required name=search_term_string\"}],\"inLanguage\":\"pl-PL\"},{\"@type\":\"Organization\",\"@id\":\"https:\/\/bluetek.pl\/#organization\",\"name\":\"BLUETEK Miros\u0142aw Ksi\u0119\u017cyk\",\"url\":\"https:\/\/bluetek.pl\/\",\"logo\":{\"@type\":\"ImageObject\",\"inLanguage\":\"pl-PL\",\"@id\":\"https:\/\/bluetek.pl\/#\/schema\/logo\/image\/\",\"url\":\"https:\/\/bluetek.pl\/wp-content\/uploads\/2021\/04\/2018logo_250.png\",\"contentUrl\":\"https:\/\/bluetek.pl\/wp-content\/uploads\/2021\/04\/2018logo_250.png\",\"width\":250,\"height\":250,\"caption\":\"BLUETEK Miros\u0142aw Ksi\u0119\u017cyk\"},\"image\":{\"@id\":\"https:\/\/bluetek.pl\/#\/schema\/logo\/image\/\"}}]}<\/script>\n<!-- \/ Yoast SEO plugin. -->","yoast_head_json":{"title":"Serwis RCP - Systemy Rejestracji Czasu Pracy","robots":{"index":"index","follow":"follow","max-snippet":"max-snippet:-1","max-image-preview":"max-image-preview:large","max-video-preview":"max-video-preview:-1"},"canonical":"https:\/\/bluetek.pl\/index.php\/przykladowa-strona\/serwis-rcp\/","og_locale":"pl_PL","og_type":"article","og_title":"Serwis RCP - Systemy Rejestracji Czasu Pracy","og_description":"Wraz ze sprzeda\u017c\u0105 urz\u0105dze\u0144 oferujemy Pa\u0144stwu serwis i wsparcie w postaci asysty wykwalifikowanych instalator\u00f3w system\u00f3w RCP. Us\u0142ugi serwisowe dla system\u00f3w rejestracji czasu pracy firmy Realand oraz innych producent\u00f3w. Jeste\u015bmy jedynym autoryzowanym przez producenta Realand serwisem w Polsce, posiadamy ponad 10 letnie do\u015bwiadczenie w obs\u0142udze r\u00f3\u017cnych system\u00f3w do liczenia czasu pracy. Posiadamy pe\u0142ne zaplecze techniczne z [&hellip;]","og_url":"https:\/\/bluetek.pl\/index.php\/przykladowa-strona\/serwis-rcp\/","og_site_name":"Systemy Rejestracji Czasu Pracy","article_modified_time":"2020-12-23T12:18:24+00:00","og_image":[{"url":"http:\/\/h4h.pl\/projekty\/realand.pl\/wp-content\/uploads\/2020\/12\/20180516_125337-225x300.jpg"}],"twitter_card":"summary_large_image","twitter_misc":{"Szacowany czas czytania":"1 minuta"},"schema":{"@context":"https:\/\/schema.org","@graph":[{"@type":"WebPage","@id":"https:\/\/bluetek.pl\/index.php\/przykladowa-strona\/serwis-rcp\/","url":"https:\/\/bluetek.pl\/index.php\/przykladowa-strona\/serwis-rcp\/","name":"Serwis RCP - Systemy Rejestracji Czasu Pracy","isPartOf":{"@id":"https:\/\/bluetek.pl\/#website"},"datePublished":"2020-12-23T11:11:58+00:00","dateModified":"2020-12-23T12:18:24+00:00","breadcrumb":{"@id":"https:\/\/bluetek.pl\/index.php\/przykladowa-strona\/serwis-rcp\/#breadcrumb"},"inLanguage":"pl-PL","potentialAction":[{"@type":"ReadAction","target":["https:\/\/bluetek.pl\/index.php\/przykladowa-strona\/serwis-rcp\/"]}]},{"@type":"BreadcrumbList","@id":"https:\/\/bluetek.pl\/index.php\/przykladowa-strona\/serwis-rcp\/#breadcrumb","itemListElement":[{"@type":"ListItem","position":1,"name":"Strona g\u0142\u00f3wna","item":"https:\/\/bluetek.pl\/"},{"@type":"ListItem","position":2,"name":"Firma Bluetek","item":"https:\/\/bluetek.pl\/index.php\/przykladowa-strona\/"},{"@type":"ListItem","position":3,"name":"Serwis RCP"}]},{"@type":"WebSite","@id":"https:\/\/bluetek.pl\/#website","url":"https:\/\/bluetek.pl\/","name":"Systemy Rejestracji Czasu Pracy","description":"Czas si\u0119 liczy!","publisher":{"@id":"https:\/\/bluetek.pl\/#organization"},"potentialAction":[{"@type":"SearchAction","target":{"@type":"EntryPoint","urlTemplate":"https:\/\/bluetek.pl\/?s={search_term_string}"},"query-input":"required name=search_term_string"}],"inLanguage":"pl-PL"},{"@type":"Organization","@id":"https:\/\/bluetek.pl\/#organization","name":"BLUETEK Miros\u0142aw Ksi\u0119\u017cyk","url":"https:\/\/bluetek.pl\/","logo":{"@type":"ImageObject","inLanguage":"pl-PL","@id":"https:\/\/bluetek.pl\/#\/schema\/logo\/image\/","url":"https:\/\/bluetek.pl\/wp-content\/uploads\/2021\/04\/2018logo_250.png","contentUrl":"https:\/\/bluetek.pl\/wp-content\/uploads\/2021\/04\/2018logo_250.png","width":250,"height":250,"caption":"BLUETEK Miros\u0142aw Ksi\u0119\u017cyk"},"image":{"@id":"https:\/\/bluetek.pl\/#\/schema\/logo\/image\/"}}]}},"_links":{"self":[{"href":"https:\/\/bluetek.pl\/index.php\/wp-json\/wp\/v2\/pages\/211"}],"collection":[{"href":"https:\/\/bluetek.pl\/index.php\/wp-json\/wp\/v2\/pages"}],"about":[{"href":"https:\/\/bluetek.pl\/index.php\/wp-json\/wp\/v2\/types\/page"}],"author":[{"embeddable":true,"href":"https:\/\/bluetek.pl\/index.php\/wp-json\/wp\/v2\/users\/1"}],"replies":[{"embeddable":true,"href":"https:\/\/bluetek.pl\/index.php\/wp-json\/wp\/v2\/comments?post=211"}],"version-history":[{"count":3,"href":"https:\/\/bluetek.pl\/index.php\/wp-json\/wp\/v2\/pages\/211\/revisions"}],"predecessor-version":[{"id":255,"href":"https:\/\/bluetek.pl\/index.php\/wp-json\/wp\/v2\/pages\/211\/revisions\/255"}],"up":[{"embeddable":true,"href":"https:\/\/bluetek.pl\/index.php\/wp-json\/wp\/v2\/pages\/2"}],"wp:attachment":[{"href":"https:\/\/bluetek.pl\/index.php\/wp-json\/wp\/v2\/media?parent=211"}],"curies":[{"name":"wp","href":"https:\/\/api.w.org\/{rel}","templated":true}]}}