{"id":209,"date":"2020-12-23T12:06:47","date_gmt":"2020-12-23T11:06:47","guid":{"rendered":"http:\/\/h4h.pl\/projekty\/realand.pl\/?page_id=209"},"modified":"2020-12-23T12:06:47","modified_gmt":"2020-12-23T11:06:47","slug":"integracja-z-innymi-programami","status":"publish","type":"page","link":"https:\/\/bluetek.pl\/index.php\/dokumentacja\/integracja-z-innymi-programami\/","title":{"rendered":"Integracja z innymi programami"},"content":{"rendered":"<p>Istnieje kilka mo\u017cliwo\u015b\u0107 dost\u0119pu do danych zebranych przez czytniki rejestracji czasu pracy:<\/p>\n<h3>Eksport danych \u017ar\u00f3d\u0142owych<\/h3>\n<p>Oprogramowanie zarz\u0105dzaj\u0105ce RAMS ma mo\u017cliwo\u015b\u0107 eksportu logu wej\u015b\u0107 oraz wyj\u015b\u0107 w postaci pliku tekstowego lub excel.<\/p>\n<p>Mo\u017cna r\u00f3wnie\u017c eksportowa\u0107 gotowy raport z wyliczon\u0105 ilo\u015bci\u0105 godzin dla pracownik\u00f3w.<\/p>\n<p>Taki proces mo\u017cna zautomatyzowa\u0107 tak aby eksport danych generowa\u0142 si\u0119 bez nadzoru operatora np. raz na dzie\u0144.<\/p>\n<h3>Format tekstowy<\/h3>\n<p>Poni\u017cej przyk\u0142ad zawarto\u015bci eksportu danych RCP w formacie tekstowym z separatorem w formie &#8222;;&#8221;. Plik jest kodowany w UTF-8 (bez BOM)<\/p>\n<pre>Wydzia\u0142;User ID;Nazwisko;Enroll ID;Identyfikator;Lokalizacja;Czas;Rodzaj;Uwaga;\r\nBluetek;64101544321;Kasztan Jan;3;0;Nieznany;2012-09-03 07:55:00;Pocz\u0105tek pracy;;\r\nBluetek;64101544321;Kasztan Jan;3;0;Nieznany;2012-09-03 16:01:00;Koniec pracy;;\r\nBluetek;64101544321;Kasztan Jan;3;0;Nieznany;2012-09-04 07:45:00;Pocz\u0105tek pracy;;\r\nBluetek;64101544321;Kasztan Jan;3;0;Nieznany;2012-09-04 16:04:00;Koniec pracy;;\r\nBluetek;78102713234;Szary Adam;1;0;Nieznany;2012-09-03 08:14:00;Pocz\u0105tek pracy;;\r\nBluetek;78102713234;Szary Adam;1;0;Nieznany;2012-09-03 16:01:00;Koniec pracy;;\r\nBluetek;78102713234;Szary Adam;1;0;Nieznany;2012-09-04 08:32:00;Pocz\u0105tek pracy;;\r\nBluetek;78102713234;Szary Adam;1;0;Nieznany;2012-09-04 16:04:00;Koniec pracy;;\r\nBluetek;80010211222;Maja Borkowska;2;0;Nieznany;2012-09-03 08:03:00;Pocz\u0105tek pracy;;\r\nBluetek;80010211222;Maja Borkowska;2;0;Nieznany;2012-09-03 16:01:00;Koniec pracy;;\r\nBluetek;80010211222;Maja Borkowska;2;0;Nieznany;2012-09-04 08:07:00;Pocz\u0105tek pracy;;\r\nBluetek;80010211222;Maja Borkowska;2;0;Nieznany;2012-09-04 16:04:00;Koniec pracy;;<\/pre>\n<p>Opis kolumn<\/p>\n<blockquote><p>1.Wydzia\u0142 &#8211; wydzia\u0142 firmy<br \/>\n2.User ID &#8211; unikalny identyfikator pracownika nadawany w systemie RCP (warto\u015b\u0107 alfanumeryczna),<br \/>\nw przyk\u0142adzie zastosowano PESEL, zalecana integracja z Kadry po tym polu<br \/>\n3.Nazwisko &#8211; Nazwisko i imi\u0119 pracownika<br \/>\n4.Enroll ID &#8211; identyfikator wewn\u0119trzny pracownika w systemie RCP (tylko cyfry)<br \/>\n5.Identyfikator &#8211; identyfikator zastosowanej metody autoryzacji<br \/>\n6.Lokalizacja &#8211; lokalizacja rejestratora<br \/>\n7.Czas &#8211; czas z dok\u0142adno\u015bci\u0105 do sekund<br \/>\n8.Rodzaj &#8211; rodzaj odbicia mo\u017cliwe warto\u015bci:<br \/>\n&#8222;Pocz\u0105tek pracy&#8221;<br \/>\n&#8222;Koniec pracy&#8221; &#8211; czas pracy liczony pomi\u0119dzy Pocz\u0105tek pracy i Koniec pracy<br \/>\n&#8222;Wej\u015bcie&#8221;<br \/>\n&#8222;Wyj\u015bcie&#8221;<br \/>\n&#8222;Wyj\u015bcie s\u0142u\u017cbowe&#8221;<br \/>\n&#8222;Powr\u00f3t s\u0142u\u017cbowy&#8221;<\/p><\/blockquote>\n<h3>Dost\u0119p do bazy danych<\/h3>\n<p>Oprogramowanie RIMS mo\u017cna skonfigurowa\u0107 tak, aby korzysta\u0142o z darmowej bazy Ms SQL Express, dzi\u0119ki takiej konfiguracji dane zgrane z rejestratora czasu pracy mog\u0105 trafi\u0107 do dowolnej bazy danych SQL sk\u0105d mo\u017cna je pobra\u0107 i przetwarza\u0107 na dowolny spos\u00f3b.<\/p>\n<p>W bazie danych przechowywane s\u0105 wszystkie informacje o obecno\u015bci i pracownikach, \u0142\u0105cznie ze zdj\u0119ciami pracownik\u00f3w.<\/p>\n","protected":false},"excerpt":{"rendered":"<p>Istnieje kilka mo\u017cliwo\u015b\u0107 dost\u0119pu do danych zebranych przez czytniki rejestracji czasu pracy: Eksport danych \u017ar\u00f3d\u0142owych Oprogramowanie zarz\u0105dzaj\u0105ce RAMS ma mo\u017cliwo\u015b\u0107 eksportu logu wej\u015b\u0107 oraz wyj\u015b\u0107 w postaci pliku tekstowego lub excel. Mo\u017cna r\u00f3wnie\u017c eksportowa\u0107 gotowy raport z wyliczon\u0105 ilo\u015bci\u0105 godzin dla pracownik\u00f3w. Taki proces mo\u017cna zautomatyzowa\u0107 tak aby eksport danych generowa\u0142 si\u0119 bez nadzoru operatora [&hellip;]<\/p>\n","protected":false},"author":1,"featured_media":0,"parent":172,"menu_order":0,"comment_status":"closed","ping_status":"closed","template":"","meta":[],"yoast_head":"<!-- This site is optimized with the Yoast SEO plugin v19.9 - https:\/\/yoast.com\/wordpress\/plugins\/seo\/ -->\n<title>Integracja z innymi programami - Systemy Rejestracji Czasu Pracy<\/title>\n<meta name=\"robots\" content=\"index, follow, max-snippet:-1, max-image-preview:large, max-video-preview:-1\" \/>\n<link rel=\"canonical\" href=\"https:\/\/bluetek.pl\/index.php\/dokumentacja\/integracja-z-innymi-programami\/\" \/>\n<meta property=\"og:locale\" content=\"pl_PL\" \/>\n<meta property=\"og:type\" content=\"article\" \/>\n<meta property=\"og:title\" content=\"Integracja z innymi programami - Systemy Rejestracji Czasu Pracy\" \/>\n<meta property=\"og:description\" content=\"Istnieje kilka mo\u017cliwo\u015b\u0107 dost\u0119pu do danych zebranych przez czytniki rejestracji czasu pracy: Eksport danych \u017ar\u00f3d\u0142owych Oprogramowanie zarz\u0105dzaj\u0105ce RAMS ma mo\u017cliwo\u015b\u0107 eksportu logu wej\u015b\u0107 oraz wyj\u015b\u0107 w postaci pliku tekstowego lub excel. Mo\u017cna r\u00f3wnie\u017c eksportowa\u0107 gotowy raport z wyliczon\u0105 ilo\u015bci\u0105 godzin dla pracownik\u00f3w. Taki proces mo\u017cna zautomatyzowa\u0107 tak aby eksport danych generowa\u0142 si\u0119 bez nadzoru operatora [&hellip;]\" \/>\n<meta property=\"og:url\" content=\"https:\/\/bluetek.pl\/index.php\/dokumentacja\/integracja-z-innymi-programami\/\" \/>\n<meta property=\"og:site_name\" content=\"Systemy Rejestracji Czasu Pracy\" \/>\n<meta name=\"twitter:card\" content=\"summary_large_image\" \/>\n<meta name=\"twitter:label1\" content=\"Szacowany czas czytania\" \/>\n\t<meta name=\"twitter:data1\" content=\"2 minuty\" \/>\n<script type=\"application\/ld+json\" class=\"yoast-schema-graph\">{\"@context\":\"https:\/\/schema.org\",\"@graph\":[{\"@type\":\"WebPage\",\"@id\":\"https:\/\/bluetek.pl\/index.php\/dokumentacja\/integracja-z-innymi-programami\/\",\"url\":\"https:\/\/bluetek.pl\/index.php\/dokumentacja\/integracja-z-innymi-programami\/\",\"name\":\"Integracja z innymi programami - Systemy Rejestracji Czasu Pracy\",\"isPartOf\":{\"@id\":\"https:\/\/bluetek.pl\/#website\"},\"datePublished\":\"2020-12-23T11:06:47+00:00\",\"dateModified\":\"2020-12-23T11:06:47+00:00\",\"breadcrumb\":{\"@id\":\"https:\/\/bluetek.pl\/index.php\/dokumentacja\/integracja-z-innymi-programami\/#breadcrumb\"},\"inLanguage\":\"pl-PL\",\"potentialAction\":[{\"@type\":\"ReadAction\",\"target\":[\"https:\/\/bluetek.pl\/index.php\/dokumentacja\/integracja-z-innymi-programami\/\"]}]},{\"@type\":\"BreadcrumbList\",\"@id\":\"https:\/\/bluetek.pl\/index.php\/dokumentacja\/integracja-z-innymi-programami\/#breadcrumb\",\"itemListElement\":[{\"@type\":\"ListItem\",\"position\":1,\"name\":\"Strona g\u0142\u00f3wna\",\"item\":\"https:\/\/bluetek.pl\/\"},{\"@type\":\"ListItem\",\"position\":2,\"name\":\"Dokumentacja\",\"item\":\"https:\/\/bluetek.pl\/index.php\/dokumentacja\/\"},{\"@type\":\"ListItem\",\"position\":3,\"name\":\"Integracja z innymi programami\"}]},{\"@type\":\"WebSite\",\"@id\":\"https:\/\/bluetek.pl\/#website\",\"url\":\"https:\/\/bluetek.pl\/\",\"name\":\"Systemy Rejestracji Czasu Pracy\",\"description\":\"Czas si\u0119 liczy!\",\"publisher\":{\"@id\":\"https:\/\/bluetek.pl\/#organization\"},\"potentialAction\":[{\"@type\":\"SearchAction\",\"target\":{\"@type\":\"EntryPoint\",\"urlTemplate\":\"https:\/\/bluetek.pl\/?s={search_term_string}\"},\"query-input\":\"required name=search_term_string\"}],\"inLanguage\":\"pl-PL\"},{\"@type\":\"Organization\",\"@id\":\"https:\/\/bluetek.pl\/#organization\",\"name\":\"BLUETEK Miros\u0142aw Ksi\u0119\u017cyk\",\"url\":\"https:\/\/bluetek.pl\/\",\"logo\":{\"@type\":\"ImageObject\",\"inLanguage\":\"pl-PL\",\"@id\":\"https:\/\/bluetek.pl\/#\/schema\/logo\/image\/\",\"url\":\"https:\/\/bluetek.pl\/wp-content\/uploads\/2021\/04\/2018logo_250.png\",\"contentUrl\":\"https:\/\/bluetek.pl\/wp-content\/uploads\/2021\/04\/2018logo_250.png\",\"width\":250,\"height\":250,\"caption\":\"BLUETEK Miros\u0142aw Ksi\u0119\u017cyk\"},\"image\":{\"@id\":\"https:\/\/bluetek.pl\/#\/schema\/logo\/image\/\"}}]}<\/script>\n<!-- \/ Yoast SEO plugin. -->","yoast_head_json":{"title":"Integracja z innymi programami - Systemy Rejestracji Czasu Pracy","robots":{"index":"index","follow":"follow","max-snippet":"max-snippet:-1","max-image-preview":"max-image-preview:large","max-video-preview":"max-video-preview:-1"},"canonical":"https:\/\/bluetek.pl\/index.php\/dokumentacja\/integracja-z-innymi-programami\/","og_locale":"pl_PL","og_type":"article","og_title":"Integracja z innymi programami - Systemy Rejestracji Czasu Pracy","og_description":"Istnieje kilka mo\u017cliwo\u015b\u0107 dost\u0119pu do danych zebranych przez czytniki rejestracji czasu pracy: Eksport danych \u017ar\u00f3d\u0142owych Oprogramowanie zarz\u0105dzaj\u0105ce RAMS ma mo\u017cliwo\u015b\u0107 eksportu logu wej\u015b\u0107 oraz wyj\u015b\u0107 w postaci pliku tekstowego lub excel. Mo\u017cna r\u00f3wnie\u017c eksportowa\u0107 gotowy raport z wyliczon\u0105 ilo\u015bci\u0105 godzin dla pracownik\u00f3w. Taki proces mo\u017cna zautomatyzowa\u0107 tak aby eksport danych generowa\u0142 si\u0119 bez nadzoru operatora [&hellip;]","og_url":"https:\/\/bluetek.pl\/index.php\/dokumentacja\/integracja-z-innymi-programami\/","og_site_name":"Systemy Rejestracji Czasu Pracy","twitter_card":"summary_large_image","twitter_misc":{"Szacowany czas czytania":"2 minuty"},"schema":{"@context":"https:\/\/schema.org","@graph":[{"@type":"WebPage","@id":"https:\/\/bluetek.pl\/index.php\/dokumentacja\/integracja-z-innymi-programami\/","url":"https:\/\/bluetek.pl\/index.php\/dokumentacja\/integracja-z-innymi-programami\/","name":"Integracja z innymi programami - Systemy Rejestracji Czasu Pracy","isPartOf":{"@id":"https:\/\/bluetek.pl\/#website"},"datePublished":"2020-12-23T11:06:47+00:00","dateModified":"2020-12-23T11:06:47+00:00","breadcrumb":{"@id":"https:\/\/bluetek.pl\/index.php\/dokumentacja\/integracja-z-innymi-programami\/#breadcrumb"},"inLanguage":"pl-PL","potentialAction":[{"@type":"ReadAction","target":["https:\/\/bluetek.pl\/index.php\/dokumentacja\/integracja-z-innymi-programami\/"]}]},{"@type":"BreadcrumbList","@id":"https:\/\/bluetek.pl\/index.php\/dokumentacja\/integracja-z-innymi-programami\/#breadcrumb","itemListElement":[{"@type":"ListItem","position":1,"name":"Strona g\u0142\u00f3wna","item":"https:\/\/bluetek.pl\/"},{"@type":"ListItem","position":2,"name":"Dokumentacja","item":"https:\/\/bluetek.pl\/index.php\/dokumentacja\/"},{"@type":"ListItem","position":3,"name":"Integracja z innymi programami"}]},{"@type":"WebSite","@id":"https:\/\/bluetek.pl\/#website","url":"https:\/\/bluetek.pl\/","name":"Systemy Rejestracji Czasu Pracy","description":"Czas si\u0119 liczy!","publisher":{"@id":"https:\/\/bluetek.pl\/#organization"},"potentialAction":[{"@type":"SearchAction","target":{"@type":"EntryPoint","urlTemplate":"https:\/\/bluetek.pl\/?s={search_term_string}"},"query-input":"required name=search_term_string"}],"inLanguage":"pl-PL"},{"@type":"Organization","@id":"https:\/\/bluetek.pl\/#organization","name":"BLUETEK Miros\u0142aw Ksi\u0119\u017cyk","url":"https:\/\/bluetek.pl\/","logo":{"@type":"ImageObject","inLanguage":"pl-PL","@id":"https:\/\/bluetek.pl\/#\/schema\/logo\/image\/","url":"https:\/\/bluetek.pl\/wp-content\/uploads\/2021\/04\/2018logo_250.png","contentUrl":"https:\/\/bluetek.pl\/wp-content\/uploads\/2021\/04\/2018logo_250.png","width":250,"height":250,"caption":"BLUETEK Miros\u0142aw Ksi\u0119\u017cyk"},"image":{"@id":"https:\/\/bluetek.pl\/#\/schema\/logo\/image\/"}}]}},"_links":{"self":[{"href":"https:\/\/bluetek.pl\/index.php\/wp-json\/wp\/v2\/pages\/209"}],"collection":[{"href":"https:\/\/bluetek.pl\/index.php\/wp-json\/wp\/v2\/pages"}],"about":[{"href":"https:\/\/bluetek.pl\/index.php\/wp-json\/wp\/v2\/types\/page"}],"author":[{"embeddable":true,"href":"https:\/\/bluetek.pl\/index.php\/wp-json\/wp\/v2\/users\/1"}],"replies":[{"embeddable":true,"href":"https:\/\/bluetek.pl\/index.php\/wp-json\/wp\/v2\/comments?post=209"}],"version-history":[{"count":1,"href":"https:\/\/bluetek.pl\/index.php\/wp-json\/wp\/v2\/pages\/209\/revisions"}],"predecessor-version":[{"id":210,"href":"https:\/\/bluetek.pl\/index.php\/wp-json\/wp\/v2\/pages\/209\/revisions\/210"}],"up":[{"embeddable":true,"href":"https:\/\/bluetek.pl\/index.php\/wp-json\/wp\/v2\/pages\/172"}],"wp:attachment":[{"href":"https:\/\/bluetek.pl\/index.php\/wp-json\/wp\/v2\/media?parent=209"}],"curies":[{"name":"wp","href":"https:\/\/api.w.org\/{rel}","templated":true}]}}