{"id":207,"date":"2020-12-23T12:04:49","date_gmt":"2020-12-23T11:04:49","guid":{"rendered":"http:\/\/h4h.pl\/projekty\/realand.pl\/?page_id=207"},"modified":"2020-12-23T12:04:49","modified_gmt":"2020-12-23T11:04:49","slug":"integracja-z-enova-kadry","status":"publish","type":"page","link":"https:\/\/bluetek.pl\/index.php\/dokumentacja\/integracja-z-enova-kadry\/","title":{"rendered":"Integracja z Enova Kadry"},"content":{"rendered":"<p>Ekport danych jest dost\u0119pny przez aplikacje Report, format eksportu jest zgodny z opisanym poni\u017cej:<\/p>\n<p><a href=\"https:\/\/dok.enova365.pl\/Topic\/30942\">https:\/\/dok.enova365.pl\/Topic\/30942<\/a><\/p>\n<p>W programie zostanie on zdefiniowany nast\u0119puj\u0105co:<\/p>\n<blockquote><p>Format: XXXNNNNNNNNMMDDhhmmOO<br \/>\nWej\u015bcia: 20<br \/>\nS\u0142u\u017cbowe: 21<br \/>\nWyj\u015bcia: 30<br \/>\nS\u0142u\u017cbowe: 31<\/p><\/blockquote>\n<p>gdzie:<\/p>\n<blockquote><p>X &#8211; ignoruj,<br \/>\nN &#8211; numer karty,<br \/>\nM &#8211; miesi\u0105c,<br \/>\nD &#8211; dzie\u0144,<br \/>\nh &#8211; godzina,<br \/>\nm &#8211; minuta,<br \/>\nO &#8211; operacja,<br \/>\nR &#8211; rok.<\/p><\/blockquote>\n","protected":false},"excerpt":{"rendered":"<p>Ekport danych jest dost\u0119pny przez aplikacje Report, format eksportu jest zgodny z opisanym poni\u017cej: https:\/\/dok.enova365.pl\/Topic\/30942 W programie zostanie on zdefiniowany nast\u0119puj\u0105co: Format: XXXNNNNNNNNMMDDhhmmOO Wej\u015bcia: 20 S\u0142u\u017cbowe: 21 Wyj\u015bcia: 30 S\u0142u\u017cbowe: 31 gdzie: X &#8211; ignoruj, N &#8211; numer karty, M &#8211; miesi\u0105c, D &#8211; dzie\u0144, h &#8211; godzina, m &#8211; minuta, O &#8211; operacja, R [&hellip;]<\/p>\n","protected":false},"author":1,"featured_media":0,"parent":172,"menu_order":0,"comment_status":"closed","ping_status":"closed","template":"","meta":[],"yoast_head":"<!-- This site is optimized with the Yoast SEO plugin v19.9 - https:\/\/yoast.com\/wordpress\/plugins\/seo\/ -->\n<title>Integracja z Enova Kadry - Systemy Rejestracji Czasu Pracy<\/title>\n<meta name=\"robots\" content=\"index, follow, max-snippet:-1, max-image-preview:large, max-video-preview:-1\" \/>\n<link rel=\"canonical\" href=\"https:\/\/bluetek.pl\/index.php\/dokumentacja\/integracja-z-enova-kadry\/\" \/>\n<meta property=\"og:locale\" content=\"pl_PL\" \/>\n<meta property=\"og:type\" content=\"article\" \/>\n<meta property=\"og:title\" content=\"Integracja z Enova Kadry - Systemy Rejestracji Czasu Pracy\" \/>\n<meta property=\"og:description\" content=\"Ekport danych jest dost\u0119pny przez aplikacje Report, format eksportu jest zgodny z opisanym poni\u017cej: https:\/\/dok.enova365.pl\/Topic\/30942 W programie zostanie on zdefiniowany nast\u0119puj\u0105co: Format: XXXNNNNNNNNMMDDhhmmOO Wej\u015bcia: 20 S\u0142u\u017cbowe: 21 Wyj\u015bcia: 30 S\u0142u\u017cbowe: 31 gdzie: X &#8211; ignoruj, N &#8211; numer karty, M &#8211; miesi\u0105c, D &#8211; dzie\u0144, h &#8211; godzina, m &#8211; minuta, O &#8211; operacja, R [&hellip;]\" \/>\n<meta property=\"og:url\" content=\"https:\/\/bluetek.pl\/index.php\/dokumentacja\/integracja-z-enova-kadry\/\" \/>\n<meta property=\"og:site_name\" content=\"Systemy Rejestracji Czasu Pracy\" \/>\n<meta name=\"twitter:card\" content=\"summary_large_image\" \/>\n<script type=\"application\/ld+json\" class=\"yoast-schema-graph\">{\"@context\":\"https:\/\/schema.org\",\"@graph\":[{\"@type\":\"WebPage\",\"@id\":\"https:\/\/bluetek.pl\/index.php\/dokumentacja\/integracja-z-enova-kadry\/\",\"url\":\"https:\/\/bluetek.pl\/index.php\/dokumentacja\/integracja-z-enova-kadry\/\",\"name\":\"Integracja z Enova Kadry - Systemy Rejestracji Czasu Pracy\",\"isPartOf\":{\"@id\":\"https:\/\/bluetek.pl\/#website\"},\"datePublished\":\"2020-12-23T11:04:49+00:00\",\"dateModified\":\"2020-12-23T11:04:49+00:00\",\"breadcrumb\":{\"@id\":\"https:\/\/bluetek.pl\/index.php\/dokumentacja\/integracja-z-enova-kadry\/#breadcrumb\"},\"inLanguage\":\"pl-PL\",\"potentialAction\":[{\"@type\":\"ReadAction\",\"target\":[\"https:\/\/bluetek.pl\/index.php\/dokumentacja\/integracja-z-enova-kadry\/\"]}]},{\"@type\":\"BreadcrumbList\",\"@id\":\"https:\/\/bluetek.pl\/index.php\/dokumentacja\/integracja-z-enova-kadry\/#breadcrumb\",\"itemListElement\":[{\"@type\":\"ListItem\",\"position\":1,\"name\":\"Strona g\u0142\u00f3wna\",\"item\":\"https:\/\/bluetek.pl\/\"},{\"@type\":\"ListItem\",\"position\":2,\"name\":\"Dokumentacja\",\"item\":\"https:\/\/bluetek.pl\/index.php\/dokumentacja\/\"},{\"@type\":\"ListItem\",\"position\":3,\"name\":\"Integracja z Enova Kadry\"}]},{\"@type\":\"WebSite\",\"@id\":\"https:\/\/bluetek.pl\/#website\",\"url\":\"https:\/\/bluetek.pl\/\",\"name\":\"Systemy Rejestracji Czasu Pracy\",\"description\":\"Czas si\u0119 liczy!\",\"publisher\":{\"@id\":\"https:\/\/bluetek.pl\/#organization\"},\"potentialAction\":[{\"@type\":\"SearchAction\",\"target\":{\"@type\":\"EntryPoint\",\"urlTemplate\":\"https:\/\/bluetek.pl\/?s={search_term_string}\"},\"query-input\":\"required name=search_term_string\"}],\"inLanguage\":\"pl-PL\"},{\"@type\":\"Organization\",\"@id\":\"https:\/\/bluetek.pl\/#organization\",\"name\":\"BLUETEK Miros\u0142aw Ksi\u0119\u017cyk\",\"url\":\"https:\/\/bluetek.pl\/\",\"logo\":{\"@type\":\"ImageObject\",\"inLanguage\":\"pl-PL\",\"@id\":\"https:\/\/bluetek.pl\/#\/schema\/logo\/image\/\",\"url\":\"https:\/\/bluetek.pl\/wp-content\/uploads\/2021\/04\/2018logo_250.png\",\"contentUrl\":\"https:\/\/bluetek.pl\/wp-content\/uploads\/2021\/04\/2018logo_250.png\",\"width\":250,\"height\":250,\"caption\":\"BLUETEK Miros\u0142aw Ksi\u0119\u017cyk\"},\"image\":{\"@id\":\"https:\/\/bluetek.pl\/#\/schema\/logo\/image\/\"}}]}<\/script>\n<!-- \/ Yoast SEO plugin. -->","yoast_head_json":{"title":"Integracja z Enova Kadry - Systemy Rejestracji Czasu Pracy","robots":{"index":"index","follow":"follow","max-snippet":"max-snippet:-1","max-image-preview":"max-image-preview:large","max-video-preview":"max-video-preview:-1"},"canonical":"https:\/\/bluetek.pl\/index.php\/dokumentacja\/integracja-z-enova-kadry\/","og_locale":"pl_PL","og_type":"article","og_title":"Integracja z Enova Kadry - Systemy Rejestracji Czasu Pracy","og_description":"Ekport danych jest dost\u0119pny przez aplikacje Report, format eksportu jest zgodny z opisanym poni\u017cej: https:\/\/dok.enova365.pl\/Topic\/30942 W programie zostanie on zdefiniowany nast\u0119puj\u0105co: Format: XXXNNNNNNNNMMDDhhmmOO Wej\u015bcia: 20 S\u0142u\u017cbowe: 21 Wyj\u015bcia: 30 S\u0142u\u017cbowe: 31 gdzie: X &#8211; ignoruj, N &#8211; numer karty, M &#8211; miesi\u0105c, D &#8211; dzie\u0144, h &#8211; godzina, m &#8211; minuta, O &#8211; operacja, R [&hellip;]","og_url":"https:\/\/bluetek.pl\/index.php\/dokumentacja\/integracja-z-enova-kadry\/","og_site_name":"Systemy Rejestracji Czasu Pracy","twitter_card":"summary_large_image","schema":{"@context":"https:\/\/schema.org","@graph":[{"@type":"WebPage","@id":"https:\/\/bluetek.pl\/index.php\/dokumentacja\/integracja-z-enova-kadry\/","url":"https:\/\/bluetek.pl\/index.php\/dokumentacja\/integracja-z-enova-kadry\/","name":"Integracja z Enova Kadry - Systemy Rejestracji Czasu Pracy","isPartOf":{"@id":"https:\/\/bluetek.pl\/#website"},"datePublished":"2020-12-23T11:04:49+00:00","dateModified":"2020-12-23T11:04:49+00:00","breadcrumb":{"@id":"https:\/\/bluetek.pl\/index.php\/dokumentacja\/integracja-z-enova-kadry\/#breadcrumb"},"inLanguage":"pl-PL","potentialAction":[{"@type":"ReadAction","target":["https:\/\/bluetek.pl\/index.php\/dokumentacja\/integracja-z-enova-kadry\/"]}]},{"@type":"BreadcrumbList","@id":"https:\/\/bluetek.pl\/index.php\/dokumentacja\/integracja-z-enova-kadry\/#breadcrumb","itemListElement":[{"@type":"ListItem","position":1,"name":"Strona g\u0142\u00f3wna","item":"https:\/\/bluetek.pl\/"},{"@type":"ListItem","position":2,"name":"Dokumentacja","item":"https:\/\/bluetek.pl\/index.php\/dokumentacja\/"},{"@type":"ListItem","position":3,"name":"Integracja z Enova Kadry"}]},{"@type":"WebSite","@id":"https:\/\/bluetek.pl\/#website","url":"https:\/\/bluetek.pl\/","name":"Systemy Rejestracji Czasu Pracy","description":"Czas si\u0119 liczy!","publisher":{"@id":"https:\/\/bluetek.pl\/#organization"},"potentialAction":[{"@type":"SearchAction","target":{"@type":"EntryPoint","urlTemplate":"https:\/\/bluetek.pl\/?s={search_term_string}"},"query-input":"required name=search_term_string"}],"inLanguage":"pl-PL"},{"@type":"Organization","@id":"https:\/\/bluetek.pl\/#organization","name":"BLUETEK Miros\u0142aw Ksi\u0119\u017cyk","url":"https:\/\/bluetek.pl\/","logo":{"@type":"ImageObject","inLanguage":"pl-PL","@id":"https:\/\/bluetek.pl\/#\/schema\/logo\/image\/","url":"https:\/\/bluetek.pl\/wp-content\/uploads\/2021\/04\/2018logo_250.png","contentUrl":"https:\/\/bluetek.pl\/wp-content\/uploads\/2021\/04\/2018logo_250.png","width":250,"height":250,"caption":"BLUETEK Miros\u0142aw Ksi\u0119\u017cyk"},"image":{"@id":"https:\/\/bluetek.pl\/#\/schema\/logo\/image\/"}}]}},"_links":{"self":[{"href":"https:\/\/bluetek.pl\/index.php\/wp-json\/wp\/v2\/pages\/207"}],"collection":[{"href":"https:\/\/bluetek.pl\/index.php\/wp-json\/wp\/v2\/pages"}],"about":[{"href":"https:\/\/bluetek.pl\/index.php\/wp-json\/wp\/v2\/types\/page"}],"author":[{"embeddable":true,"href":"https:\/\/bluetek.pl\/index.php\/wp-json\/wp\/v2\/users\/1"}],"replies":[{"embeddable":true,"href":"https:\/\/bluetek.pl\/index.php\/wp-json\/wp\/v2\/comments?post=207"}],"version-history":[{"count":1,"href":"https:\/\/bluetek.pl\/index.php\/wp-json\/wp\/v2\/pages\/207\/revisions"}],"predecessor-version":[{"id":208,"href":"https:\/\/bluetek.pl\/index.php\/wp-json\/wp\/v2\/pages\/207\/revisions\/208"}],"up":[{"embeddable":true,"href":"https:\/\/bluetek.pl\/index.php\/wp-json\/wp\/v2\/pages\/172"}],"wp:attachment":[{"href":"https:\/\/bluetek.pl\/index.php\/wp-json\/wp\/v2\/media?parent=207"}],"curies":[{"name":"wp","href":"https:\/\/api.w.org\/{rel}","templated":true}]}}