{"id":200,"date":"2020-12-23T11:55:34","date_gmt":"2020-12-23T10:55:34","guid":{"rendered":"http:\/\/h4h.pl\/projekty\/realand.pl\/?page_id=200"},"modified":"2020-12-23T11:55:34","modified_gmt":"2020-12-23T10:55:34","slug":"integracja-z-vendo-erp","status":"publish","type":"page","link":"https:\/\/bluetek.pl\/index.php\/dokumentacja\/integracja-z-vendo-erp\/","title":{"rendered":"Integracja z VENDO.ERP"},"content":{"rendered":"<p><img decoding=\"async\" loading=\"lazy\" class=\"wp-image-201 alignright\" src=\"http:\/\/h4h.pl\/projekty\/realand.pl\/wp-content\/uploads\/2020\/12\/vendo1-241x300.png\" alt=\"\" width=\"218\" height=\"270\" srcset=\"https:\/\/bluetek.pl\/wp-content\/uploads\/2020\/12\/vendo1-241x300.png 241w, https:\/\/bluetek.pl\/wp-content\/uploads\/2020\/12\/vendo1.png 280w\" sizes=\"(max-width: 218px) 100vw, 218px\" \/><\/p>\n<p>Nasze systemy mo\u017cna integrowa\u0107 z <a href=\"https:\/\/www.cfi.pl\/vendo-erp\/\">VENDO.ERP<\/a> firmy CFI, daje nam to dok\u0142adne informacje dotycz\u0105ce czasu pracy dla dzia\u0142\u00f3w produkcyjnych.<\/p>\n<p>Dost\u0119pne s\u0105 dwa scenariusze integracji &#8211; przez dost\u0119p do zapis\u00f3w RCP w bazie SQL, lub przez import zapis\u00f3w z plik\u00f3w tekstowych.<br \/>\nRozwi\u0105zanie jest ju\u017c wdro\u017cone w wielu firmach i jest na tyle elastyczne, \u017ce \u0142atwo mo\u017cna je rozbudowa\u0107 o dodatkowe funkcjonalno\u015bci.<\/p>\n<p>Kliknij na <a href=\"https:\/\/www.cfi.pl\/vendo-erp-zintegrowane-z-rims\/\">link<\/a>, w celu uzyskania dodatkowych informacji na temat modu\u0142u integracji.<\/p>\n","protected":false},"excerpt":{"rendered":"<p>Nasze systemy mo\u017cna integrowa\u0107 z VENDO.ERP firmy CFI, daje nam to dok\u0142adne informacje dotycz\u0105ce czasu pracy dla dzia\u0142\u00f3w produkcyjnych. Dost\u0119pne s\u0105 dwa scenariusze integracji &#8211; przez dost\u0119p do zapis\u00f3w RCP w bazie SQL, lub przez import zapis\u00f3w z plik\u00f3w tekstowych. Rozwi\u0105zanie jest ju\u017c wdro\u017cone w wielu firmach i jest na tyle elastyczne, \u017ce \u0142atwo mo\u017cna [&hellip;]<\/p>\n","protected":false},"author":1,"featured_media":0,"parent":172,"menu_order":0,"comment_status":"closed","ping_status":"closed","template":"","meta":[],"yoast_head":"<!-- This site is optimized with the Yoast SEO plugin v19.9 - https:\/\/yoast.com\/wordpress\/plugins\/seo\/ -->\n<title>Integracja z VENDO.ERP - Systemy Rejestracji Czasu Pracy<\/title>\n<meta name=\"robots\" content=\"index, follow, max-snippet:-1, max-image-preview:large, max-video-preview:-1\" \/>\n<link rel=\"canonical\" href=\"https:\/\/bluetek.pl\/index.php\/dokumentacja\/integracja-z-vendo-erp\/\" \/>\n<meta property=\"og:locale\" content=\"pl_PL\" \/>\n<meta property=\"og:type\" content=\"article\" \/>\n<meta property=\"og:title\" content=\"Integracja z VENDO.ERP - Systemy Rejestracji Czasu Pracy\" \/>\n<meta property=\"og:description\" content=\"Nasze systemy mo\u017cna integrowa\u0107 z VENDO.ERP firmy CFI, daje nam to dok\u0142adne informacje dotycz\u0105ce czasu pracy dla dzia\u0142\u00f3w produkcyjnych. Dost\u0119pne s\u0105 dwa scenariusze integracji &#8211; przez dost\u0119p do zapis\u00f3w RCP w bazie SQL, lub przez import zapis\u00f3w z plik\u00f3w tekstowych. Rozwi\u0105zanie jest ju\u017c wdro\u017cone w wielu firmach i jest na tyle elastyczne, \u017ce \u0142atwo mo\u017cna [&hellip;]\" \/>\n<meta property=\"og:url\" content=\"https:\/\/bluetek.pl\/index.php\/dokumentacja\/integracja-z-vendo-erp\/\" \/>\n<meta property=\"og:site_name\" content=\"Systemy Rejestracji Czasu Pracy\" \/>\n<meta property=\"og:image\" content=\"http:\/\/h4h.pl\/projekty\/realand.pl\/wp-content\/uploads\/2020\/12\/vendo1-241x300.png\" \/>\n<meta name=\"twitter:card\" content=\"summary_large_image\" \/>\n<script type=\"application\/ld+json\" class=\"yoast-schema-graph\">{\"@context\":\"https:\/\/schema.org\",\"@graph\":[{\"@type\":\"WebPage\",\"@id\":\"https:\/\/bluetek.pl\/index.php\/dokumentacja\/integracja-z-vendo-erp\/\",\"url\":\"https:\/\/bluetek.pl\/index.php\/dokumentacja\/integracja-z-vendo-erp\/\",\"name\":\"Integracja z VENDO.ERP - Systemy Rejestracji Czasu Pracy\",\"isPartOf\":{\"@id\":\"https:\/\/bluetek.pl\/#website\"},\"datePublished\":\"2020-12-23T10:55:34+00:00\",\"dateModified\":\"2020-12-23T10:55:34+00:00\",\"breadcrumb\":{\"@id\":\"https:\/\/bluetek.pl\/index.php\/dokumentacja\/integracja-z-vendo-erp\/#breadcrumb\"},\"inLanguage\":\"pl-PL\",\"potentialAction\":[{\"@type\":\"ReadAction\",\"target\":[\"https:\/\/bluetek.pl\/index.php\/dokumentacja\/integracja-z-vendo-erp\/\"]}]},{\"@type\":\"BreadcrumbList\",\"@id\":\"https:\/\/bluetek.pl\/index.php\/dokumentacja\/integracja-z-vendo-erp\/#breadcrumb\",\"itemListElement\":[{\"@type\":\"ListItem\",\"position\":1,\"name\":\"Strona g\u0142\u00f3wna\",\"item\":\"https:\/\/bluetek.pl\/\"},{\"@type\":\"ListItem\",\"position\":2,\"name\":\"Dokumentacja\",\"item\":\"https:\/\/bluetek.pl\/index.php\/dokumentacja\/\"},{\"@type\":\"ListItem\",\"position\":3,\"name\":\"Integracja z VENDO.ERP\"}]},{\"@type\":\"WebSite\",\"@id\":\"https:\/\/bluetek.pl\/#website\",\"url\":\"https:\/\/bluetek.pl\/\",\"name\":\"Systemy Rejestracji Czasu Pracy\",\"description\":\"Czas si\u0119 liczy!\",\"publisher\":{\"@id\":\"https:\/\/bluetek.pl\/#organization\"},\"potentialAction\":[{\"@type\":\"SearchAction\",\"target\":{\"@type\":\"EntryPoint\",\"urlTemplate\":\"https:\/\/bluetek.pl\/?s={search_term_string}\"},\"query-input\":\"required name=search_term_string\"}],\"inLanguage\":\"pl-PL\"},{\"@type\":\"Organization\",\"@id\":\"https:\/\/bluetek.pl\/#organization\",\"name\":\"BLUETEK Miros\u0142aw Ksi\u0119\u017cyk\",\"url\":\"https:\/\/bluetek.pl\/\",\"logo\":{\"@type\":\"ImageObject\",\"inLanguage\":\"pl-PL\",\"@id\":\"https:\/\/bluetek.pl\/#\/schema\/logo\/image\/\",\"url\":\"https:\/\/bluetek.pl\/wp-content\/uploads\/2021\/04\/2018logo_250.png\",\"contentUrl\":\"https:\/\/bluetek.pl\/wp-content\/uploads\/2021\/04\/2018logo_250.png\",\"width\":250,\"height\":250,\"caption\":\"BLUETEK Miros\u0142aw Ksi\u0119\u017cyk\"},\"image\":{\"@id\":\"https:\/\/bluetek.pl\/#\/schema\/logo\/image\/\"}}]}<\/script>\n<!-- \/ Yoast SEO plugin. -->","yoast_head_json":{"title":"Integracja z VENDO.ERP - Systemy Rejestracji Czasu Pracy","robots":{"index":"index","follow":"follow","max-snippet":"max-snippet:-1","max-image-preview":"max-image-preview:large","max-video-preview":"max-video-preview:-1"},"canonical":"https:\/\/bluetek.pl\/index.php\/dokumentacja\/integracja-z-vendo-erp\/","og_locale":"pl_PL","og_type":"article","og_title":"Integracja z VENDO.ERP - Systemy Rejestracji Czasu Pracy","og_description":"Nasze systemy mo\u017cna integrowa\u0107 z VENDO.ERP firmy CFI, daje nam to dok\u0142adne informacje dotycz\u0105ce czasu pracy dla dzia\u0142\u00f3w produkcyjnych. Dost\u0119pne s\u0105 dwa scenariusze integracji &#8211; przez dost\u0119p do zapis\u00f3w RCP w bazie SQL, lub przez import zapis\u00f3w z plik\u00f3w tekstowych. Rozwi\u0105zanie jest ju\u017c wdro\u017cone w wielu firmach i jest na tyle elastyczne, \u017ce \u0142atwo mo\u017cna [&hellip;]","og_url":"https:\/\/bluetek.pl\/index.php\/dokumentacja\/integracja-z-vendo-erp\/","og_site_name":"Systemy Rejestracji Czasu Pracy","og_image":[{"url":"http:\/\/h4h.pl\/projekty\/realand.pl\/wp-content\/uploads\/2020\/12\/vendo1-241x300.png"}],"twitter_card":"summary_large_image","schema":{"@context":"https:\/\/schema.org","@graph":[{"@type":"WebPage","@id":"https:\/\/bluetek.pl\/index.php\/dokumentacja\/integracja-z-vendo-erp\/","url":"https:\/\/bluetek.pl\/index.php\/dokumentacja\/integracja-z-vendo-erp\/","name":"Integracja z VENDO.ERP - Systemy Rejestracji Czasu Pracy","isPartOf":{"@id":"https:\/\/bluetek.pl\/#website"},"datePublished":"2020-12-23T10:55:34+00:00","dateModified":"2020-12-23T10:55:34+00:00","breadcrumb":{"@id":"https:\/\/bluetek.pl\/index.php\/dokumentacja\/integracja-z-vendo-erp\/#breadcrumb"},"inLanguage":"pl-PL","potentialAction":[{"@type":"ReadAction","target":["https:\/\/bluetek.pl\/index.php\/dokumentacja\/integracja-z-vendo-erp\/"]}]},{"@type":"BreadcrumbList","@id":"https:\/\/bluetek.pl\/index.php\/dokumentacja\/integracja-z-vendo-erp\/#breadcrumb","itemListElement":[{"@type":"ListItem","position":1,"name":"Strona g\u0142\u00f3wna","item":"https:\/\/bluetek.pl\/"},{"@type":"ListItem","position":2,"name":"Dokumentacja","item":"https:\/\/bluetek.pl\/index.php\/dokumentacja\/"},{"@type":"ListItem","position":3,"name":"Integracja z VENDO.ERP"}]},{"@type":"WebSite","@id":"https:\/\/bluetek.pl\/#website","url":"https:\/\/bluetek.pl\/","name":"Systemy Rejestracji Czasu Pracy","description":"Czas si\u0119 liczy!","publisher":{"@id":"https:\/\/bluetek.pl\/#organization"},"potentialAction":[{"@type":"SearchAction","target":{"@type":"EntryPoint","urlTemplate":"https:\/\/bluetek.pl\/?s={search_term_string}"},"query-input":"required name=search_term_string"}],"inLanguage":"pl-PL"},{"@type":"Organization","@id":"https:\/\/bluetek.pl\/#organization","name":"BLUETEK Miros\u0142aw Ksi\u0119\u017cyk","url":"https:\/\/bluetek.pl\/","logo":{"@type":"ImageObject","inLanguage":"pl-PL","@id":"https:\/\/bluetek.pl\/#\/schema\/logo\/image\/","url":"https:\/\/bluetek.pl\/wp-content\/uploads\/2021\/04\/2018logo_250.png","contentUrl":"https:\/\/bluetek.pl\/wp-content\/uploads\/2021\/04\/2018logo_250.png","width":250,"height":250,"caption":"BLUETEK Miros\u0142aw Ksi\u0119\u017cyk"},"image":{"@id":"https:\/\/bluetek.pl\/#\/schema\/logo\/image\/"}}]}},"_links":{"self":[{"href":"https:\/\/bluetek.pl\/index.php\/wp-json\/wp\/v2\/pages\/200"}],"collection":[{"href":"https:\/\/bluetek.pl\/index.php\/wp-json\/wp\/v2\/pages"}],"about":[{"href":"https:\/\/bluetek.pl\/index.php\/wp-json\/wp\/v2\/types\/page"}],"author":[{"embeddable":true,"href":"https:\/\/bluetek.pl\/index.php\/wp-json\/wp\/v2\/users\/1"}],"replies":[{"embeddable":true,"href":"https:\/\/bluetek.pl\/index.php\/wp-json\/wp\/v2\/comments?post=200"}],"version-history":[{"count":1,"href":"https:\/\/bluetek.pl\/index.php\/wp-json\/wp\/v2\/pages\/200\/revisions"}],"predecessor-version":[{"id":202,"href":"https:\/\/bluetek.pl\/index.php\/wp-json\/wp\/v2\/pages\/200\/revisions\/202"}],"up":[{"embeddable":true,"href":"https:\/\/bluetek.pl\/index.php\/wp-json\/wp\/v2\/pages\/172"}],"wp:attachment":[{"href":"https:\/\/bluetek.pl\/index.php\/wp-json\/wp\/v2\/media?parent=200"}],"curies":[{"name":"wp","href":"https:\/\/api.w.org\/{rel}","templated":true}]}}