{"id":172,"date":"2020-12-23T11:17:25","date_gmt":"2020-12-23T10:17:25","guid":{"rendered":"http:\/\/h4h.pl\/projekty\/realand.pl\/?page_id=172"},"modified":"2020-12-23T20:10:38","modified_gmt":"2020-12-23T19:10:38","slug":"dokumentacja","status":"publish","type":"page","link":"https:\/\/bluetek.pl\/index.php\/dokumentacja\/","title":{"rendered":"Dokumentacja"},"content":{"rendered":"<p><img decoding=\"async\" loading=\"lazy\" class=\"aligncenter wp-image-354 size-medium\" src=\"http:\/\/bluetek.pl\/wp-content\/uploads\/2020\/12\/zestaw_naklejek-300x241.jpg\" alt=\"\" width=\"300\" height=\"241\" srcset=\"https:\/\/bluetek.pl\/wp-content\/uploads\/2020\/12\/zestaw_naklejek-300x241.jpg 300w, https:\/\/bluetek.pl\/wp-content\/uploads\/2020\/12\/zestaw_naklejek-768x616.jpg 768w, https:\/\/bluetek.pl\/wp-content\/uploads\/2020\/12\/zestaw_naklejek-416x334.jpg 416w, https:\/\/bluetek.pl\/wp-content\/uploads\/2020\/12\/zestaw_naklejek.jpg 1024w\" sizes=\"(max-width: 300px) 100vw, 300px\" \/><\/p>\n<p>Pe\u0142na dokumentacja do produkt\u00f3w znajduje si\u0119 na p\u0142ycie DVD dostarczanej wraz z rejestratorami.<\/p>\n","protected":false},"excerpt":{"rendered":"<p>Pe\u0142na dokumentacja do produkt\u00f3w znajduje si\u0119 na p\u0142ycie DVD dostarczanej wraz z rejestratorami.<\/p>\n","protected":false},"author":1,"featured_media":0,"parent":0,"menu_order":0,"comment_status":"closed","ping_status":"closed","template":"","meta":[],"yoast_head":"<!-- This site is optimized with the Yoast SEO plugin v19.9 - https:\/\/yoast.com\/wordpress\/plugins\/seo\/ -->\n<title>Dokumentacja - Systemy Rejestracji Czasu Pracy<\/title>\n<meta name=\"robots\" content=\"index, follow, max-snippet:-1, max-image-preview:large, max-video-preview:-1\" \/>\n<link rel=\"canonical\" href=\"https:\/\/bluetek.pl\/index.php\/dokumentacja\/\" \/>\n<meta property=\"og:locale\" content=\"pl_PL\" \/>\n<meta property=\"og:type\" content=\"article\" \/>\n<meta property=\"og:title\" content=\"Dokumentacja - Systemy Rejestracji Czasu Pracy\" \/>\n<meta property=\"og:description\" content=\"Pe\u0142na dokumentacja do produkt\u00f3w znajduje si\u0119 na p\u0142ycie DVD dostarczanej wraz z rejestratorami.\" \/>\n<meta property=\"og:url\" content=\"https:\/\/bluetek.pl\/index.php\/dokumentacja\/\" \/>\n<meta property=\"og:site_name\" content=\"Systemy Rejestracji Czasu Pracy\" \/>\n<meta property=\"article:modified_time\" content=\"2020-12-23T19:10:38+00:00\" \/>\n<meta property=\"og:image\" content=\"http:\/\/bluetek.pl\/wp-content\/uploads\/2020\/12\/zestaw_naklejek-300x241.jpg\" \/>\n<meta name=\"twitter:card\" content=\"summary_large_image\" \/>\n<script type=\"application\/ld+json\" class=\"yoast-schema-graph\">{\"@context\":\"https:\/\/schema.org\",\"@graph\":[{\"@type\":\"WebPage\",\"@id\":\"https:\/\/bluetek.pl\/index.php\/dokumentacja\/\",\"url\":\"https:\/\/bluetek.pl\/index.php\/dokumentacja\/\",\"name\":\"Dokumentacja - Systemy Rejestracji Czasu Pracy\",\"isPartOf\":{\"@id\":\"https:\/\/bluetek.pl\/#website\"},\"datePublished\":\"2020-12-23T10:17:25+00:00\",\"dateModified\":\"2020-12-23T19:10:38+00:00\",\"breadcrumb\":{\"@id\":\"https:\/\/bluetek.pl\/index.php\/dokumentacja\/#breadcrumb\"},\"inLanguage\":\"pl-PL\",\"potentialAction\":[{\"@type\":\"ReadAction\",\"target\":[\"https:\/\/bluetek.pl\/index.php\/dokumentacja\/\"]}]},{\"@type\":\"BreadcrumbList\",\"@id\":\"https:\/\/bluetek.pl\/index.php\/dokumentacja\/#breadcrumb\",\"itemListElement\":[{\"@type\":\"ListItem\",\"position\":1,\"name\":\"Strona g\u0142\u00f3wna\",\"item\":\"https:\/\/bluetek.pl\/\"},{\"@type\":\"ListItem\",\"position\":2,\"name\":\"Dokumentacja\"}]},{\"@type\":\"WebSite\",\"@id\":\"https:\/\/bluetek.pl\/#website\",\"url\":\"https:\/\/bluetek.pl\/\",\"name\":\"Systemy Rejestracji Czasu Pracy\",\"description\":\"Czas si\u0119 liczy!\",\"publisher\":{\"@id\":\"https:\/\/bluetek.pl\/#organization\"},\"potentialAction\":[{\"@type\":\"SearchAction\",\"target\":{\"@type\":\"EntryPoint\",\"urlTemplate\":\"https:\/\/bluetek.pl\/?s={search_term_string}\"},\"query-input\":\"required name=search_term_string\"}],\"inLanguage\":\"pl-PL\"},{\"@type\":\"Organization\",\"@id\":\"https:\/\/bluetek.pl\/#organization\",\"name\":\"BLUETEK Miros\u0142aw Ksi\u0119\u017cyk\",\"url\":\"https:\/\/bluetek.pl\/\",\"logo\":{\"@type\":\"ImageObject\",\"inLanguage\":\"pl-PL\",\"@id\":\"https:\/\/bluetek.pl\/#\/schema\/logo\/image\/\",\"url\":\"https:\/\/bluetek.pl\/wp-content\/uploads\/2021\/04\/2018logo_250.png\",\"contentUrl\":\"https:\/\/bluetek.pl\/wp-content\/uploads\/2021\/04\/2018logo_250.png\",\"width\":250,\"height\":250,\"caption\":\"BLUETEK Miros\u0142aw Ksi\u0119\u017cyk\"},\"image\":{\"@id\":\"https:\/\/bluetek.pl\/#\/schema\/logo\/image\/\"}}]}<\/script>\n<!-- \/ Yoast SEO plugin. -->","yoast_head_json":{"title":"Dokumentacja - Systemy Rejestracji Czasu Pracy","robots":{"index":"index","follow":"follow","max-snippet":"max-snippet:-1","max-image-preview":"max-image-preview:large","max-video-preview":"max-video-preview:-1"},"canonical":"https:\/\/bluetek.pl\/index.php\/dokumentacja\/","og_locale":"pl_PL","og_type":"article","og_title":"Dokumentacja - Systemy Rejestracji Czasu Pracy","og_description":"Pe\u0142na dokumentacja do produkt\u00f3w znajduje si\u0119 na p\u0142ycie DVD dostarczanej wraz z rejestratorami.","og_url":"https:\/\/bluetek.pl\/index.php\/dokumentacja\/","og_site_name":"Systemy Rejestracji Czasu Pracy","article_modified_time":"2020-12-23T19:10:38+00:00","og_image":[{"url":"http:\/\/bluetek.pl\/wp-content\/uploads\/2020\/12\/zestaw_naklejek-300x241.jpg"}],"twitter_card":"summary_large_image","schema":{"@context":"https:\/\/schema.org","@graph":[{"@type":"WebPage","@id":"https:\/\/bluetek.pl\/index.php\/dokumentacja\/","url":"https:\/\/bluetek.pl\/index.php\/dokumentacja\/","name":"Dokumentacja - Systemy Rejestracji Czasu Pracy","isPartOf":{"@id":"https:\/\/bluetek.pl\/#website"},"datePublished":"2020-12-23T10:17:25+00:00","dateModified":"2020-12-23T19:10:38+00:00","breadcrumb":{"@id":"https:\/\/bluetek.pl\/index.php\/dokumentacja\/#breadcrumb"},"inLanguage":"pl-PL","potentialAction":[{"@type":"ReadAction","target":["https:\/\/bluetek.pl\/index.php\/dokumentacja\/"]}]},{"@type":"BreadcrumbList","@id":"https:\/\/bluetek.pl\/index.php\/dokumentacja\/#breadcrumb","itemListElement":[{"@type":"ListItem","position":1,"name":"Strona g\u0142\u00f3wna","item":"https:\/\/bluetek.pl\/"},{"@type":"ListItem","position":2,"name":"Dokumentacja"}]},{"@type":"WebSite","@id":"https:\/\/bluetek.pl\/#website","url":"https:\/\/bluetek.pl\/","name":"Systemy Rejestracji Czasu Pracy","description":"Czas si\u0119 liczy!","publisher":{"@id":"https:\/\/bluetek.pl\/#organization"},"potentialAction":[{"@type":"SearchAction","target":{"@type":"EntryPoint","urlTemplate":"https:\/\/bluetek.pl\/?s={search_term_string}"},"query-input":"required name=search_term_string"}],"inLanguage":"pl-PL"},{"@type":"Organization","@id":"https:\/\/bluetek.pl\/#organization","name":"BLUETEK Miros\u0142aw Ksi\u0119\u017cyk","url":"https:\/\/bluetek.pl\/","logo":{"@type":"ImageObject","inLanguage":"pl-PL","@id":"https:\/\/bluetek.pl\/#\/schema\/logo\/image\/","url":"https:\/\/bluetek.pl\/wp-content\/uploads\/2021\/04\/2018logo_250.png","contentUrl":"https:\/\/bluetek.pl\/wp-content\/uploads\/2021\/04\/2018logo_250.png","width":250,"height":250,"caption":"BLUETEK Miros\u0142aw Ksi\u0119\u017cyk"},"image":{"@id":"https:\/\/bluetek.pl\/#\/schema\/logo\/image\/"}}]}},"_links":{"self":[{"href":"https:\/\/bluetek.pl\/index.php\/wp-json\/wp\/v2\/pages\/172"}],"collection":[{"href":"https:\/\/bluetek.pl\/index.php\/wp-json\/wp\/v2\/pages"}],"about":[{"href":"https:\/\/bluetek.pl\/index.php\/wp-json\/wp\/v2\/types\/page"}],"author":[{"embeddable":true,"href":"https:\/\/bluetek.pl\/index.php\/wp-json\/wp\/v2\/users\/1"}],"replies":[{"embeddable":true,"href":"https:\/\/bluetek.pl\/index.php\/wp-json\/wp\/v2\/comments?post=172"}],"version-history":[{"count":3,"href":"https:\/\/bluetek.pl\/index.php\/wp-json\/wp\/v2\/pages\/172\/revisions"}],"predecessor-version":[{"id":356,"href":"https:\/\/bluetek.pl\/index.php\/wp-json\/wp\/v2\/pages\/172\/revisions\/356"}],"wp:attachment":[{"href":"https:\/\/bluetek.pl\/index.php\/wp-json\/wp\/v2\/media?parent=172"}],"curies":[{"name":"wp","href":"https:\/\/api.w.org\/{rel}","templated":true}]}}